{"id":20412,"date":"2021-10-09T04:47:01","date_gmt":"2021-10-08T21:47:01","guid":{"rendered":"https:\/\/mouldking.store\/shop\/moc-40476-paris-boulangerie-studio-modular-building-by-tkel86-moc-factory\/"},"modified":"2025-12-25T09:25:21","modified_gmt":"2025-12-25T02:25:21","slug":"moc-40476-paris-boulangerie-studio-modular-building-by-tkel86-moc-factory","status":"publish","type":"product","link":"https:\/\/mouldking.store\/vi\/shop\/moc-40476-paris-boulangerie-studio-modular-building-by-tkel86-moc-factory\/","title":{"rendered":"MOC-40476 Paris Boulangerie &amp; Studio Modular Building c\u1ee7a tkel86 MOC FACTORY"},"content":{"rendered":"<p>N\u00f3 l\u1ea1i l\u00e0 m\u1ed9t g\u00f3c h\u1ebbo l\u00e1nh, v\u1edbi m\u1ed9t b\u1ebfp b\u00e1nh ng\u1ecdt \u1edf t\u1ea7ng tr\u1ec7t, m\u1ed9t studio ch\u1ee5p \u1ea3nh \u1edf t\u1ea7ng ch\u00ednh, v\u00e0 tr\u00ean t\u1ea7ng hai l\u00e0 n\u01a1i l\u00e0m vi\u1ec7c v\u00e0 kh\u00f4ng gian \u0111\u1ec3 x\u1eed l\u00fd c\u00e1c b\u1ee9c \u1ea3nh.<\/p>\n<figure id=\"attachment_26847\" aria-describedby=\"caption-attachment-26847\" style=\"width: 800px\" class=\"wp-caption aligncenter\"><img fetchpriority=\"high\" decoding=\"async\" class=\"wp-image-26847 size-full\" src=\"https:\/\/mocfactory.com\/wp-content\/uploads\/2020\/12\/New-Project-2020-07-07T214947.749-1.png\" alt=\"MOC-40476 Modular Building Paris Boulangerie And Studio Designer tkel86 MOC FACTORY\" width=\"800\" height=\"800\" title=\"-\"><figcaption id=\"caption-attachment-26847\" class=\"wp-caption-text\">MOC-40476 T\u00f2a nh\u00e0 m\u00f4-\u0111un Paris Boulangerie And Studio Designer tkel86 MOC FACTORY<\/figcaption><\/figure>\n<figure id=\"attachment_26848\" aria-describedby=\"caption-attachment-26848\" style=\"width: 800px\" class=\"wp-caption aligncenter\"><img decoding=\"async\" class=\"wp-image-26848 size-full\" src=\"https:\/\/mocfactory.com\/wp-content\/uploads\/2020\/12\/New-Project-2020-07-07T215044.068-1.png\" alt=\"MOC-40476 Modular Building Paris Boulangerie And Studio Designer tkel86 MOC FACTORY\" width=\"800\" height=\"800\" title=\"-\"><figcaption id=\"caption-attachment-26848\" class=\"wp-caption-text\">MOC-40476 T\u00f2a nh\u00e0 m\u00f4-\u0111un Paris Boulangerie And Studio Designer tkel86 MOC FACTORY<\/figcaption><\/figure>\n<figure id=\"attachment_26849\" aria-describedby=\"caption-attachment-26849\" style=\"width: 800px\" class=\"wp-caption aligncenter\"><img decoding=\"async\" class=\"wp-image-26849 size-full\" src=\"https:\/\/mocfactory.com\/wp-content\/uploads\/2020\/12\/New-Project-2020-07-07T215019.068-1.png\" alt=\"MOC-40476 Modular Building Paris Boulangerie And Studio Designer tkel86 MOC FACTORY\" width=\"800\" height=\"800\" title=\"-\"><figcaption id=\"caption-attachment-26849\" class=\"wp-caption-text\">MOC-40476 T\u00f2a nh\u00e0 m\u00f4-\u0111un Paris Boulangerie And Studio Designer tkel86 MOC FACTORY<\/figcaption><\/figure>","protected":false},"excerpt":{"rendered":"<ul>\n<li>Bao g\u1ed3m <strong>4204<\/strong><strong>+<\/strong> chi\u1ebfc<\/li>\n<li>H\u01b0\u1edbng d\u1eabn PDF tr\u1ef1c tuy\u1ebfn<\/li>\n<li>Kh\u1ed1i ABS ch\u1ea5t l\u01b0\u1ee3ng cao<\/li>\n<li>Th\u1eddi gian s\u1eafp x\u1ebfp: 4-8 tu\u1ea7n<\/li>\n<\/ul>","protected":false},"featured_media":20409,"comment_status":"open","ping_status":"closed","template":"","meta":{"_acf_changed":false},"product_cat":[390],"product_tag":[],"class_list":["product","first","instock","shipping-taxable","purchasable","product-type-simple"],"acf":[],"_links":{"self":[{"href":"https:\/\/mouldking.store\/vi\/wp-json\/wp\/v2\/product\/20412","targetHints":{"allow":["GET"]}}],"collection":[{"href":"https:\/\/mouldking.store\/vi\/wp-json\/wp\/v2\/product"}],"about":[{"href":"https:\/\/mouldking.store\/vi\/wp-json\/wp\/v2\/types\/product"}],"replies":[{"embeddable":true,"href":"https:\/\/mouldking.store\/vi\/wp-json\/wp\/v2\/comments?post=20412"}],"wp:featuredmedia":[{"embeddable":true,"href":"https:\/\/mouldking.store\/vi\/wp-json\/wp\/v2\/media\/20409"}],"wp:attachment":[{"href":"https:\/\/mouldking.store\/vi\/wp-json\/wp\/v2\/media?parent=20412"}],"wp:term":[{"taxonomy":"product_cat","embeddable":true,"href":"https:\/\/mouldking.store\/vi\/wp-json\/wp\/v2\/product_cat?post=20412"},{"taxonomy":"product_tag","embeddable":true,"href":"https:\/\/mouldking.store\/vi\/wp-json\/wp\/v2\/product_tag?post=20412"}],"curies":[{"name":"wp","href":"https:\/\/api.w.org\/{rel}","templated":true}]}}