{"id":20424,"date":"2021-10-09T04:48:26","date_gmt":"2021-10-08T21:48:26","guid":{"rendered":"https:\/\/mouldking.store\/shop\/moc-4162-8053-forwarder-technic-by-tomik-moc-factory\/"},"modified":"2025-12-25T09:25:21","modified_gmt":"2025-12-25T02:25:21","slug":"moc-4162-8053-forwarder-technic-by-tomik-moc-factory","status":"publish","type":"product","link":"https:\/\/mouldking.store\/vi\/shop\/moc-4162-8053-forwarder-technic-by-tomik-moc-factory\/","title":{"rendered":"MOC-4162 8053: Forwarder Technic by Tomik MOC FACTORY"},"content":{"rendered":"<p>C\u00f4ng c\u1ee5 giao nh\u1eadn nh\u1eadt k\u00fd v\u1eadn chuy\u1ec3n n\u00e0y \u0111\u01b0\u1ee3c Noe NF410 k\u00edch ho\u1ea1t v\u00e0 \u0111\u00e2y l\u00e0 m\u00f4 h\u00ecnh \u0111\u1ea7u ti\u00ean c\u1ee7a t\u00f4i ho\u1ea1t \u0111\u1ed9ng v\u1edbi h\u01a1n 1000 ph\u1ea7n. \u0110i\u1ec3m n\u1ed5i b\u1eadt c\u1ee7a ng\u01b0\u1eddi giao nh\u1eadn \u0111\u01b0\u1ee3c ph\u00e1t bi\u1ec3u ch\u1ec9 \u0111\u1ea1o b\u1ecb h\u1ea1n ch\u1ebf b\u1edfi thi\u1ebft b\u1ecb tr\u00ean \u0111\u1ea7u xe taxi, n\u00e2ng m\u00e9p tr\u01b0\u1edbc b\u1ecb h\u1ea1n ch\u1ebf b\u1edfi \u0111\u1ea7u n\u1ed1i trung t\u00e2m tr\u00ean mui xe, n\u00e2ng c\u1ea7n tr\u1ee5c b\u1ecb h\u1ea1n ch\u1ebf b\u1edfi hai thi\u1ebft b\u1ecb \u1edf b\u00ean d\u01b0\u1edbi c\u1ea7n tr\u1ee5c, chuy\u1ec3n h\u01b0\u1edbng n\u1ed5 b\u1ecb h\u1ea1n ch\u1ebf b\u1edfi \u0111\u1ea7u n\u1ed1i trung t\u00e2m \u1edf b\u00ean d\u01b0\u1edbi c\u1ea7n tr\u1ee5c, m\u1edf m\u00f3c b\u1ecb h\u1ea1n ch\u1ebf b\u1edfi \u0111\u1ea7u n\u1ed1i trung t\u00e2m v\u1ec1 ph\u00eda ch\u1ed7 b\u1eaft v\u00e0 quay \u0111\u1ea7u trong xe taxi. M\u00f4 h\u00ecnh \u0111\u01b0\u1ee3c t\u0103ng c\u01b0\u1eddng v\u1edbi m\u1ed9t b\u1ea3n ghi.<\/p>\n<p><img fetchpriority=\"high\" decoding=\"async\" class=\"alignnone size-full wp-image-193626\" src=\"https:\/\/pay.lpwstore.com\/wp-content\/uploads\/2020\/07\/New-Project-8.png\" alt=\"MOC-4162\" width=\"800\" height=\"800\" title=\"-\"><\/p>","protected":false},"excerpt":{"rendered":"<ul>\n<li>Bao g\u1ed3m\u00a0<strong>1037+<\/strong>\u00a0chi\u1ebfc<\/li>\n<li>S\u00e1ch h\u01b0\u1edbng d\u1eabn PDF<\/li>\n<li>Kh\u1ed1i ABS ch\u1ea5t l\u01b0\u1ee3ng cao<\/li>\n<\/ul>","protected":false},"featured_media":20423,"comment_status":"open","ping_status":"closed","template":"","meta":{"_acf_changed":false},"product_cat":[364],"product_tag":[],"class_list":["product","first","instock","shipping-taxable","purchasable","product-type-simple"],"acf":[],"_links":{"self":[{"href":"https:\/\/mouldking.store\/vi\/wp-json\/wp\/v2\/product\/20424","targetHints":{"allow":["GET"]}}],"collection":[{"href":"https:\/\/mouldking.store\/vi\/wp-json\/wp\/v2\/product"}],"about":[{"href":"https:\/\/mouldking.store\/vi\/wp-json\/wp\/v2\/types\/product"}],"replies":[{"embeddable":true,"href":"https:\/\/mouldking.store\/vi\/wp-json\/wp\/v2\/comments?post=20424"}],"wp:featuredmedia":[{"embeddable":true,"href":"https:\/\/mouldking.store\/vi\/wp-json\/wp\/v2\/media\/20423"}],"wp:attachment":[{"href":"https:\/\/mouldking.store\/vi\/wp-json\/wp\/v2\/media?parent=20424"}],"wp:term":[{"taxonomy":"product_cat","embeddable":true,"href":"https:\/\/mouldking.store\/vi\/wp-json\/wp\/v2\/product_cat?post=20424"},{"taxonomy":"product_tag","embeddable":true,"href":"https:\/\/mouldking.store\/vi\/wp-json\/wp\/v2\/product_tag?post=20424"}],"curies":[{"name":"wp","href":"https:\/\/api.w.org\/{rel}","templated":true}]}}