{"id":20440,"date":"2021-10-09T04:49:11","date_gmt":"2021-10-08T21:49:11","guid":{"rendered":"https:\/\/mouldking.store\/shop\/moc-37840-ucs-razor-crest-by-papaglop-moc-factory\/"},"modified":"2025-12-25T09:25:21","modified_gmt":"2025-12-25T02:25:21","slug":"moc-37840-ucs-razor-crest-by-papaglop-moc-factory","status":"publish","type":"product","link":"https:\/\/mouldking.store\/vi\/shop\/moc-37840-ucs-razor-crest-by-papaglop-moc-factory\/","title":{"rendered":"MOC 37840 UCS Razor Crest c\u1ee7a Papaglop MOC FACTORY"},"content":{"rendered":"<p><strong>TH\u00d4NG TIN S\u1ea2N PH\u1ea8M<\/strong><\/p>\n<p>MOC 37840 UCS Razor Crest by Papaglop MOC FACTORY is based\u00a0 on a famous Star ship in the series film Star Wars, MOC 37840 designed by dropey1479 in rebrickable, with some small modified and NO INCLUDE MINIFIGURES.\u00a0 It&#8217;s an awesome Brick set MOC 37840 UCS Razor Crest by Papaglop MOC FACTORY<\/p>\n<figure id=\"attachment_193719\" class=\"wp-caption alignnone\" style=\"width: 640px\" aria-describedby=\"caption-attachment-193719\"><figcaption id=\"caption-attachment-193719\" class=\"wp-caption-text\">\n<figure id=\"attachment_26274\" aria-describedby=\"caption-attachment-26274\" style=\"width: 800px\" class=\"wp-caption aligncenter\"><img fetchpriority=\"high\" decoding=\"async\" class=\"wp-image-26274 size-full\" src=\"https:\/\/mocfactory.com\/wp-content\/uploads\/2020\/12\/MOC-37840-Star-Wars-UCS-Razor-Crest-Designer-Papaglop.jpg\" alt=\"MOC-37840 Star Wars UCS Razor Crest - Designer Papaglop\" width=\"800\" height=\"800\" title=\"-\"><figcaption id=\"caption-attachment-26274\" class=\"wp-caption-text\">MOC-37840 Star Wars UCS Razor Crest &#8211; Designer Papaglop<\/figcaption><\/figure>\n<figure id=\"attachment_26275\" aria-describedby=\"caption-attachment-26275\" style=\"width: 800px\" class=\"wp-caption aligncenter\"><img decoding=\"async\" class=\"wp-image-26275 size-full\" src=\"https:\/\/mocfactory.com\/wp-content\/uploads\/2020\/12\/MOC-37840-Star-Wars-UCS-Razor-Crest-Designer-Papaglop-4.jpg\" alt=\"MOC-37840 Star Wars UCS Razor Crest - Designer Papaglop\" width=\"800\" height=\"800\" title=\"-\"><figcaption id=\"caption-attachment-26275\" class=\"wp-caption-text\">MOC-37840 Star Wars UCS Razor Crest &#8211; Designer Papaglop<\/figcaption><\/figure>\n<figure id=\"attachment_26276\" aria-describedby=\"caption-attachment-26276\" style=\"width: 800px\" class=\"wp-caption aligncenter\"><img decoding=\"async\" class=\"wp-image-26276 size-full\" src=\"https:\/\/mocfactory.com\/wp-content\/uploads\/2020\/12\/MOC-37840-Star-Wars-UCS-Razor-Crest-Designer-Papaglop-2.jpg\" alt=\"MOC-37840 Star Wars UCS Razor Crest - Designer Papaglop\" width=\"800\" height=\"800\" title=\"-\"><figcaption id=\"caption-attachment-26276\" class=\"wp-caption-text\">MOC-37840 Star Wars UCS Razor Crest &#8211; Designer Papaglop<\/figcaption><\/figure>\n<figure id=\"attachment_26277\" aria-describedby=\"caption-attachment-26277\" style=\"width: 800px\" class=\"wp-caption aligncenter\"><img loading=\"lazy\" decoding=\"async\" class=\"wp-image-26277 size-full\" src=\"https:\/\/mocfactory.com\/wp-content\/uploads\/2020\/12\/MOC-37840-Star-Wars-UCS-Razor-Crest-Designer-Papaglop-3.jpg\" alt=\"MOC-37840 Star Wars UCS Razor Crest - Designer Papaglop\" width=\"800\" height=\"800\" title=\"-\"><figcaption id=\"caption-attachment-26277\" class=\"wp-caption-text\">MOC-37840 Star Wars UCS Razor Crest &#8211; Designer Papaglop<\/figcaption><\/figure>\n<\/figcaption><\/figure>\n<blockquote><p>MOC Number: 37840<br \/>\nName of MOC: UCS Razor Crest by Papaglop<br \/>\nDesigned by: papaglop<br \/>\nDesigned Year:\u00a0 2020<br \/>\nNumber of parts: 4190 parts<br \/>\nCategory: Star Wars &gt; Ultimate Collector Series<\/p><\/blockquote>\n<p>&nbsp;<\/p>\n<ul>\n<li>+ 4190\u00a0 pieces made from high-quality 100% ABS plastic bricks, safe for children, long time to play, 100% compatible with other brick brands<\/li>\n<li><span style=\"font-size: 14.4px\">Easy-to-build with manual instruction of MOC 37840 UCS Razor Crest by Papaglop MOC FACTORY <\/span><span style=\"font-size: 14.4px;color: #555555\">v\u1edbi g\u1ea1ch b\u1eb1ng g\u1ea1ch h\u01b0\u1edbng d\u1eabn v\u00e0 h\u00ecnh \u1ea3nh ch\u1ea5t l\u01b0\u1ee3ng cao<\/span><\/li>\n<li><span style=\"font-size: 14.4px\">Full dimensions of MOC 37840 UCS Razor Crest by Papaglop MOC FACTORY<\/span><\/li>\n<\/ul>\n<h4><strong>B\u1ea2O \u0110\u1ea2M<\/strong><\/h4>\n<p>We guarantee for MOC 37840 UCS Razor Crest by Papaglop MOC FACTORY<\/p>\n<ul>\n<li>Ho\u00e0n tr\u1ea3 \u0111\u1ea7y \u0111\u1ee7 n\u1ebfu kh\u00f4ng nh\u1eadn \u0111\u01b0\u1ee3c \u0111\u01a1n \u0111\u1eb7t h\u00e0ng c\u1ee7a b\u1ea1n<\/li>\n<li>Cung c\u1ea5p mi\u1ec5n ph\u00ed c\u00e1c ph\u1ea7n c\u00f2n thi\u1ebfu ho\u1eb7c s\u00e1ch h\u01b0\u1edbng d\u1eabn<\/li>\n<li>Kh\u00e1ch h\u00e0ng s\u1ebd kh\u00f4ng ph\u1ea3i tr\u1ea3 th\u00eam b\u1ea5t k\u1ef3 kho\u1ea3n thu\u1ebf v\u00e0 l\u1ec7 ph\u00ed h\u1ea3i quan n\u00e0o. (N\u1ebfu b\u1ea1n ph\u1ea3i tr\u1ea3 ti\u1ec1n, ch\u00fang t\u00f4i s\u1ebd ho\u00e0n l\u1ea1i ti\u1ec1n cho b\u1ea1n)<\/li>\n<li>V\u1eadn chuy\u1ec3n qu\u1ed1c t\u1ebf kh\u00e1 ph\u1ee9c t\u1ea1p, ch\u00fang t\u00f4i c\u1ed1 g\u1eafng h\u1ebft s\u1ee9c \u0111\u1ec3 x\u1eed l\u00fd t\u1ea5t c\u1ea3 c\u00e1c v\u1ea5n \u0111\u1ec1 c\u1ee7a b\u1ea1n. Tuy nhi\u00ean, n\u1ebfu \u0111\u01a1n \u0111\u1eb7t h\u00e0ng c\u1ee7a b\u1ea1n g\u1eb7p m\u1ed9t s\u1ed1 r\u1eafc r\u1ed1i, vui l\u00f2ng li\u00ean h\u1ec7 v\u1edbi ch\u00fang t\u00f4i qua email<\/li>\n<li><span data-text-color=\"alert\"><strong>H\u1ee7y \u0111\u01a1n h\u00e0ng:<\/strong><\/span> N\u1ebfu c\u1ea7n h\u1ee7y \u0111\u01a1n h\u00e0ng, b\u1ea1n c\u1ea7n li\u00ean h\u1ec7 v\u1edbi ch\u00fang t\u00f4i qua email contact@pay.lpwstore.com c\u00e0ng s\u1edbm c\u00e0ng t\u1ed1t. Ch\u00fang t\u00f4i kh\u00f4ng th\u1ec3 d\u1eebng \u0111\u1eb7t h\u00e0ng cho \u0111\u1ebfn 48 gi\u1edd<\/li>\n<\/ul>\n<h4><strong>\u0110ANG CHUY\u1ec2N H\u00c0NG<\/strong><\/h4>\n<p>MOC 37840 UCS Razor Crest by Papaglop MOC FACTORY will be ready for ship in SEPTEMBER 2020. Please wait for us. If you want to cancel the pre-order, contact us via email, we will full refund to you<\/p>\n<h4><strong>NH\u1eeeNG PH\u1ea6N C\u00d2N THI\u1ebeU<\/strong><\/h4>\n<p>All parts of MOC 37840 UCS Razor Crest by Papaglop MOC FACTORY \u00a0are quality checked before shipping, so if you find some missing or damaged parts, don&#8217;t worry. Please contact us and we will send them to you without any fees, or we will offer a small refund for you to buy in other places.<\/p>","protected":false},"excerpt":{"rendered":"<h3><strong>MOC 37840 UCS Razor Crest c\u1ee7a Papaglop MOC FACTORY<\/strong><\/h3>\n<h3><span data-text-color=\"alert\"><strong>AVAILABLE IN SEPTEMBER 2020<\/strong><\/span><\/h3>\n<ul>\n<li>S\u1ed1 l\u01b0\u1ee3ng g\u1ea1ch:<strong> +4190 <\/strong>chi\u1ebfc<\/li>\n<li>D\u1ecbch v\u1ee5: Ph\u1ee5 t\u00f9ng thay th\u1ebf mi\u1ec5n ph\u00ed<\/li>\n<li>L\u01b0u \u00fd: Kh\u00f4ng c\u00f3 h\u1ed9p g\u1ed1c, s\u1eed d\u1ee5ng t\u00fai bong b\u00f3ng ho\u1eb7c h\u1ed9p tr\u1ed1ng.<\/li>\n<li>S\u1eafp x\u1ebfp th\u1eddi gian: 4-8 tu\u1ea7n<\/li>\n<\/ul>","protected":false},"featured_media":20427,"comment_status":"open","ping_status":"closed","template":"","meta":{"_acf_changed":false},"product_cat":[415],"product_tag":[10503,10501,430,10499,10505,10498,461,10500,4093,10502,10504],"class_list":["product","first","instock","shipping-taxable","purchasable","product-type-simple"],"acf":[],"_links":{"self":[{"href":"https:\/\/mouldking.store\/vi\/wp-json\/wp\/v2\/product\/20440","targetHints":{"allow":["GET"]}}],"collection":[{"href":"https:\/\/mouldking.store\/vi\/wp-json\/wp\/v2\/product"}],"about":[{"href":"https:\/\/mouldking.store\/vi\/wp-json\/wp\/v2\/types\/product"}],"replies":[{"embeddable":true,"href":"https:\/\/mouldking.store\/vi\/wp-json\/wp\/v2\/comments?post=20440"}],"wp:featuredmedia":[{"embeddable":true,"href":"https:\/\/mouldking.store\/vi\/wp-json\/wp\/v2\/media\/20427"}],"wp:attachment":[{"href":"https:\/\/mouldking.store\/vi\/wp-json\/wp\/v2\/media?parent=20440"}],"wp:term":[{"taxonomy":"product_cat","embeddable":true,"href":"https:\/\/mouldking.store\/vi\/wp-json\/wp\/v2\/product_cat?post=20440"},{"taxonomy":"product_tag","embeddable":true,"href":"https:\/\/mouldking.store\/vi\/wp-json\/wp\/v2\/product_tag?post=20440"}],"curies":[{"name":"wp","href":"https:\/\/api.w.org\/{rel}","templated":true}]}}