{"id":20486,"date":"2021-10-09T04:50:42","date_gmt":"2021-10-09T04:50:42","guid":{"rendered":"https:\/\/mouldking.store\/shop\/moc-4916-redwall-modular-house-moc-modular-building-by-keep-on-bricking-moc-factory\/"},"modified":"2025-12-25T09:25:20","modified_gmt":"2025-12-25T02:25:20","slug":"moc-4916-redwall-modular-house-moc-modular-building-by-keep-on-bricking-moc-factory","status":"publish","type":"product","link":"https:\/\/mouldking.store\/vi\/shop\/moc-4916-redwall-modular-house-moc-modular-building-by-keep-on-bricking-moc-factory\/","title":{"rendered":"MOC-4916 Nh\u00e0 m\u00f4-\u0111un RedWall T\u00f2a nh\u00e0 m\u00f4-\u0111un MOC c\u1ee7a Keep On Bricking MOC FACTORY"},"content":{"rendered":"<ul>\n<li>Th\u01b0\u01a1ng hi\u1ec7u s\u1ea3n ph\u1ea9m: M\u1ed8C FACTORY<\/li>\n<li>M\u00e3 s\u1ea3n ph\u1ea9m: MOC-4916<\/li>\n<li>T\u00ean s\u1ea3n ph\u1ea9m: RedWall Modular House M\u1ed8C<\/li>\n<\/ul>\n<p>&nbsp;<\/p>\n<p><img fetchpriority=\"high\" decoding=\"async\" class=\"alignnone size-full wp-image-194035\" src=\"https:\/\/pay.lpwstore.com\/wp-content\/uploads\/2020\/07\/New-Project-43.png\" alt=\"MOC-4916\" width=\"800\" height=\"800\" title=\"-\"><\/p>","protected":false},"excerpt":{"rendered":"<ul>\n<li>Bao g\u1ed3m\u00a0<strong>400+<\/strong>\u00a0chi\u1ebfc<\/li>\n<li>S\u00e1ch h\u01b0\u1edbng d\u1eabn PDF<\/li>\n<li>Kh\u1ed1i ABS ch\u1ea5t l\u01b0\u1ee3ng cao<\/li>\n<\/ul>","protected":false},"featured_media":20485,"comment_status":"open","ping_status":"closed","template":"","meta":{"_acf_changed":false},"product_cat":[390],"product_tag":[],"class_list":["product","first","instock","shipping-taxable","purchasable","product-type-simple"],"acf":[],"_links":{"self":[{"href":"https:\/\/mouldking.store\/vi\/wp-json\/wp\/v2\/product\/20486","targetHints":{"allow":["GET"]}}],"collection":[{"href":"https:\/\/mouldking.store\/vi\/wp-json\/wp\/v2\/product"}],"about":[{"href":"https:\/\/mouldking.store\/vi\/wp-json\/wp\/v2\/types\/product"}],"replies":[{"embeddable":true,"href":"https:\/\/mouldking.store\/vi\/wp-json\/wp\/v2\/comments?post=20486"}],"wp:featuredmedia":[{"embeddable":true,"href":"https:\/\/mouldking.store\/vi\/wp-json\/wp\/v2\/media\/20485"}],"wp:attachment":[{"href":"https:\/\/mouldking.store\/vi\/wp-json\/wp\/v2\/media?parent=20486"}],"wp:term":[{"taxonomy":"product_cat","embeddable":true,"href":"https:\/\/mouldking.store\/vi\/wp-json\/wp\/v2\/product_cat?post=20486"},{"taxonomy":"product_tag","embeddable":true,"href":"https:\/\/mouldking.store\/vi\/wp-json\/wp\/v2\/product_tag?post=20486"}],"curies":[{"name":"wp","href":"https:\/\/api.w.org\/{rel}","templated":true}]}}