{"id":20491,"date":"2021-10-09T04:51:00","date_gmt":"2021-10-09T04:51:00","guid":{"rendered":"https:\/\/mouldking.store\/shop\/moc-45635-modern-cafe-modular-2020-modular-building-by-ohsojang-moc-factory\/"},"modified":"2025-12-25T09:25:20","modified_gmt":"2025-12-25T02:25:20","slug":"moc-45635-modern-cafe-modular-2020-modular-building-by-ohsojang-moc-factory","status":"publish","type":"product","link":"https:\/\/mouldking.store\/vi\/shop\/moc-45635-modern-cafe-modular-2020-modular-building-by-ohsojang-moc-factory\/","title":{"rendered":"MOC-45635 T\u00f2a nh\u00e0 m\u00f4-\u0111un qu\u00e1n c\u00e0 ph\u00ea hi\u1ec7n \u0111\u1ea1i 2020 c\u1ee7a ohsojang MOC FACTORY"},"content":{"rendered":"<div>Starbucks Cafe Modular n\u00e0y \u0111\u01b0\u1ee3c t\u1ea1o ra b\u1eb1ng c\u00e1ch s\u1eed d\u1ee5ng m\u1ed9t Starbucks ch\u00ednh hi\u1ec7u c\u1ee7a H\u00e0n Qu\u1ed1c ho\u1ea1t \u0111\u1ed9ng nh\u01b0 m\u1ed9t c\u00e2u t\u1ee5c ng\u1eef.<\/div>\n<div><\/div>\n<div>(C\u1eeda h\u00e0ng Hogye DT c\u1ee7a H\u00e0n Qu\u1ed1c)<\/div>\n<div><\/div>\n<div>K\u1ebf ho\u1ea1ch c\u1ea5u tr\u00fac \u0111\u1eb7c bi\u1ec7t v\u00e0 hi\u1ec7n t\u1ea1i b\u00ean ngo\u00e0i \u0111\u01b0\u1ee3c th\u1ef1c hi\u1ec7n nh\u01b0 kh\u00f4ng th\u1ec3 ph\u00e2n bi\u1ec7t \u0111\u01b0\u1ee3c nh\u01b0 mong \u0111\u1ee3i m\u1ed9t c\u00e1ch h\u1ee3p l\u00fd,<\/div>\n<div><\/div>\n<div>K\u1ebf ho\u1ea1ch b\u00ean trong \u0111\u01b0\u1ee3c ph\u1ed1i h\u1ee3p v\u1edbi t\u00f4ng m\u00e0u tr\u1eafng v\u00e0 t\u1ed1i theo phong c\u00e1ch b\u00ean ngo\u00e0i, v\u1edbi t\u00f4ng m\u00e0u \u0111\u1ea5t.<\/div>\n<div>\n<figure id=\"attachment_194128\" aria-describedby=\"caption-attachment-194128\" style=\"width: 800px\" class=\"wp-caption alignnone\"><img fetchpriority=\"high\" decoding=\"async\" class=\"wp-image-194128 size-full\" src=\"https:\/\/pay.lpwstore.com\/wp-content\/uploads\/2020\/07\/New-Project-44.png\" alt=\"MOC-45635\" width=\"800\" height=\"800\" title=\"-\"><figcaption id=\"caption-attachment-194128\" class=\"wp-caption-text\">MOC-45635 T\u00f2a nh\u00e0 m\u00f4-\u0111un qu\u00e1n c\u00e0 ph\u00ea hi\u1ec7n \u0111\u1ea1i 2020 c\u1ee7a ohsojang MOC FACTORY<\/figcaption><\/figure>\n<figure id=\"attachment_194126\" aria-describedby=\"caption-attachment-194126\" style=\"width: 800px\" class=\"wp-caption alignnone\"><img decoding=\"async\" class=\"wp-image-194126 size-full\" src=\"https:\/\/pay.lpwstore.com\/wp-content\/uploads\/2020\/07\/New-Project-46.png\" alt=\"MOC-45635\" width=\"800\" height=\"800\" title=\"-\"><figcaption id=\"caption-attachment-194126\" class=\"wp-caption-text\">MOC-45635 T\u00f2a nh\u00e0 m\u00f4-\u0111un qu\u00e1n c\u00e0 ph\u00ea hi\u1ec7n \u0111\u1ea1i 2020 c\u1ee7a ohsojang MOC FACTORY<\/figcaption><\/figure>\n<figure id=\"attachment_194127\" aria-describedby=\"caption-attachment-194127\" style=\"width: 800px\" class=\"wp-caption alignnone\"><img decoding=\"async\" class=\"wp-image-194127 size-full\" src=\"https:\/\/pay.lpwstore.com\/wp-content\/uploads\/2020\/07\/New-Project-45.png\" alt=\"MOC-45635\" width=\"800\" height=\"800\" title=\"-\"><figcaption id=\"caption-attachment-194127\" class=\"wp-caption-text\">MOC-45635 T\u00f2a nh\u00e0 m\u00f4-\u0111un qu\u00e1n c\u00e0 ph\u00ea hi\u1ec7n \u0111\u1ea1i 2020 c\u1ee7a ohsojang MOC FACTORY<\/figcaption><\/figure>\n<\/div>","protected":false},"excerpt":{"rendered":"<ul>\n<li>Bao g\u1ed3m\u00a0<strong>2803+<\/strong>\u00a0chi\u1ebfc<\/li>\n<li>S\u00e1ch h\u01b0\u1edbng d\u1eabn PDF<\/li>\n<li>Kh\u1ed1i ABS ch\u1ea5t l\u01b0\u1ee3ng cao<\/li>\n<\/ul>","protected":false},"featured_media":20488,"comment_status":"open","ping_status":"closed","template":"","meta":{"_acf_changed":false},"product_cat":[390],"product_tag":[],"class_list":["product","first","instock","shipping-taxable","purchasable","product-type-simple"],"acf":[],"_links":{"self":[{"href":"https:\/\/mouldking.store\/vi\/wp-json\/wp\/v2\/product\/20491","targetHints":{"allow":["GET"]}}],"collection":[{"href":"https:\/\/mouldking.store\/vi\/wp-json\/wp\/v2\/product"}],"about":[{"href":"https:\/\/mouldking.store\/vi\/wp-json\/wp\/v2\/types\/product"}],"replies":[{"embeddable":true,"href":"https:\/\/mouldking.store\/vi\/wp-json\/wp\/v2\/comments?post=20491"}],"wp:featuredmedia":[{"embeddable":true,"href":"https:\/\/mouldking.store\/vi\/wp-json\/wp\/v2\/media\/20488"}],"wp:attachment":[{"href":"https:\/\/mouldking.store\/vi\/wp-json\/wp\/v2\/media?parent=20491"}],"wp:term":[{"taxonomy":"product_cat","embeddable":true,"href":"https:\/\/mouldking.store\/vi\/wp-json\/wp\/v2\/product_cat?post=20491"},{"taxonomy":"product_tag","embeddable":true,"href":"https:\/\/mouldking.store\/vi\/wp-json\/wp\/v2\/product_tag?post=20491"}],"curies":[{"name":"wp","href":"https:\/\/api.w.org\/{rel}","templated":true}]}}