{"id":20499,"date":"2021-10-09T04:51:04","date_gmt":"2021-10-08T21:51:04","guid":{"rendered":"https:\/\/mouldking.store\/shop\/moc-10934-sugar-and-spice-modular-building-by-kristel-moc-factory\/"},"modified":"2025-12-25T09:25:20","modified_gmt":"2025-12-25T02:25:20","slug":"moc-10934-sugar-and-spice-modular-building-by-kristel-moc-factory","status":"publish","type":"product","link":"https:\/\/mouldking.store\/vi\/shop\/moc-10934-sugar-and-spice-modular-building-by-kristel-moc-factory\/","title":{"rendered":"MOC-10934 T\u00f2a nh\u00e0 m\u00f4-\u0111un \u0111\u01b0\u1eddng v\u00e0 gia v\u1ecb c\u1ee7a Kristel MOC FACTORY"},"content":{"rendered":"<p>Sugar and Spice l\u00e0 m\u1ed9t s\u1ea3n ph\u1ea9m ch\u1ebf t\u1ea1o kh\u00e1c do New York s\u1ea3n xu\u1ea5t, lo\u1ea1i n\u00e0y \u0111\u01b0\u1ee3c \u0111\u1eb7t t\u00ean theo c\u1eeda h\u00e0ng b\u00e1nh n\u01b0\u1edbng nh\u1ecf \u1edf t\u1ea7ng tr\u1ec7t. C\u00f3 g\u00e1c x\u00e9p \u1edf c\u00e1c t\u1ea7ng tr\u00ean, ho\u00e0n ch\u1ec9nh v\u1edbi v\u01b0\u1eddn tr\u00ean m\u00e1i<\/p>\n<p><img fetchpriority=\"high\" decoding=\"async\" class=\"alignnone size-full wp-image-194133\" src=\"https:\/\/pay.lpwstore.com\/wp-content\/uploads\/2020\/07\/New-Project-48.png\" alt=\"MOC-10934\" width=\"800\" height=\"800\" title=\"-\"><\/p>","protected":false},"excerpt":{"rendered":"<ul>\n<li>Bao g\u1ed3m <strong>3103+<\/strong>\u00a0chi\u1ebfc<\/li>\n<li>S\u00e1ch h\u01b0\u1edbng d\u1eabn PDF<\/li>\n<li>Kh\u1ed1i ABS ch\u1ea5t l\u01b0\u1ee3ng cao<\/li>\n<\/ul>","protected":false},"featured_media":20498,"comment_status":"open","ping_status":"closed","template":"","meta":{"_acf_changed":false},"product_cat":[390],"product_tag":[],"class_list":["product","first","instock","shipping-taxable","purchasable","product-type-simple"],"acf":[],"_links":{"self":[{"href":"https:\/\/mouldking.store\/vi\/wp-json\/wp\/v2\/product\/20499","targetHints":{"allow":["GET"]}}],"collection":[{"href":"https:\/\/mouldking.store\/vi\/wp-json\/wp\/v2\/product"}],"about":[{"href":"https:\/\/mouldking.store\/vi\/wp-json\/wp\/v2\/types\/product"}],"replies":[{"embeddable":true,"href":"https:\/\/mouldking.store\/vi\/wp-json\/wp\/v2\/comments?post=20499"}],"wp:featuredmedia":[{"embeddable":true,"href":"https:\/\/mouldking.store\/vi\/wp-json\/wp\/v2\/media\/20498"}],"wp:attachment":[{"href":"https:\/\/mouldking.store\/vi\/wp-json\/wp\/v2\/media?parent=20499"}],"wp:term":[{"taxonomy":"product_cat","embeddable":true,"href":"https:\/\/mouldking.store\/vi\/wp-json\/wp\/v2\/product_cat?post=20499"},{"taxonomy":"product_tag","embeddable":true,"href":"https:\/\/mouldking.store\/vi\/wp-json\/wp\/v2\/product_tag?post=20499"}],"curies":[{"name":"wp","href":"https:\/\/api.w.org\/{rel}","templated":true}]}}