{"id":20519,"date":"2021-10-09T04:51:16","date_gmt":"2021-10-09T04:51:16","guid":{"rendered":"https:\/\/mouldking.store\/shop\/moc-11389-cast-iron-modular-building-by-kristel-moc-factory\/"},"modified":"2025-12-25T09:25:10","modified_gmt":"2025-12-25T02:25:10","slug":"moc-11389-cast-iron-modular-building-by-kristel-moc-factory","status":"publish","type":"product","link":"https:\/\/mouldking.store\/vi\/shop\/moc-11389-cast-iron-modular-building-by-kristel-moc-factory\/","title":{"rendered":"MOC-11389 T\u00f2a nh\u00e0 m\u00f4-\u0111un b\u1eb1ng gang c\u1ee7a Kristel MOC FACTORY"},"content":{"rendered":"<p>T\u00f2a nh\u00e0 m\u00f4-\u0111un Cast Iron l\u00e0 m\u1ed9t trong t\u00e1m t\u00f2a nh\u00e0 m\u00f4-\u0111un r\u1ed9ng 16 t\u1ea1o n\u00ean L\u1ed1i \u0111i d\u1ea1o m\u00e0 t\u00f4i \u0111\u00e3 tr\u01b0ng b\u00e0y t\u1ea1i BrickWorld Chicago v\u00e0o th\u00e1ng 6 n\u0103m 2015. Nh\u01b0 t\u00ean g\u1ecdi, n\u00f3 \u0111\u01b0\u1ee3c l\u1ea5y c\u1ea3m h\u1ee9ng t\u1eeb c\u00e1c t\u00f2a nh\u00e0 gang \u0111\u01b0\u1ee3c t\u00ecm th\u1ea5y \u1edf New York. N\u00f3 kh\u00f4ng c\u00f3 \u0111\u1ed3 \u0111\u1ea1c.<\/p>\n<p><img fetchpriority=\"high\" decoding=\"async\" class=\"alignnone size-full wp-image-194273\" src=\"https:\/\/pay.lpwstore.com\/wp-content\/uploads\/2020\/07\/New-Project-86-1.png\" alt=\"MOC-11389 Cast Iron Modular Building by Kristel MOC FACTORY\" width=\"800\" height=\"800\" title=\"-\"> <img decoding=\"async\" class=\"alignnone size-full wp-image-194272\" src=\"https:\/\/pay.lpwstore.com\/wp-content\/uploads\/2020\/07\/New-Project-87-1.png\" alt=\"MOC-11389 Cast Iron Modular Building by Kristel MOC FACTORY\" width=\"800\" height=\"800\" title=\"-\"><\/p>","protected":false},"excerpt":{"rendered":"<ul>\n<li>Bao g\u1ed3m\u00a0<strong>857+<\/strong>\u00a0chi\u1ebfc<\/li>\n<li>S\u00e1ch h\u01b0\u1edbng d\u1eabn PDF<\/li>\n<li>Kh\u1ed1i ABS ch\u1ea5t l\u01b0\u1ee3ng cao<\/li>\n<\/ul>","protected":false},"featured_media":20517,"comment_status":"open","ping_status":"closed","template":"","meta":{"_acf_changed":false},"product_cat":[390],"product_tag":[],"class_list":["product","first","instock","shipping-taxable","purchasable","product-type-simple"],"acf":[],"_links":{"self":[{"href":"https:\/\/mouldking.store\/vi\/wp-json\/wp\/v2\/product\/20519","targetHints":{"allow":["GET"]}}],"collection":[{"href":"https:\/\/mouldking.store\/vi\/wp-json\/wp\/v2\/product"}],"about":[{"href":"https:\/\/mouldking.store\/vi\/wp-json\/wp\/v2\/types\/product"}],"replies":[{"embeddable":true,"href":"https:\/\/mouldking.store\/vi\/wp-json\/wp\/v2\/comments?post=20519"}],"wp:featuredmedia":[{"embeddable":true,"href":"https:\/\/mouldking.store\/vi\/wp-json\/wp\/v2\/media\/20517"}],"wp:attachment":[{"href":"https:\/\/mouldking.store\/vi\/wp-json\/wp\/v2\/media?parent=20519"}],"wp:term":[{"taxonomy":"product_cat","embeddable":true,"href":"https:\/\/mouldking.store\/vi\/wp-json\/wp\/v2\/product_cat?post=20519"},{"taxonomy":"product_tag","embeddable":true,"href":"https:\/\/mouldking.store\/vi\/wp-json\/wp\/v2\/product_tag?post=20519"}],"curies":[{"name":"wp","href":"https:\/\/api.w.org\/{rel}","templated":true}]}}