{"id":20527,"date":"2021-10-09T04:51:20","date_gmt":"2021-10-08T21:51:20","guid":{"rendered":"https:\/\/mouldking.store\/shop\/moc-25026-space-1999-eagle-by-divinglog-moc-factory\/"},"modified":"2025-12-25T09:25:10","modified_gmt":"2025-12-25T02:25:10","slug":"moc-25026-space-1999-eagle-by-divinglog-moc-factory","status":"publish","type":"product","link":"https:\/\/mouldking.store\/vi\/shop\/moc-25026-space-1999-eagle-by-divinglog-moc-factory\/","title":{"rendered":"MOC-25026 Space 1999 Eagle theo nh\u1eadt k\u00fd l\u1eb7n MOC FACTORY"},"content":{"rendered":"<div>\u0110\u1ea1i b\u00e0ng kh\u00f4ng gian 1999<\/div>\n<div><\/div>\n<div>\u0110\u00e2y l\u00e0 MOC c\u1ee7a t\u00e0u s\u00e2n bay Eagle t\u1eeb ch\u01b0\u01a1ng tr\u00ecnh truy\u1ec1n h\u00ecnh Space 1999 (Mondbasis Alpha 1 b\u1eb1ng ti\u1ebfng \u0110\u1ee9c, Cosmos 1999 b\u1eb1ng ti\u1ebfng Ph\u00e1p) t\u1eeb n\u0103m 1975. Vali du l\u1ecbch c\u00f3 \u0111\u1ea7y \u0111\u1ee7 b\u00ean trong v\u00e0 c\u00f3 th\u1ec3 \u0111\u01b0\u1ee3c t\u00e1ch bi\u1ec7t kh\u1ecfi t\u00e0u s\u00e2n bay Eagle nh\u01b0 trong c\u00e1ch s\u1eafp x\u1ebfp (kh\u00f4ng bao g\u1ed3m c\u00e1c c\u1ed9t t\u1eeb danh s\u00e1ch b\u1ed9 ph\u1eadn). M\u1ed9t c\u1ea7u thang t\u00f9y \u00fd (\u0111\u01b0\u1ee3c ghi nh\u1edb trong danh s\u00e1ch b\u1ed9 ph\u1eadn) c\u00f3 th\u1ec3 \u0111\u01b0\u1ee3c n\u1ed1i v\u1edbi v\u1ecf v\u00e0 c\u00e1c l\u1ed1i v\u00e0o c\u00f3 th\u1ec3 b\u1ecb tr\u1ee5c xu\u1ea5t.<\/div>\n<div><\/div>\n<div>\u0110o:<\/div>\n<div><\/div>\n<div>Chi\u1ec1u d\u00e0i: 44,3 cm<\/div>\n<div><\/div>\n<div>Chi\u1ec1u r\u1ed9ng: 17,1 cm<\/div>\n<div><\/div>\n<div>Chi\u1ec1u cao: 9,9 cm<\/div>\n<div><\/div>\n<div>Tr\u1ecdng l\u01b0\u1ee3ng: 886g<\/div>\n<div><\/div>\n<div><img fetchpriority=\"high\" decoding=\"async\" class=\"alignnone size-full wp-image-194292\" src=\"https:\/\/pay.lpwstore.com\/wp-content\/uploads\/2020\/07\/New-Project-90.png\" alt=\"MOC-25026 Space 1999 Eagle Space by divinglog MOC FACTORY\" width=\"800\" height=\"800\" title=\"-\"> <img decoding=\"async\" class=\"alignnone size-full wp-image-194291\" src=\"https:\/\/pay.lpwstore.com\/wp-content\/uploads\/2020\/07\/New-Project-91-1.png\" alt=\"MOC-25026 Space 1999 Eagle Space by divinglog MOC FACTORY\" width=\"800\" height=\"800\" title=\"-\"><\/div>","protected":false},"excerpt":{"rendered":"<ul>\n<li>Bao g\u1ed3m\u00a0<strong>1137+<\/strong>\u00a0chi\u1ebfc<\/li>\n<li>S\u00e1ch h\u01b0\u1edbng d\u1eabn PDF<\/li>\n<li>Kh\u1ed1i ABS ch\u1ea5t l\u01b0\u1ee3ng cao<\/li>\n<\/ul>","protected":false},"featured_media":20525,"comment_status":"open","ping_status":"closed","template":"","meta":{"_acf_changed":false},"product_cat":[371],"product_tag":[],"class_list":["product","first","instock","shipping-taxable","purchasable","product-type-simple"],"acf":[],"_links":{"self":[{"href":"https:\/\/mouldking.store\/vi\/wp-json\/wp\/v2\/product\/20527","targetHints":{"allow":["GET"]}}],"collection":[{"href":"https:\/\/mouldking.store\/vi\/wp-json\/wp\/v2\/product"}],"about":[{"href":"https:\/\/mouldking.store\/vi\/wp-json\/wp\/v2\/types\/product"}],"replies":[{"embeddable":true,"href":"https:\/\/mouldking.store\/vi\/wp-json\/wp\/v2\/comments?post=20527"}],"wp:featuredmedia":[{"embeddable":true,"href":"https:\/\/mouldking.store\/vi\/wp-json\/wp\/v2\/media\/20525"}],"wp:attachment":[{"href":"https:\/\/mouldking.store\/vi\/wp-json\/wp\/v2\/media?parent=20527"}],"wp:term":[{"taxonomy":"product_cat","embeddable":true,"href":"https:\/\/mouldking.store\/vi\/wp-json\/wp\/v2\/product_cat?post=20527"},{"taxonomy":"product_tag","embeddable":true,"href":"https:\/\/mouldking.store\/vi\/wp-json\/wp\/v2\/product_tag?post=20527"}],"curies":[{"name":"wp","href":"https:\/\/api.w.org\/{rel}","templated":true}]}}