{"id":20535,"date":"2021-10-09T04:51:23","date_gmt":"2021-10-09T04:51:23","guid":{"rendered":"https:\/\/mouldking.store\/shop\/moc-18016-game-of-thrones-westeros-skyline-architecture-by-momatteo79-moc-factory\/"},"modified":"2025-12-25T09:25:09","modified_gmt":"2025-12-25T02:25:09","slug":"moc-18016-game-of-thrones-westeros-skyline-architecture-by-momatteo79-moc-factory","status":"publish","type":"product","link":"https:\/\/mouldking.store\/vi\/shop\/moc-18016-game-of-thrones-westeros-skyline-architecture-by-momatteo79-moc-factory\/","title":{"rendered":"MOC-18016 Game Of Thrones \u2013 Ki\u1ebfn tr\u00fac \u0111\u01b0\u1eddng ch\u00e2n tr\u1eddi Westeros c\u1ee7a MOMAtteo79 MOC FACTORY"},"content":{"rendered":"<div><strong>Sunspear<\/strong> \u2013 Tr\u1ee5 s\u1edf c\u1ee7a House Martell v\u00e0 th\u1ee7 \u0111\u00f4 c\u1ee7a Dorne<\/div>\n<div><strong>H\u1ea1 c\u00e1nh c\u1ee7a ng\u01b0\u1eddi cai tr\u1ecb<\/strong> \u2013 Th\u1ee7 \u0111\u00f4 c\u1ee7a B\u1ea3y v\u01b0\u01a1ng qu\u1ed1c<\/div>\n<div><strong>Pyke<\/strong> \u2013 Tr\u1ee5 s\u1edf c\u1ee7a House Greyjoy<\/div>\n<div><strong>C\u1eb7p song sinh<\/strong> \u2013 Tr\u1ee5 s\u1edf c\u1ee7a Nh\u00e0 Frey<\/div>\n<div><strong>m\u00f9a \u0111\u00f4ng<\/strong> \u2013 Tr\u1ee5 s\u1edf c\u1ee7a House Stark, \u0111\u01b0\u1ee3c coi l\u00e0 th\u1ee7 \u0111\u00f4 c\u1ee7a ph\u01b0\u01a1ng B\u1eafc<\/div>\n<div><strong>B\u1ee9c t\u01b0\u1eddng<\/strong> \u2013 Kh\u1ed1i b\u0103ng kh\u1ed5ng l\u1ed3 n\u00f3i chung tr\u1ea3i d\u00e0i tr\u00ean v\u00f9ng ngo\u1ea1i \u00f4 ph\u00eda b\u1eafc c\u1ee7a B\u1ea3y v\u01b0\u01a1ng qu\u1ed1c, b\u1ea3o v\u1ec7 l\u00e3nh th\u1ed5 kh\u1ecfi nh\u1eefng ng\u01b0\u1eddi du m\u1ee5c s\u1ed1ng trong qu\u00e1 kh\u1ee9<\/div>\n<div><\/div>\n<div>Ph\u1ea7n tuy\u1ec7t \u0111\u1ed1i: 442<\/div>\n<div><\/div>\n<div>K\u00edch th\u01b0\u1edbc: 44 x 8 x 10 \u0111inh t\u00e1n<\/div>\n<div>35,5 x 7 x 8 cm<\/div>\n<div>14 2,8 3,2 inch<\/div>\n<div><\/div>\n<div><img fetchpriority=\"high\" decoding=\"async\" class=\"alignnone size-full wp-image-194313\" src=\"https:\/\/pay.lpwstore.com\/wp-content\/uploads\/2020\/07\/New-Project-98-1.png\" alt=\"MOC-18016 Game Of Thrones - Westeros Skyline Architecture by MOMAtteo79 MOC FACTORY\" width=\"800\" height=\"800\" title=\"-\"> <img decoding=\"async\" class=\"alignnone size-full wp-image-194312\" src=\"https:\/\/pay.lpwstore.com\/wp-content\/uploads\/2020\/07\/New-Project-99-1.png\" alt=\"MOC-18016 Game Of Thrones - Westeros Skyline Architecture by MOMAtteo79 MOC FACTORY\" width=\"800\" height=\"800\" title=\"-\"><\/div>","protected":false},"excerpt":{"rendered":"<ul>\n<li>Bao g\u1ed3m\u00a0<strong>454+<\/strong>\u00a0chi\u1ebfc<\/li>\n<li>S\u00e1ch h\u01b0\u1edbng d\u1eabn PDF<\/li>\n<li>Kh\u1ed1i ABS ch\u1ea5t l\u01b0\u1ee3ng cao<\/li>\n<\/ul>","protected":false},"featured_media":20534,"comment_status":"open","ping_status":"closed","template":"","meta":{"_acf_changed":false},"product_cat":[15],"product_tag":[],"class_list":["product","first","instock","shipping-taxable","purchasable","product-type-simple"],"acf":[],"_links":{"self":[{"href":"https:\/\/mouldking.store\/vi\/wp-json\/wp\/v2\/product\/20535","targetHints":{"allow":["GET"]}}],"collection":[{"href":"https:\/\/mouldking.store\/vi\/wp-json\/wp\/v2\/product"}],"about":[{"href":"https:\/\/mouldking.store\/vi\/wp-json\/wp\/v2\/types\/product"}],"replies":[{"embeddable":true,"href":"https:\/\/mouldking.store\/vi\/wp-json\/wp\/v2\/comments?post=20535"}],"wp:featuredmedia":[{"embeddable":true,"href":"https:\/\/mouldking.store\/vi\/wp-json\/wp\/v2\/media\/20534"}],"wp:attachment":[{"href":"https:\/\/mouldking.store\/vi\/wp-json\/wp\/v2\/media?parent=20535"}],"wp:term":[{"taxonomy":"product_cat","embeddable":true,"href":"https:\/\/mouldking.store\/vi\/wp-json\/wp\/v2\/product_cat?post=20535"},{"taxonomy":"product_tag","embeddable":true,"href":"https:\/\/mouldking.store\/vi\/wp-json\/wp\/v2\/product_tag?post=20535"}],"curies":[{"name":"wp","href":"https:\/\/api.w.org\/{rel}","templated":true}]}}