{"id":20622,"date":"2021-10-09T04:53:33","date_gmt":"2021-10-09T04:53:33","guid":{"rendered":"https:\/\/mouldking.store\/shop\/moc-90012-tenshukaku-of-osaka-castle-architecture-moc-factory\/"},"modified":"2025-12-25T09:25:00","modified_gmt":"2025-12-25T02:25:00","slug":"moc-90012-tenshukaku-of-osaka-castle-architecture-moc-factory","status":"publish","type":"product","link":"https:\/\/mouldking.store\/vi\/shop\/moc-90012-tenshukaku-of-osaka-castle-architecture-moc-factory\/","title":{"rendered":"MOC-90012 Tenshukaku c\u1ee7a Ki\u1ebfn tr\u00fac l\u00e2u \u0111\u00e0i Osaka MOC FACTORY"},"content":{"rendered":"<p>Tenshukaku of Osaka Castle, Osaka&#8217;s image that keeps on being cherished by its residents.<\/p>\n<p>Tenshukaku, or mansion pinnacle of Osaka Castle was based on an elevated slope of Uemachidaichi at the focal point of the city as Osaka&#8217;s image. Osaka Castle has gotten more lovely and simpler for vacationers to glance around since the Heisei enormous scope reproduction in 1997. There is a verifiable gallery inside the mansion, and the highest level is the Observation Deck. The Osaka Castle Park that spreads across as though to grasp the Main Tower is celebrated for its occasional sprouts. Close by is the Japan Mint, a renowned spot for its cherry blooms and can likewise appreciate waterway journey on the Aqua-transport &#8220;Water Liner&#8221;.<img fetchpriority=\"high\" decoding=\"async\" class=\"alignnone size-full wp-image-194516\" src=\"https:\/\/pay.lpwstore.com\/wp-content\/uploads\/2020\/08\/New-Project-2020-08-04T213320.289.png\" alt=\"MOC-90012 Tenshukaku of Osaka Castle Creator MOC FACTORY\" width=\"800\" height=\"800\" title=\"-\"><\/p>","protected":false},"excerpt":{"rendered":"<ul>\n<li>Bao g\u1ed3m\u00a0<strong>21145+<\/strong>\u00a0chi\u1ebfc<\/li>\n<li>S\u00e1ch h\u01b0\u1edbng d\u1eabn PDF<\/li>\n<li>Kh\u1ed1i ABS ch\u1ea5t l\u01b0\u1ee3ng cao<\/li>\n<\/ul>","protected":false},"featured_media":20621,"comment_status":"open","ping_status":"closed","template":"","meta":{"_acf_changed":false},"product_cat":[15],"product_tag":[],"class_list":["product","first","instock","shipping-taxable","purchasable","product-type-simple"],"acf":[],"_links":{"self":[{"href":"https:\/\/mouldking.store\/vi\/wp-json\/wp\/v2\/product\/20622","targetHints":{"allow":["GET"]}}],"collection":[{"href":"https:\/\/mouldking.store\/vi\/wp-json\/wp\/v2\/product"}],"about":[{"href":"https:\/\/mouldking.store\/vi\/wp-json\/wp\/v2\/types\/product"}],"replies":[{"embeddable":true,"href":"https:\/\/mouldking.store\/vi\/wp-json\/wp\/v2\/comments?post=20622"}],"wp:featuredmedia":[{"embeddable":true,"href":"https:\/\/mouldking.store\/vi\/wp-json\/wp\/v2\/media\/20621"}],"wp:attachment":[{"href":"https:\/\/mouldking.store\/vi\/wp-json\/wp\/v2\/media?parent=20622"}],"wp:term":[{"taxonomy":"product_cat","embeddable":true,"href":"https:\/\/mouldking.store\/vi\/wp-json\/wp\/v2\/product_cat?post=20622"},{"taxonomy":"product_tag","embeddable":true,"href":"https:\/\/mouldking.store\/vi\/wp-json\/wp\/v2\/product_tag?post=20622"}],"curies":[{"name":"wp","href":"https:\/\/api.w.org\/{rel}","templated":true}]}}