{"id":20624,"date":"2021-10-09T04:53:35","date_gmt":"2021-10-08T21:53:35","guid":{"rendered":"https:\/\/mouldking.store\/shop\/moc-90013-architecture-of-italy-moc-factory\/"},"modified":"2025-12-25T09:25:00","modified_gmt":"2025-12-25T02:25:00","slug":"moc-90013-architecture-of-italy-moc-factory","status":"publish","type":"product","link":"https:\/\/mouldking.store\/vi\/shop\/moc-90013-architecture-of-italy-moc-factory\/","title":{"rendered":"MOC 90013 Ki\u1ebfn tr\u00fac c\u1ee7a \u00dd MOC FACTORY"},"content":{"rendered":"<p>Trong tr\u01b0\u1eddng h\u1ee3p b\u1ea1n \u0111\u00e3 t\u1eebng \u0111\u1ebfn Rome, th\u00ec c\u00e2u n\u00f3i \u201cRome kh\u00f4ng ho\u1ea1t \u0111\u1ed9ng trong m\u1ed9t ng\u00e0y\u201d c\u00f3 m\u1ed9t t\u1ea7m quan tr\u1ecdng ho\u00e0n to\u00e0n kh\u00e1c. Ch\u1ec9 c\u1ea7n nh\u00ecn l\u01b0\u1edbt qua thi\u1ebft k\u1ebf kh\u1eafp th\u00e0nh ph\u1ed1, kh\u1eafp n\u01b0\u1edbc \u00dd, b\u1ea1n c\u00f3 th\u1ec3 nh\u1eadn ra b\u1ea5t k\u1ef3 l\u00fd do g\u00ec khi\u1ebfn n\u00f3 c\u00f3 \u1ea3nh h\u01b0\u1edfng l\u00e2u d\u00e0i \u0111\u1ebfn k\u1ef9 thu\u1eadt tr\u00ean to\u00e0n th\u1ebf gi\u1edbi. C\u1ea5u tr\u00fac n\u00e0y ph\u1ea3n \u00e1nh ho\u00e0n h\u1ea3o s\u1ef1 h\u1ea5p d\u1eabn c\u1ee7a thi\u1ebft k\u1ebf \u00dd.<\/p>\n<p><img fetchpriority=\"high\" decoding=\"async\" class=\"alignnone size-full wp-image-194520\" src=\"https:\/\/pay.lpwstore.com\/wp-content\/uploads\/2020\/08\/New-Project-2020-08-04T214048.763.png\" alt=\"MOC 90013 Architecture of Italy MOC FACTORY\" width=\"800\" height=\"800\" title=\"-\"><\/p>","protected":false},"excerpt":{"rendered":"<ul>\n<li>Bao g\u1ed3m\u00a0<strong>3365+<\/strong>\u00a0chi\u1ebfc<\/li>\n<li>S\u00e1ch h\u01b0\u1edbng d\u1eabn PDF<\/li>\n<li>Kh\u1ed1i ABS ch\u1ea5t l\u01b0\u1ee3ng cao<\/li>\n<\/ul>","protected":false},"featured_media":20623,"comment_status":"open","ping_status":"closed","template":"","meta":{"_acf_changed":false},"product_cat":[15],"product_tag":[],"class_list":["product","first","instock","shipping-taxable","purchasable","product-type-simple"],"acf":[],"_links":{"self":[{"href":"https:\/\/mouldking.store\/vi\/wp-json\/wp\/v2\/product\/20624","targetHints":{"allow":["GET"]}}],"collection":[{"href":"https:\/\/mouldking.store\/vi\/wp-json\/wp\/v2\/product"}],"about":[{"href":"https:\/\/mouldking.store\/vi\/wp-json\/wp\/v2\/types\/product"}],"replies":[{"embeddable":true,"href":"https:\/\/mouldking.store\/vi\/wp-json\/wp\/v2\/comments?post=20624"}],"wp:featuredmedia":[{"embeddable":true,"href":"https:\/\/mouldking.store\/vi\/wp-json\/wp\/v2\/media\/20623"}],"wp:attachment":[{"href":"https:\/\/mouldking.store\/vi\/wp-json\/wp\/v2\/media?parent=20624"}],"wp:term":[{"taxonomy":"product_cat","embeddable":true,"href":"https:\/\/mouldking.store\/vi\/wp-json\/wp\/v2\/product_cat?post=20624"},{"taxonomy":"product_tag","embeddable":true,"href":"https:\/\/mouldking.store\/vi\/wp-json\/wp\/v2\/product_tag?post=20624"}],"curies":[{"name":"wp","href":"https:\/\/api.w.org\/{rel}","templated":true}]}}