{"id":20655,"date":"2021-10-09T04:54:13","date_gmt":"2021-10-09T04:54:13","guid":{"rendered":"https:\/\/mouldking.store\/shop\/moc-17076-31058-scorpion-creator-by-legoori-moc-factory\/"},"modified":"2025-12-25T09:24:58","modified_gmt":"2025-12-25T02:24:58","slug":"moc-17076-31058-scorpion-creator-by-legoori-moc-factory","status":"publish","type":"product","link":"https:\/\/mouldking.store\/vi\/shop\/moc-17076-31058-scorpion-creator-by-legoori-moc-factory\/","title":{"rendered":"MOC-17076 31058-Scorpion Creator c\u1ee7a LegoOri MOC FACTORY"},"content":{"rendered":"<p>\u0110i\u1ec3m n\u1ed5i b\u1eadt:<\/p>\n<p>\u2013 8 ch\u00e2n, \u0111\u1ec1u c\u1eed \u0111\u1ed9ng \u0111\u01b0\u1ee3c (d\u00f9 ch\u00e2n tr\u01b0\u1edbc ch\u1ec9 ph\u00e1t tri\u1ec3n ch\u1ed7 n\u00e0y ch\u1ed7 kia)<\/p>\n<p>\u2013 Tay n\u1ed1i \u0111\u00f4i, v\u1edbi hai k\u00ecm l\u1edbn ti\u1ec7n d\u1ee5ng (Ki\u1ec3m tra c\u00e1ch l\u1eafp m\u00f3c ho\u00e0n h\u1ea3o)<\/p>\n<p>\u2013 \u0110u\u00f4i c\u00f3 4 kh\u1edbp, kh\u1edbp th\u1ee9 nh\u1ea5t l\u00e0 kh\u1edbp quay n\u00ean \u0111u\u00f4i c\u0169ng c\u00f3 th\u1ec3 qu\u1eafp sang hai b\u00ean. T\u00f4i c\u0169ng say m\u00ea v\u1edbi vi\u1ec7c l\u1eafp \u0111\u1eb7t sting c\u1ee7a m\u00ecnh.<\/p>\n<p>\u2013 Khu\u00f4n m\u1eb7t \u0111\u00e1ng s\u1ee3 v\u1edbi 4 \u0111\u00f4i m\u1eaft l\u1ea5p l\u00e1nh v\u00e0 hai chi\u1ebfc r\u0103ng kh\u1ec3nh<\/p>\n<p><img fetchpriority=\"high\" decoding=\"async\" class=\"alignnone size-full wp-image-194567\" src=\"https:\/\/pay.lpwstore.com\/wp-content\/uploads\/2020\/08\/New-Project-2020-08-07T100612.843.png\" alt=\"MOC-17076 31058-Scorpion Creator by LegoOri MOC FACTORY\" width=\"800\" height=\"800\" title=\"-\"> <img decoding=\"async\" class=\"alignnone size-full wp-image-194566\" src=\"https:\/\/pay.lpwstore.com\/wp-content\/uploads\/2020\/08\/New-Project-2020-08-07T100632.370.png\" alt=\"MOC-17076 31058-Scorpion Creator by LegoOri MOC FACTORY\" width=\"800\" height=\"800\" title=\"-\"><\/p>","protected":false},"excerpt":{"rendered":"<ul>\n<li>Bao g\u1ed3m\u00a0<strong>141+<\/strong>\u00a0chi\u1ebfc<\/li>\n<li>S\u00e1ch h\u01b0\u1edbng d\u1eabn PDF<\/li>\n<li>Kh\u1ed1i ABS ch\u1ea5t l\u01b0\u1ee3ng cao<\/li>\n<\/ul>","protected":false},"featured_media":20653,"comment_status":"open","ping_status":"closed","template":"","meta":{"_acf_changed":false},"product_cat":[371],"product_tag":[],"class_list":["product","first","instock","shipping-taxable","purchasable","product-type-simple"],"acf":[],"_links":{"self":[{"href":"https:\/\/mouldking.store\/vi\/wp-json\/wp\/v2\/product\/20655","targetHints":{"allow":["GET"]}}],"collection":[{"href":"https:\/\/mouldking.store\/vi\/wp-json\/wp\/v2\/product"}],"about":[{"href":"https:\/\/mouldking.store\/vi\/wp-json\/wp\/v2\/types\/product"}],"replies":[{"embeddable":true,"href":"https:\/\/mouldking.store\/vi\/wp-json\/wp\/v2\/comments?post=20655"}],"wp:featuredmedia":[{"embeddable":true,"href":"https:\/\/mouldking.store\/vi\/wp-json\/wp\/v2\/media\/20653"}],"wp:attachment":[{"href":"https:\/\/mouldking.store\/vi\/wp-json\/wp\/v2\/media?parent=20655"}],"wp:term":[{"taxonomy":"product_cat","embeddable":true,"href":"https:\/\/mouldking.store\/vi\/wp-json\/wp\/v2\/product_cat?post=20655"},{"taxonomy":"product_tag","embeddable":true,"href":"https:\/\/mouldking.store\/vi\/wp-json\/wp\/v2\/product_tag?post=20655"}],"curies":[{"name":"wp","href":"https:\/\/api.w.org\/{rel}","templated":true}]}}