{"id":20668,"date":"2021-10-09T04:54:18","date_gmt":"2021-10-08T21:54:18","guid":{"rendered":"https:\/\/mouldking.store\/shop\/moc-6385-custom-trike-technic-by-muffinbrick-moc-factory\/"},"modified":"2025-12-25T09:24:58","modified_gmt":"2025-12-25T02:24:58","slug":"moc-6385-custom-trike-technic-by-muffinbrick-moc-factory","status":"publish","type":"product","link":"https:\/\/mouldking.store\/vi\/shop\/moc-6385-custom-trike-technic-by-muffinbrick-moc-factory\/","title":{"rendered":"MOC-6385 Custom Trike Technic c\u1ee7a muffinbrick MOC FACTORY"},"content":{"rendered":"<p>Xe ba b\u00e1nh l\u00e0 ph\u01b0\u01a1ng ti\u1ec7n h\u01a1i hi\u1ebfm g\u1eb7p tr\u00ean \u0111\u01b0\u1eddng v\u00e0 ch\u00fang c\u0169ng kh\u00f4ng xu\u1ea5t hi\u1ec7n l\u1eb7p \u0111i l\u1eb7p l\u1ea1i trong LEGO. V\u00ec v\u1eady, t\u00f4i \u0111\u00e3 th\u1ef1c hi\u1ec7n m\u1ed9t. N\u00f3 kh\u00f4ng ph\u1ee5 thu\u1ed9c v\u00e0o th\u1ee9 g\u00ec \u0111\u00f3 ch\u00ednh h\u00e3ng, n\u00f3 ch\u1ec9 \u0111\u01a1n gi\u1ea3n l\u00e0 \u0111\u01b0\u1ee3c x\u00e2y d\u1ef1ng \u0111\u1eb7c bi\u1ec7t.<\/p>\n<p>Kh\u1ea3 n\u0103ng \u0111i\u1ec1u khi\u1ec3n, h\u1ec7 th\u1ed1ng treo (trung t\u00e2m tr\u1ef1c ti\u1ebfp ph\u00eda sau), \u0111\u1ed9ng c\u01a1 V4 k\u1ebft h\u1ee3p v\u1edbi b\u00e1nh sau b\u1eb1ng b\u1ed9 vi sai.<\/p>\n<p>Trong \u0111\u1ed3ng b\u1ed9 h\u00f3a 41 c\u1ee7a BI, hai ch\u1ed1t t\u1ed1i m\u00e0u c\u00f3 b\u00f3ng k\u00e9o c\u1ea7n \u0111\u01b0\u1ee3c \u0111\u1eb7t r\u00f5 r\u00e0ng \u0111\u1ec3 ph\u00f9 h\u1ee3p v\u1edbi c\u00e1c ph\u1ea7n \u0111\u00ednh k\u00e8m c\u1ee7a c\u00e1nh tay \u0111\u1ecbnh h\u01b0\u1edbng 5\u00d71. Trong LDD, vi\u1ec7c k\u1ebft n\u1ed1i ch\u00fang l\u00e0 m\u1ed9t c\u1ef1c h\u00ecnh, theo c\u00e1ch n\u00e0y, t\u00f4i \u0111\u1eb7t ch\u00fang tr\u00ean c\u00e1c tay n\u00e2ng kh\u00e1c nhau.<\/p>\n<p><img fetchpriority=\"high\" decoding=\"async\" class=\"alignnone size-full wp-image-194660\" src=\"https:\/\/pay.lpwstore.com\/wp-content\/uploads\/2020\/08\/New-Project-2020-08-10T103743.500.png\" alt=\"MOC-6385 Custom Trike Technic by muffinbrick MOC FACTORY\" width=\"800\" height=\"800\" title=\"-\"> <img decoding=\"async\" class=\"alignnone size-full wp-image-194661\" src=\"https:\/\/pay.lpwstore.com\/wp-content\/uploads\/2020\/08\/New-Project-2020-08-10T103721.755.png\" alt=\"MOC-6385 Custom Trike Technic by muffinbrick MOC FACTORY\" width=\"800\" height=\"800\" title=\"-\"><\/p>","protected":false},"excerpt":{"rendered":"<ul>\n<li>Bao g\u1ed3m\u00a0<strong>634+<\/strong>\u00a0chi\u1ebfc<\/li>\n<li>H\u01b0\u1edbng d\u1eabn PDF tr\u1ef1c tuy\u1ebfn<\/li>\n<li>Kh\u1ed1i ch\u1ea5t l\u01b0\u1ee3ng ABS cao<\/li>\n<\/ul>","protected":false},"featured_media":20666,"comment_status":"open","ping_status":"closed","template":"","meta":{"_acf_changed":false},"product_cat":[364],"product_tag":[],"class_list":["product","first","instock","shipping-taxable","purchasable","product-type-simple"],"acf":[],"_links":{"self":[{"href":"https:\/\/mouldking.store\/vi\/wp-json\/wp\/v2\/product\/20668","targetHints":{"allow":["GET"]}}],"collection":[{"href":"https:\/\/mouldking.store\/vi\/wp-json\/wp\/v2\/product"}],"about":[{"href":"https:\/\/mouldking.store\/vi\/wp-json\/wp\/v2\/types\/product"}],"replies":[{"embeddable":true,"href":"https:\/\/mouldking.store\/vi\/wp-json\/wp\/v2\/comments?post=20668"}],"wp:featuredmedia":[{"embeddable":true,"href":"https:\/\/mouldking.store\/vi\/wp-json\/wp\/v2\/media\/20666"}],"wp:attachment":[{"href":"https:\/\/mouldking.store\/vi\/wp-json\/wp\/v2\/media?parent=20668"}],"wp:term":[{"taxonomy":"product_cat","embeddable":true,"href":"https:\/\/mouldking.store\/vi\/wp-json\/wp\/v2\/product_cat?post=20668"},{"taxonomy":"product_tag","embeddable":true,"href":"https:\/\/mouldking.store\/vi\/wp-json\/wp\/v2\/product_tag?post=20668"}],"curies":[{"name":"wp","href":"https:\/\/api.w.org\/{rel}","templated":true}]}}