{"id":20671,"date":"2021-10-09T04:54:20","date_gmt":"2021-10-09T04:54:20","guid":{"rendered":"https:\/\/mouldking.store\/shop\/moc-15873-mercedes-benz-300sl-creator-by-timeremembered-moc-factory\/"},"modified":"2025-12-25T09:24:58","modified_gmt":"2025-12-25T02:24:58","slug":"moc-15873-mercedes-benz-300sl-creator-by-timeremembered-moc-factory","status":"publish","type":"product","link":"https:\/\/mouldking.store\/vi\/shop\/moc-15873-mercedes-benz-300sl-creator-by-timeremembered-moc-factory\/","title":{"rendered":"MOC-15873 Mercedes-Benz 300SL Creator by timeremembered MOC FACTORY"},"content":{"rendered":"<p>Mercedes 300SL l\u00e0 chi\u1ebfc xe m\u01a1 \u01b0\u1edbc v\u01b0\u1ee3t tr\u1ed9i c\u1ee7a t\u00f4i. H\u00ecnh th\u1ee9c 6 ch\u1ed1t n\u00e0y \u0111\u01b0\u1ee3c l\u00e0m b\u1eb1ng LEGO 75884 1968 Ford Mustang Fastback v\u00e0 m\u1ed9t s\u1ed1 kh\u1ed1i ph\u1ee5.<\/p>\n<p>C\u00e1c l\u1ed1i v\u00e0o c\u00f3 c\u00e1nh m\u00f2ng bi\u1ec3n \u0111\u00e1ng ch\u00fa \u00fd c\u1ee7a n\u00f3 \u0111\u00e3 \u0111\u01b0\u1ee3c hi\u1ec7n th\u1ef1c h\u00f3a nh\u01b0ng ph\u1ea7n r\u00eca b\u1ecb h\u1ea1n ch\u1ebf.<\/p>\n<p>C\u00e1c c\u1ed5 phi\u1ebfu ghi l\u1ea1i c\u00e1c b\u1ed9 ph\u1eadn b\u1ed5 sung nh\u01b0 n\u00f3 \u0111\u00e3 \u0111\u01b0\u1ee3c. To\u00e0n b\u1ed9 danh s\u00e1ch \u0111\u01b0\u1ee3c n\u1ed1i v\u1edbi c\u00e1c h\u01b0\u1edbng c\u1ea5u tr\u00fac.<\/p>\n<p><img fetchpriority=\"high\" decoding=\"async\" class=\"alignnone size-full wp-image-194658\" src=\"https:\/\/pay.lpwstore.com\/wp-content\/uploads\/2020\/08\/New-Project-2020-08-10T102549.247.png\" alt=\"MOC-15873 Mercedes-Benz 300SL Creator by timeremembered MOC FACTORY\" width=\"800\" height=\"800\" title=\"-\"> <img decoding=\"async\" class=\"alignnone size-full wp-image-194657\" src=\"https:\/\/pay.lpwstore.com\/wp-content\/uploads\/2020\/08\/New-Project-2020-08-10T102628.759.png\" alt=\"MOC-15873 Mercedes-Benz 300SL Creator by timeremembered MOC FACTORY\" width=\"800\" height=\"800\" title=\"-\"><\/p>","protected":false},"excerpt":{"rendered":"<ul>\n<li>Bao g\u1ed3m\u00a0<strong>102+<\/strong>\u00a0chi\u1ebfc<\/li>\n<li>H\u01b0\u1edbng d\u1eabn PDF tr\u1ef1c tuy\u1ebfn<\/li>\n<li>Kh\u1ed1i ch\u1ea5t l\u01b0\u1ee3ng ABS cao<\/li>\n<\/ul>","protected":false},"featured_media":20669,"comment_status":"open","ping_status":"closed","template":"","meta":{"_acf_changed":false},"product_cat":[371],"product_tag":[],"class_list":["product","first","instock","shipping-taxable","purchasable","product-type-simple"],"acf":[],"_links":{"self":[{"href":"https:\/\/mouldking.store\/vi\/wp-json\/wp\/v2\/product\/20671","targetHints":{"allow":["GET"]}}],"collection":[{"href":"https:\/\/mouldking.store\/vi\/wp-json\/wp\/v2\/product"}],"about":[{"href":"https:\/\/mouldking.store\/vi\/wp-json\/wp\/v2\/types\/product"}],"replies":[{"embeddable":true,"href":"https:\/\/mouldking.store\/vi\/wp-json\/wp\/v2\/comments?post=20671"}],"wp:featuredmedia":[{"embeddable":true,"href":"https:\/\/mouldking.store\/vi\/wp-json\/wp\/v2\/media\/20669"}],"wp:attachment":[{"href":"https:\/\/mouldking.store\/vi\/wp-json\/wp\/v2\/media?parent=20671"}],"wp:term":[{"taxonomy":"product_cat","embeddable":true,"href":"https:\/\/mouldking.store\/vi\/wp-json\/wp\/v2\/product_cat?post=20671"},{"taxonomy":"product_tag","embeddable":true,"href":"https:\/\/mouldking.store\/vi\/wp-json\/wp\/v2\/product_tag?post=20671"}],"curies":[{"name":"wp","href":"https:\/\/api.w.org\/{rel}","templated":true}]}}