{"id":20674,"date":"2021-10-09T04:54:21","date_gmt":"2021-10-08T21:54:21","guid":{"rendered":"https:\/\/mouldking.store\/shop\/moc-24335-ferrari-couperoadster-super-car-by-firas_legocars-moc-factory\/"},"modified":"2025-12-25T09:24:58","modified_gmt":"2025-12-25T02:24:58","slug":"moc-24335-ferrari-couperoadster-super-car-by-firas_legocars-moc-factory","status":"publish","type":"product","link":"https:\/\/mouldking.store\/vi\/shop\/moc-24335-ferrari-couperoadster-super-car-by-firas_legocars-moc-factory\/","title":{"rendered":"MOC-24335 Ferrari coupe,roadster Si\u00eau xe c\u1ee7a firas_legocars MOC FACTORY"},"content":{"rendered":"<p>M\u00f4 h\u00ecnh \u0111\u01b0\u1ee3c l\u00e0m \u1edf k\u00edch th\u01b0\u1edbc 1:16, c\u00f9ng k\u00edch th\u01b0\u1edbc v\u1edbi b\u1ed9 LEGO ch\u00ednh th\u1ee9c c\u1ee7a Ferrari F40, v\u00ec v\u1eady n\u00f3 s\u1ebd c\u00f3 h\u00ecnh th\u1ee9c \u0111\u1eb9p g\u1ea7n gi\u1ed1ng v\u1edbi F40.<\/p>\n<p>C\u00e1c b\u01b0\u1edbc h\u01b0\u1edbng d\u1eabn c\u1ef1c k\u1ef3 \u0111\u01a1n gi\u1ea3n \u0111\u1ec3 tu\u00e2n theo l\u00f2ng bi\u1ebft \u01a1n \u0111\u1ed1i v\u1edbi nh\u00e0 s\u1ea3n xu\u1ea5t th\u00e0nh th\u1ea1o h\u01b0\u1edbng d\u1eabn phi th\u01b0\u1eddng Simone Bissi.<\/p>\n<p>B\u1ea3n th\u00e2n m\u1eabu xe n\u00e0y r\u1ea5t m\u1ea1nh m\u1ebd v\u00e0 c\u00f3 nhi\u1ec1u \u0111i\u1ec3m n\u1ed5i b\u1eadt thi\u1ebft th\u1ef1c bao g\u1ed3m l\u1ed1i v\u00e0o m\u1edf, mui xe, c\u1ed1p xe v\u00e0 \u0111\u1ed9ng c\u01a1 c\u00f3 th\u1ec3 th\u00e1o r\u1eddi cho m\u1ee5c \u0111\u00edch tr\u01b0ng b\u00e0y, c\u0169ng nh\u01b0 y\u1ebfu t\u1ed1 th\u00fa v\u1ecb c\u1ee7a \u0111\u00e8n pha l\u00f2 xo.<\/p>\n<p><img fetchpriority=\"high\" decoding=\"async\" class=\"alignnone size-full wp-image-194667\" src=\"https:\/\/pay.lpwstore.com\/wp-content\/uploads\/2020\/08\/New-Project-2020-08-10T104645.398.png\" alt=\"MOC-24335 Ferrari coupe,roadster Super Car by firas_legocars MOC FACTORY\" width=\"800\" height=\"800\" title=\"-\"> <img decoding=\"async\" class=\"alignnone size-full wp-image-194666\" src=\"https:\/\/pay.lpwstore.com\/wp-content\/uploads\/2020\/08\/New-Project-2020-08-10T104720.675.png\" alt=\"MOC-24335 Ferrari coupe,roadster Super Car by firas_legocars MOC FACTORY\" width=\"800\" height=\"800\" title=\"-\"><\/p>","protected":false},"excerpt":{"rendered":"<ul>\n<li>Bao g\u1ed3m\u00a0<strong>909+<\/strong>\u00a0chi\u1ebfc<\/li>\n<li>H\u01b0\u1edbng d\u1eabn PDF tr\u1ef1c tuy\u1ebfn<\/li>\n<li>Kh\u1ed1i ch\u1ea5t l\u01b0\u1ee3ng ABS cao<\/li>\n<\/ul>","protected":false},"featured_media":20672,"comment_status":"open","ping_status":"closed","template":"","meta":{"_acf_changed":false},"product_cat":[364],"product_tag":[],"class_list":["product","first","instock","shipping-taxable","purchasable","product-type-simple"],"acf":[],"_links":{"self":[{"href":"https:\/\/mouldking.store\/vi\/wp-json\/wp\/v2\/product\/20674","targetHints":{"allow":["GET"]}}],"collection":[{"href":"https:\/\/mouldking.store\/vi\/wp-json\/wp\/v2\/product"}],"about":[{"href":"https:\/\/mouldking.store\/vi\/wp-json\/wp\/v2\/types\/product"}],"replies":[{"embeddable":true,"href":"https:\/\/mouldking.store\/vi\/wp-json\/wp\/v2\/comments?post=20674"}],"wp:featuredmedia":[{"embeddable":true,"href":"https:\/\/mouldking.store\/vi\/wp-json\/wp\/v2\/media\/20672"}],"wp:attachment":[{"href":"https:\/\/mouldking.store\/vi\/wp-json\/wp\/v2\/media?parent=20674"}],"wp:term":[{"taxonomy":"product_cat","embeddable":true,"href":"https:\/\/mouldking.store\/vi\/wp-json\/wp\/v2\/product_cat?post=20674"},{"taxonomy":"product_tag","embeddable":true,"href":"https:\/\/mouldking.store\/vi\/wp-json\/wp\/v2\/product_tag?post=20674"}],"curies":[{"name":"wp","href":"https:\/\/api.w.org\/{rel}","templated":true}]}}