{"id":20699,"date":"2021-10-09T04:54:33","date_gmt":"2021-10-08T21:54:33","guid":{"rendered":"https:\/\/mouldking.store\/shop\/moc-90016-glock-moc-factory\/"},"modified":"2025-12-25T09:24:57","modified_gmt":"2025-12-25T02:24:57","slug":"moc-90016-glock-moc-factory","status":"publish","type":"product","link":"https:\/\/mouldking.store\/vi\/shop\/moc-90016-glock-moc-factory\/","title":{"rendered":"MOC-90016 Glock NH\u00c0 M\u00c1Y M\u1ed8C"},"content":{"rendered":"<div>Glock l\u00e0 s\u1ef1 ph\u00e1t tri\u1ec3n c\u1ee7a c\u00e1c lo\u1ea1i s\u00fang t\u1ef1 n\u1ea1p \u0111\u1ea1n c\u00f3 kh\u00f3a n\u00f2ng, \u0111\u01b0\u1ee3c bao quanh b\u1eb1ng polyme, ho\u1ea1t \u0111\u1ed9ng trong th\u1eddi gian ng\u1eafn, do nh\u00e0 s\u1ea3n xu\u1ea5t ng\u01b0\u1eddi \u00c1o Glock Ges l\u00ean k\u1ebf ho\u1ea1ch v\u00e0 t\u1ea1o ra. c\u00e1c b\u00e0i ki\u1ec3m tra s\u1ee9c kh\u1ecfe.<\/div>\n<div><\/div>\n<div><img fetchpriority=\"high\" decoding=\"async\" class=\"alignnone size-full wp-image-194899\" src=\"https:\/\/pay.lpwstore.com\/wp-content\/uploads\/2020\/08\/New-Project-2020-08-18T160711.392.png\" alt=\"MOC-90016 Glock MOC FACTORY\" width=\"800\" height=\"800\" title=\"-\"> <img decoding=\"async\" class=\"alignnone size-full wp-image-194898\" src=\"https:\/\/pay.lpwstore.com\/wp-content\/uploads\/2020\/08\/New-Project-2020-08-18T160731.175.png\" alt=\"-\" width=\"800\" height=\"800\" title=\"-\"> <img decoding=\"async\" class=\"alignnone size-full wp-image-194897\" src=\"https:\/\/pay.lpwstore.com\/wp-content\/uploads\/2020\/08\/New-Project-2020-08-18T160746.151.png\" alt=\"MOC-90016 Glock MOC FACTORY\" width=\"800\" height=\"800\" title=\"-\"><\/div>","protected":false},"excerpt":{"rendered":"<ul>\n<li>Bao g\u1ed3m<strong> 316+<\/strong>\u00a0chi\u1ebfc<\/li>\n<li>H\u01b0\u1edbng d\u1eabn PDF tr\u1ef1c tuy\u1ebfn<\/li>\n<li>Kh\u1ed1i ch\u1ea5t l\u01b0\u1ee3ng ABS cao<\/li>\n<\/ul>","protected":false},"featured_media":20696,"comment_status":"open","ping_status":"closed","template":"","meta":{"_acf_changed":false},"product_cat":[15],"product_tag":[],"class_list":["product","first","outofstock","shipping-taxable","purchasable","product-type-simple"],"acf":[],"_links":{"self":[{"href":"https:\/\/mouldking.store\/vi\/wp-json\/wp\/v2\/product\/20699","targetHints":{"allow":["GET"]}}],"collection":[{"href":"https:\/\/mouldking.store\/vi\/wp-json\/wp\/v2\/product"}],"about":[{"href":"https:\/\/mouldking.store\/vi\/wp-json\/wp\/v2\/types\/product"}],"replies":[{"embeddable":true,"href":"https:\/\/mouldking.store\/vi\/wp-json\/wp\/v2\/comments?post=20699"}],"wp:featuredmedia":[{"embeddable":true,"href":"https:\/\/mouldking.store\/vi\/wp-json\/wp\/v2\/media\/20696"}],"wp:attachment":[{"href":"https:\/\/mouldking.store\/vi\/wp-json\/wp\/v2\/media?parent=20699"}],"wp:term":[{"taxonomy":"product_cat","embeddable":true,"href":"https:\/\/mouldking.store\/vi\/wp-json\/wp\/v2\/product_cat?post=20699"},{"taxonomy":"product_tag","embeddable":true,"href":"https:\/\/mouldking.store\/vi\/wp-json\/wp\/v2\/product_tag?post=20699"}],"curies":[{"name":"wp","href":"https:\/\/api.w.org\/{rel}","templated":true}]}}