{"id":20724,"date":"2021-10-09T04:54:46","date_gmt":"2021-10-09T04:54:46","guid":{"rendered":"https:\/\/mouldking.store\/shop\/moc-27435-all-terrain-scout-transport-star-war-by-kbd-design-moc-factory\/"},"modified":"2025-12-25T09:24:50","modified_gmt":"2025-12-25T02:24:50","slug":"moc-27435-all-terrain-scout-transport-star-war-by-kbd-design-moc-factory","status":"publish","type":"product","link":"https:\/\/mouldking.store\/vi\/shop\/moc-27435-all-terrain-scout-transport-star-war-by-kbd-design-moc-factory\/","title":{"rendered":"MOC-27435 All Terrain Scout Transport Star War by KBD Design MOC FACTORY"},"content":{"rendered":"<p>All Terrain Scout Transport (AT-ST) l\u00e0 m\u1ed9t ph\u01b0\u01a1ng ti\u1ec7n \u0111i l\u1ea1i chi\u1ebfn \u0111\u1ea5u b\u1eb1ng hai ch\u00e2n h\u1ea1ng nh\u1eb9 v\u1edbi s\u00fang hai n\u00f2ng h\u1ea1ng nh\u1eb9 v\u00e0 b\u1ec7 ph\u00f3ng ch\u1ea5t n\u1ed5 g\u1eafn tr\u00ean m\u00e1 v\u00e0 s\u00fang hai n\u00f2ng \u00e1p \u0111\u1ea3o g\u1eafn tr\u00ean h\u00e0m. M\u00f4 h\u00ecnh c\u00f3 chi\u1ec1u cao 114 mm (4,49 inch), theo t\u1ef7 l\u1ec7 1:80 t\u01b0\u01a1ng ph\u1ea3n v\u1edbi m\u00f4 h\u00ecnh studio v\u00e0 bao g\u1ed3m 123 kh\u1ed1i.<\/p>\n<p><img fetchpriority=\"high\" decoding=\"async\" class=\"alignnone size-full wp-image-194929\" src=\"https:\/\/pay.lpwstore.com\/wp-content\/uploads\/2020\/08\/New-Project-2020-08-18T170049.704.png\" alt=\"MOC-27435 All Terrain Scout Transport Star War by KBD Design MOC FACTORY\" width=\"800\" height=\"800\" title=\"-\"> <img decoding=\"async\" class=\"alignnone size-full wp-image-194928\" src=\"https:\/\/pay.lpwstore.com\/wp-content\/uploads\/2020\/08\/New-Project-2020-08-18T170104.640.png\" alt=\"-\" width=\"800\" height=\"800\" title=\"-\"> <img decoding=\"async\" class=\"alignnone size-full wp-image-194927\" src=\"https:\/\/pay.lpwstore.com\/wp-content\/uploads\/2020\/08\/New-Project-2020-08-18T170124.184.png\" alt=\"-\" width=\"800\" height=\"800\" title=\"-\"> <img loading=\"lazy\" decoding=\"async\" class=\"alignnone size-full wp-image-194926\" src=\"https:\/\/pay.lpwstore.com\/wp-content\/uploads\/2020\/08\/New-Project-2020-08-18T170134.974.png\" alt=\"MOC-27435 All Terrain Scout Transport Star War by KBD Design MOC FACTORY\" width=\"800\" height=\"800\" title=\"-\"><\/p>","protected":false},"excerpt":{"rendered":"<ul>\n<li>Bao g\u1ed3m\u00a0<strong>125+<\/strong>\u00a0chi\u1ebfc<\/li>\n<li>H\u01b0\u1edbng d\u1eabn PDF tr\u1ef1c tuy\u1ebfn<\/li>\n<li>Kh\u1ed1i ch\u1ea5t l\u01b0\u1ee3ng ABS cao<\/li>\n<\/ul>","protected":false},"featured_media":20720,"comment_status":"open","ping_status":"closed","template":"","meta":{"_acf_changed":false},"product_cat":[15],"product_tag":[],"class_list":["product","first","instock","shipping-taxable","purchasable","product-type-simple"],"acf":[],"_links":{"self":[{"href":"https:\/\/mouldking.store\/vi\/wp-json\/wp\/v2\/product\/20724","targetHints":{"allow":["GET"]}}],"collection":[{"href":"https:\/\/mouldking.store\/vi\/wp-json\/wp\/v2\/product"}],"about":[{"href":"https:\/\/mouldking.store\/vi\/wp-json\/wp\/v2\/types\/product"}],"replies":[{"embeddable":true,"href":"https:\/\/mouldking.store\/vi\/wp-json\/wp\/v2\/comments?post=20724"}],"wp:featuredmedia":[{"embeddable":true,"href":"https:\/\/mouldking.store\/vi\/wp-json\/wp\/v2\/media\/20720"}],"wp:attachment":[{"href":"https:\/\/mouldking.store\/vi\/wp-json\/wp\/v2\/media?parent=20724"}],"wp:term":[{"taxonomy":"product_cat","embeddable":true,"href":"https:\/\/mouldking.store\/vi\/wp-json\/wp\/v2\/product_cat?post=20724"},{"taxonomy":"product_tag","embeddable":true,"href":"https:\/\/mouldking.store\/vi\/wp-json\/wp\/v2\/product_tag?post=20724"}],"curies":[{"name":"wp","href":"https:\/\/api.w.org\/{rel}","templated":true}]}}