{"id":20760,"date":"2021-10-09T04:55:47","date_gmt":"2021-10-08T21:55:47","guid":{"rendered":"https:\/\/mouldking.store\/shop\/moc-8317-truck-with-crane-technic-by-erikleppen-moc-factory\/"},"modified":"2025-12-25T09:24:49","modified_gmt":"2025-12-25T02:24:49","slug":"moc-8317-truck-with-crane-technic-by-erikleppen-moc-factory","status":"publish","type":"product","link":"https:\/\/mouldking.store\/vi\/shop\/moc-8317-truck-with-crane-technic-by-erikleppen-moc-factory\/","title":{"rendered":"MOC-8317 Xe t\u1ea3i c\u00f3 c\u1ea9u Technic c\u1ee7a ErikLeppen MOC FACTORY"},"content":{"rendered":"<div><\/div>\n<div>D\u1eabn h\u01b0\u1edbng tr\u00ean c\u00e1c tr\u1ee5c 1, 2 v\u00e0 4. M\u1ed7i tr\u1ee5c c\u00f3 m\u1ed9t c\u1ea1nh \u0111\u1ecbnh h\u01b0\u1edbng thay th\u1ebf. B\u00e1nh xe \u0111\u1ecbnh h\u01b0\u1edbng trong nh\u00e0 ngh\u1ec9 c\u0169ng ho\u1ea1t \u0111\u1ed9ng (nh\u01b0 trong ye olde MOC 8649)!<\/div>\n<div><\/div>\n<div>B\u1ed1n ch\u00e2n ch\u1ed1ng di chuy\u1ec3n \u0111\u1ed3ng th\u1eddi. M\u1eb7c d\u00f9 th\u1ef1c t\u1ebf l\u00e0 c\u00e1c gi\u00e1 \u0111\u1ee1 ph\u00eda sau nh\u1ecf h\u01a1n, nh\u01b0ng ch\u00fang c\u00f3 t\u1ea7m v\u1edbi theo ph\u01b0\u01a1ng th\u1eb3ng \u0111\u1ee9ng g\u1ea7n nh\u01b0 gi\u1ed1ng nhau. C\u1ea7n c\u1ea9u c\u00f3 th\u1ec3 xoay 360 \u0111\u1ed9<\/div>\n<div><\/div>\n<div>Tay c\u1ea7n c\u1ea9u c\u00f3 th\u1ec3 b\u1ecb nh\u0103n \u1edf hai \u0111i\u1ec3m, gi\u1ed1ng nh\u01b0 c\u1ee7a MOC 8258. Ch\u1ec9 m\u1ed9t trong hai c\u00f4ng su\u1ea5t c\u1ee7a c\u1ea7n c\u1ea9u \u0111\u01b0\u1ee3c \u0111i\u1ec1u khi\u1ec3n qua b\u00e0n xoay, kh\u00f4ng ph\u1ea3i c\u1ea3 hai nh\u01b0 trong MOC 8258; \u0111i\u1ec1u n\u00e0y kh\u00f4ng ph\u00f9 h\u1ee3p.<\/div>\n<div><\/div>\n<div>Khu v\u1ef1c cu\u1ed1i c\u00f9ng c\u00f3 m\u1ed9t \u0111o\u1ea1n m\u1edf r\u1ed9ng v\u00e0o trong, c\u00f3 t\u1eddi. \u0110\u00e1ng th\u01b0\u01a1ng thay, thi\u1ebft b\u1ecb truy\u1ec1n \u0111\u1ed9ng nh\u1ecf \u0111\u1ee7 v\u1eefng ch\u1eafc cho ch\u00ednh v\u1ee5 n\u1ed5, v\u00ec v\u1eady gi\u1edbi h\u1ea1n l\u1ef1c n\u00e2ng kh\u00f4ng li\u00ean quan\u2026<\/div>\n<div><\/div>\n<div>Gi\u01b0\u1eddng c\u00f3 th\u1ec3 \u0111\u1ed5 b\u1eb1ng LA, C\u1eeda nh\u00e0 ngh\u1ec9 c\u00f3 th\u1ec3 m\u1edf.<\/div>\n<div><img fetchpriority=\"high\" decoding=\"async\" class=\"alignnone size-full wp-image-194993\" src=\"https:\/\/pay.lpwstore.com\/wp-content\/uploads\/2020\/08\/New-Project-2020-08-19T093447.739.png\" alt=\"MOC-8317 Truck with crane Technic by ErikLeppen MOC FACTORY\" width=\"800\" height=\"800\" title=\"-\"><\/div>","protected":false},"excerpt":{"rendered":"<ul>\n<li>Bao g\u1ed3m\u00a0<strong>1407+<\/strong>\u00a0chi\u1ebfc<\/li>\n<li>H\u01b0\u1edbng d\u1eabn PDF tr\u1ef1c tuy\u1ebfn<\/li>\n<li>Kh\u1ed1i ch\u1ea5t l\u01b0\u1ee3ng ABS cao<\/li>\n<\/ul>","protected":false},"featured_media":20759,"comment_status":"open","ping_status":"closed","template":"","meta":{"_acf_changed":false},"product_cat":[364],"product_tag":[],"class_list":["product","first","instock","shipping-taxable","purchasable","product-type-simple"],"acf":[],"_links":{"self":[{"href":"https:\/\/mouldking.store\/vi\/wp-json\/wp\/v2\/product\/20760","targetHints":{"allow":["GET"]}}],"collection":[{"href":"https:\/\/mouldking.store\/vi\/wp-json\/wp\/v2\/product"}],"about":[{"href":"https:\/\/mouldking.store\/vi\/wp-json\/wp\/v2\/types\/product"}],"replies":[{"embeddable":true,"href":"https:\/\/mouldking.store\/vi\/wp-json\/wp\/v2\/comments?post=20760"}],"wp:featuredmedia":[{"embeddable":true,"href":"https:\/\/mouldking.store\/vi\/wp-json\/wp\/v2\/media\/20759"}],"wp:attachment":[{"href":"https:\/\/mouldking.store\/vi\/wp-json\/wp\/v2\/media?parent=20760"}],"wp:term":[{"taxonomy":"product_cat","embeddable":true,"href":"https:\/\/mouldking.store\/vi\/wp-json\/wp\/v2\/product_cat?post=20760"},{"taxonomy":"product_tag","embeddable":true,"href":"https:\/\/mouldking.store\/vi\/wp-json\/wp\/v2\/product_tag?post=20760"}],"curies":[{"name":"wp","href":"https:\/\/api.w.org\/{rel}","templated":true}]}}