{"id":20783,"date":"2021-10-09T04:55:59","date_gmt":"2021-10-08T21:55:59","guid":{"rendered":"https:\/\/mouldking.store\/shop\/moc-37066-dodge-charger-1969-creator-by-jeka_jackson-moc-factory\/"},"modified":"2025-12-25T09:24:48","modified_gmt":"2025-12-25T02:24:48","slug":"moc-37066-dodge-charger-1969-creator-by-jeka_jackson-moc-factory","status":"publish","type":"product","link":"https:\/\/mouldking.store\/vi\/shop\/moc-37066-dodge-charger-1969-creator-by-jeka_jackson-moc-factory\/","title":{"rendered":"MOC-37066 Dodge Charger 1969 Creator b\u1edfi Jeka_Jackson MOC FACTORY"},"content":{"rendered":"<div>\u0110i\u1ec3m n\u1ed5i b\u1eadt c\u1ee7a m\u00f4 h\u00ecnh:<\/div>\n<div><\/div>\n<div>\u2013 l\u1ed1i v\u00e0o, mui xe v\u00e0 th\u00e2n c\u00e2y c\u00f3 th\u1ec3 m\u1edf \u0111\u01b0\u1ee3c<\/div>\n<div>\u2013 l\u00e0m vi\u1ec7c \u0111\u1ecbnh h\u01b0\u1edbng v\u1edbi vai ch\u1ea1y tr\u01b0\u1ee3t, \u0111\u1ec3 b\u00e1nh xe kh\u00f4ng ti\u1ebfp x\u00fac v\u1edbi \u0111\u01b0\u1eddng cong<\/div>\n<div>\u2013 ho\u00e0n thi\u1ec7n b\u00ean trong v\u1edbi h\u1ed9p g\u0103ng tay ti\u00eau \u0111i\u1ec3m c\u00f3 th\u1ec3 m\u1edf \u0111\u01b0\u1ee3c v\u00e0 l\u01b0ng gh\u1ebf c\u00f3 th\u1ec3 di chuy\u1ec3n<\/div>\n<div><img fetchpriority=\"high\" decoding=\"async\" class=\"alignnone size-full wp-image-195013\" src=\"https:\/\/pay.lpwstore.com\/wp-content\/uploads\/2020\/08\/New-Project-2020-08-19T095741.272.png\" alt=\"MOC-37066 Dodge Charger 1969 Creator by Jeka_Jackson MOC FACTORY\" width=\"800\" height=\"800\" title=\"-\"> <img decoding=\"async\" class=\"alignnone size-full wp-image-195012\" src=\"https:\/\/pay.lpwstore.com\/wp-content\/uploads\/2020\/08\/New-Project-2020-08-19T095801.857.png\" alt=\"MOC-37066 Dodge Charger 1969 Creator by Jeka_Jackson MOC FACTORY\" width=\"800\" height=\"800\" title=\"-\"> <img decoding=\"async\" class=\"alignnone size-full wp-image-195011\" src=\"https:\/\/pay.lpwstore.com\/wp-content\/uploads\/2020\/08\/New-Project-2020-08-19T095813.385.png\" alt=\"MOC-37066 Dodge Charger 1969 Creator by Jeka_Jackson MOC FACTORY\" width=\"800\" height=\"800\" title=\"-\"> <img loading=\"lazy\" decoding=\"async\" class=\"alignnone size-full wp-image-195010\" src=\"https:\/\/pay.lpwstore.com\/wp-content\/uploads\/2020\/08\/New-Project-2020-08-19T095832.145.png\" alt=\"MOC-37066 Dodge Charger 1969 Creator by Jeka_Jackson MOC FACTORY\" width=\"800\" height=\"800\" title=\"-\"><\/div>","protected":false},"excerpt":{"rendered":"<ul>\n<li>Bao g\u1ed3m\u00a0<strong>1615+<\/strong>\u00a0chi\u1ebfc<\/li>\n<li>H\u01b0\u1edbng d\u1eabn PDF tr\u1ef1c tuy\u1ebfn<\/li>\n<li>Kh\u1ed1i ch\u1ea5t l\u01b0\u1ee3ng ABS cao<\/li>\n<\/ul>","protected":false},"featured_media":20778,"comment_status":"open","ping_status":"closed","template":"","meta":{"_acf_changed":false},"product_cat":[371],"product_tag":[],"class_list":["product","first","instock","shipping-taxable","purchasable","product-type-simple"],"acf":[],"_links":{"self":[{"href":"https:\/\/mouldking.store\/vi\/wp-json\/wp\/v2\/product\/20783","targetHints":{"allow":["GET"]}}],"collection":[{"href":"https:\/\/mouldking.store\/vi\/wp-json\/wp\/v2\/product"}],"about":[{"href":"https:\/\/mouldking.store\/vi\/wp-json\/wp\/v2\/types\/product"}],"replies":[{"embeddable":true,"href":"https:\/\/mouldking.store\/vi\/wp-json\/wp\/v2\/comments?post=20783"}],"wp:featuredmedia":[{"embeddable":true,"href":"https:\/\/mouldking.store\/vi\/wp-json\/wp\/v2\/media\/20778"}],"wp:attachment":[{"href":"https:\/\/mouldking.store\/vi\/wp-json\/wp\/v2\/media?parent=20783"}],"wp:term":[{"taxonomy":"product_cat","embeddable":true,"href":"https:\/\/mouldking.store\/vi\/wp-json\/wp\/v2\/product_cat?post=20783"},{"taxonomy":"product_tag","embeddable":true,"href":"https:\/\/mouldking.store\/vi\/wp-json\/wp\/v2\/product_tag?post=20783"}],"curies":[{"name":"wp","href":"https:\/\/api.w.org\/{rel}","templated":true}]}}