{"id":20805,"date":"2021-10-09T04:56:13","date_gmt":"2021-10-09T04:56:13","guid":{"rendered":"https:\/\/mouldking.store\/shop\/moc-0074-avatar-helicopter-technic-by-conv-barman-moc-factory\/"},"modified":"2025-12-25T09:24:48","modified_gmt":"2025-12-25T02:24:48","slug":"moc-0074-avatar-helicopter-technic-by-conv-barman-moc-factory","status":"publish","type":"product","link":"https:\/\/mouldking.store\/vi\/shop\/moc-0074-avatar-helicopter-technic-by-conv-barman-moc-factory\/","title":{"rendered":"MOC-0074 Avatar Tr\u1ef1c th\u0103ng Technic c\u1ee7a conv-barman MOC FACTORY"},"content":{"rendered":"<p>Aerospatiale SA-2 Samson l\u00e0 m\u1ed9t thi\u1ebft k\u1ebf qu\u1ea1t th\u00f4ng gi\u00f3 nh\u1eb9 d\u00e0nh cho con ng\u01b0\u1eddi nh\u1eb1m th\u1ef1c hi\u1ec7n h\u1ea7u h\u1ebft c\u00e1c nhi\u1ec7m v\u1ee5 phi chi\u1ebfn \u0111\u1ea5u. Samson \u0111\u01b0\u1ee3c trang b\u1ecb s\u00fang c\u1ea7m tay, h\u1ed9p t\u00ean l\u1eeda c\u00f3 th\u1ec3 t\u00e1ch r\u1eddi v\u00e0 l\u00e0 \u0111\u1eb7c \u0111i\u1ec3m c\u1ee7a quy tr\u00ecnh RDA tr\u00ean Pandora. N\u00f3 \u0111\u01b0\u1ee3c s\u1eed d\u1ee5ng \u0111\u1ec3 di chuy\u1ec3n h\u00e0ng h\u00f3a v\u00e0 gi\u00e1o vi\u00ean \u0111\u1ebfn v\u00e0 \u0111i t\u1eeb c\u00e1c \u0111i\u1ec3m \u0111\u1ebfn ri\u00eang bi\u1ec7t. M\u1ed9t \u0111i\u1ec3m b\u1eaby cho c\u00e1c nhi\u1ec7m v\u1ee5 t\u1ea3i sling cho ph\u00e9p Samson v\u1eadn chuy\u1ec3n nhi\u1ec1u h\u01a1n ho\u1eb7c l\u1edbn h\u01a1n t\u1ea3i tr\u1ecdng th\u00f4ng th\u01b0\u1eddng.<\/p>\n<p><img fetchpriority=\"high\" decoding=\"async\" class=\"alignnone size-full wp-image-195045\" src=\"https:\/\/pay.lpwstore.com\/wp-content\/uploads\/2020\/08\/New-Project-2020-08-19T105626.063.png\" alt=\"MOC-0074 Avatar Helicopter Technic by conv-barman MOC FACTORY\" width=\"800\" height=\"800\" title=\"-\"> <img decoding=\"async\" class=\"alignnone size-full wp-image-195044\" src=\"https:\/\/pay.lpwstore.com\/wp-content\/uploads\/2020\/08\/New-Project-2020-08-19T105640.376.png\" alt=\"MOC-0074 Avatar Helicopter Technic by conv-barman MOC FACTORY\" width=\"800\" height=\"800\" title=\"-\"><\/p>","protected":false},"excerpt":{"rendered":"<ul>\n<li>Bao g\u1ed3m\u00a0<strong>1827+<\/strong>\u00a0chi\u1ebfc<\/li>\n<li>H\u01b0\u1edbng d\u1eabn PDF tr\u1ef1c tuy\u1ebfn<\/li>\n<li>Kh\u1ed1i ch\u1ea5t l\u01b0\u1ee3ng ABS cao<\/li>\n<\/ul>","protected":false},"featured_media":20802,"comment_status":"open","ping_status":"closed","template":"","meta":{"_acf_changed":false},"product_cat":[364],"product_tag":[],"class_list":["product","first","outofstock","shipping-taxable","purchasable","product-type-simple"],"acf":[],"_links":{"self":[{"href":"https:\/\/mouldking.store\/vi\/wp-json\/wp\/v2\/product\/20805","targetHints":{"allow":["GET"]}}],"collection":[{"href":"https:\/\/mouldking.store\/vi\/wp-json\/wp\/v2\/product"}],"about":[{"href":"https:\/\/mouldking.store\/vi\/wp-json\/wp\/v2\/types\/product"}],"replies":[{"embeddable":true,"href":"https:\/\/mouldking.store\/vi\/wp-json\/wp\/v2\/comments?post=20805"}],"wp:featuredmedia":[{"embeddable":true,"href":"https:\/\/mouldking.store\/vi\/wp-json\/wp\/v2\/media\/20802"}],"wp:attachment":[{"href":"https:\/\/mouldking.store\/vi\/wp-json\/wp\/v2\/media?parent=20805"}],"wp:term":[{"taxonomy":"product_cat","embeddable":true,"href":"https:\/\/mouldking.store\/vi\/wp-json\/wp\/v2\/product_cat?post=20805"},{"taxonomy":"product_tag","embeddable":true,"href":"https:\/\/mouldking.store\/vi\/wp-json\/wp\/v2\/product_tag?post=20805"}],"curies":[{"name":"wp","href":"https:\/\/api.w.org\/{rel}","templated":true}]}}