{"id":20840,"date":"2021-10-09T04:56:30","date_gmt":"2021-10-08T21:56:30","guid":{"rendered":"https:\/\/mouldking.store\/shop\/moc-24284-citroen-2cv-dolly-car-by-ww-moc-factory\/"},"modified":"2025-12-25T09:24:47","modified_gmt":"2025-12-25T02:24:47","slug":"moc-24284-citroen-2cv-dolly-car-by-ww-moc-factory","status":"publish","type":"product","link":"https:\/\/mouldking.store\/vi\/shop\/moc-24284-citroen-2cv-dolly-car-by-ww-moc-factory\/","title":{"rendered":"MOC-24284 Xe Dolly Citroen 2CV c\u1ee7a ww MOC FACTORY"},"content":{"rendered":"<div>\u0110i\u1ec3m n\u1ed5i b\u1eadt:<\/div>\n<div><\/div>\n<div>\u2013 C\u1eeda, mui v\u00e0 c\u1ed1p xe m\u1edf \u0111\u01b0\u1ee3c.<\/div>\n<div>\u2013 B\u00ean trong \u0111\u1ea7y \u0111\u1ee7, \u0111\u1ed9ng c\u01a1 r\u00f5 r\u00e0ng v\u00e0 kh\u00f4ng gian cho m\u1ed9t b\u00e1nh xe ph\u1ee5 trong khoang ch\u1ee9a \u0111\u1ed3.<\/div>\n<div><\/div>\n<div>\u0110\u00f4i l\u1eddi nh\u1eadn x\u00e9t:<\/div>\n<div><\/div>\n<div>- N\u00f3 kh\u00f4ng m\u1ea1nh. N\u00f3 s\u1ebd kh\u00f4ng t\u1ef1 h\u1ee7y, tuy nhi\u00ean h\u00e3y di chuy\u1ec3n c\u1ea9n th\u1eadn.<\/div>\n<div>\u2013 C\u00e1c \u0111i\u1ec3m c\u1ee7a t\u1ea5m ch\u1eafn cong kh\u00f4ng c\u1ed1 \u0111\u1ecbnh. B\u1ea1n c\u1ea7n thay \u0111\u1ed5i ch\u00fang \u0111\u1ec3 hai ph\u1ea7n \u0111i\u1ec1u ch\u1ec9nh.<\/div>\n<div>\u2013 C\u00e1c \u0111i\u1ec3m c\u1ee7a m\u00e1i nh\u00e0 (ph\u1ea7n m\u00e0u xanh da tr\u1eddi) kh\u00f4ng c\u1ed1 \u0111\u1ecbnh. B\u1ea1n c\u1ea7n thay \u0111\u1ed5i ch\u00fang \u0111\u1ec3 ch\u00fang th\u1eb3ng h\u00e0ng v\u1edbi c\u00e1c ph\u1ea7n m\u00e1i nh\u00e0 m\u00e0u tr\u1eafng.<\/div>\n<div>\u2013 \u0110i\u1ec3m c\u1ee7a k\u00ednh ch\u1eafn gi\u00f3 c\u0169ng kh\u00f4ng c\u1ed1 \u0111\u1ecbnh. Thay \u0111\u1ed5i n\u00f3 \u0111\u1ec3 n\u00f3 th\u1eb3ng h\u00e0ng v\u1edbi m\u00e1i nh\u00e0.<\/div>\n<div><\/div>\n<div><img fetchpriority=\"high\" decoding=\"async\" class=\"alignnone size-full wp-image-195192\" src=\"https:\/\/pay.lpwstore.com\/wp-content\/uploads\/2020\/08\/New-Project-2020-08-24T170457.012.png\" alt=\"MOC-24284 Citroen 2CV Dolly Car by ww MOC FACTORY\" width=\"800\" height=\"800\" title=\"-\"> <img decoding=\"async\" class=\"alignnone size-full wp-image-195191\" src=\"https:\/\/pay.lpwstore.com\/wp-content\/uploads\/2020\/08\/New-Project-2020-08-24T170511.060.png\" alt=\"MOC-24284 Citroen 2CV Dolly Car by ww MOC FACTORY\" width=\"800\" height=\"800\" title=\"-\"> <img decoding=\"async\" class=\"alignnone size-full wp-image-195190\" src=\"https:\/\/pay.lpwstore.com\/wp-content\/uploads\/2020\/08\/New-Project-2020-08-24T170524.851.png\" alt=\"MOC-24284 Citroen 2CV Dolly Car by ww MOC FACTORY\" width=\"800\" height=\"800\" title=\"-\"> <img loading=\"lazy\" decoding=\"async\" class=\"alignnone size-full wp-image-195189\" src=\"https:\/\/pay.lpwstore.com\/wp-content\/uploads\/2020\/08\/New-Project-2020-08-24T170540.380.png\" alt=\"MOC-24284 Citroen 2CV Dolly Car by ww MOC FACTORY\" width=\"800\" height=\"800\" title=\"-\"><\/div>","protected":false},"excerpt":{"rendered":"<ul>\n<li>Bao g\u1ed3m\u00a0<strong>760+<\/strong>\u00a0chi\u1ebfc<\/li>\n<li>S\u00e1ch h\u01b0\u1edbng d\u1eabn PDF<\/li>\n<li>Kh\u1ed1i ABS ch\u1ea5t l\u01b0\u1ee3ng cao<\/li>\n<\/ul>","protected":false},"featured_media":20836,"comment_status":"open","ping_status":"closed","template":"","meta":{"_acf_changed":false},"product_cat":[364],"product_tag":[],"class_list":["product","first","instock","shipping-taxable","purchasable","product-type-simple"],"acf":[],"_links":{"self":[{"href":"https:\/\/mouldking.store\/vi\/wp-json\/wp\/v2\/product\/20840","targetHints":{"allow":["GET"]}}],"collection":[{"href":"https:\/\/mouldking.store\/vi\/wp-json\/wp\/v2\/product"}],"about":[{"href":"https:\/\/mouldking.store\/vi\/wp-json\/wp\/v2\/types\/product"}],"replies":[{"embeddable":true,"href":"https:\/\/mouldking.store\/vi\/wp-json\/wp\/v2\/comments?post=20840"}],"wp:featuredmedia":[{"embeddable":true,"href":"https:\/\/mouldking.store\/vi\/wp-json\/wp\/v2\/media\/20836"}],"wp:attachment":[{"href":"https:\/\/mouldking.store\/vi\/wp-json\/wp\/v2\/media?parent=20840"}],"wp:term":[{"taxonomy":"product_cat","embeddable":true,"href":"https:\/\/mouldking.store\/vi\/wp-json\/wp\/v2\/product_cat?post=20840"},{"taxonomy":"product_tag","embeddable":true,"href":"https:\/\/mouldking.store\/vi\/wp-json\/wp\/v2\/product_tag?post=20840"}],"curies":[{"name":"wp","href":"https:\/\/api.w.org\/{rel}","templated":true}]}}