{"id":20844,"date":"2021-10-09T04:56:34","date_gmt":"2021-10-08T21:56:34","guid":{"rendered":"https:\/\/mouldking.store\/shop\/moc-42308-42111-doms-charger-technic-by-efferman-moc-factory\/"},"modified":"2025-12-25T09:24:47","modified_gmt":"2025-12-25T02:24:47","slug":"moc-42308-42111-doms-charger-technic-by-efferman-moc-factory","status":"publish","type":"product","link":"https:\/\/mouldking.store\/vi\/shop\/moc-42308-42111-doms-charger-technic-by-efferman-moc-factory\/","title":{"rendered":"MOC-42308 42111 B\u1ed9 s\u1ea1c Dom Technic c\u1ee7a efferman MOC FACTORY"},"content":{"rendered":"<div>C\u00e1c \u0111i\u1ec1u ch\u1ec9nh l\u00e0:<\/div>\n<div><\/div>\n<div>1.) Chi\u1ec1u d\u00e0i c\u01a1 s\u1edf r\u1ed9ng h\u01a1n 2 \u0111inh t\u00e1n.<\/div>\n<div>2.) Gi\u1ea3m Ch\u01a1i trong c\u00f4ng c\u1ee5 \u0111i\u1ec1u khi\u1ec3n.<\/div>\n<div>3.) B\u00e1nh xe \u0111i\u1ec1u khi\u1ec3n l\u00e0m vi\u1ec7c.<\/div>\n<div>4.) \u0110\u1ed9 tr\u1ec5 m\u1eb7t \u0111\u1ea5t \u1edf tr\u1ee5c sau.<\/div>\n<div>5.) C\u01a1 th\u1ec3 \u0111\u01b0\u1ee3c n\u00e2ng c\u1ea5p ho\u00e0n to\u00e0n. C\u00e1i nh\u00ecn t\u1ed1t h\u01a1n v\u00e0 \u1ed5n \u0111\u1ecbnh h\u01a1n.<\/div>\n<div>6.) thanh b\u00e1nh xe k\u00edch \u0111\u1ed9ng \u0111a d\u1ea1ng.<\/div>\n<div>7.) G\u01b0\u01a1ng ngo\u00e0i \u1edf ph\u00eda ng\u01b0\u1eddi l\u00e1i.<\/div>\n<div><\/div>\n<div>C\u00f3 4 Ghim 49093 \u0110en trong danh s\u00e1ch ph\u1ee5. Ch\u00fang \u0111\u01b0\u1ee3c s\u1eed d\u1ee5ng \u0111\u1ec3 c\u00f3 \u0111\u01b0\u1ee3c m\u1ed9t C\u01a1 th\u1ec3 t\u1ed1i ho\u00e0n to\u00e0n. Ch\u1ecdn M\u00e0u xanh n\u1ebfu m\u00e0u \u0110en \u0111\u1eaft ti\u1ec1n.<\/div>\n<div><\/div>\n<div>\u1ed0ng m\u1ec1m 10,4cm 75c13\/X\u00e1m h\u01a1i xanh nh\u1ea1t) d\u01b0\u1eddng nh\u01b0 ch\u1ec9 t\u1ed3n t\u1ea1i trong 42111. h\u00e3y b\u1ecf qua c\u1ea3nh b\u00e1o v\u1ec1 m\u00e0u s\u1eafc khi b\u1ea1n s\u1edf h\u1eefu 42111.<\/div>\n<div><\/div>\n<div><img fetchpriority=\"high\" decoding=\"async\" class=\"alignnone size-full wp-image-195196\" src=\"https:\/\/pay.lpwstore.com\/wp-content\/uploads\/2020\/08\/New-Project-2020-08-24T171036.835.png\" alt=\"MOC-42308 42111 Dom&#039;s charger Technic by efferman MOC FACTORY\" width=\"800\" height=\"800\" title=\"-\"> <img decoding=\"async\" class=\"alignnone size-full wp-image-195195\" src=\"https:\/\/pay.lpwstore.com\/wp-content\/uploads\/2020\/08\/New-Project-2020-08-24T171051.684.png\" alt=\"MOC-42308 42111 Dom&#039;s charger Technic by efferman MOC FACTORY\" width=\"800\" height=\"800\" title=\"-\"> <img decoding=\"async\" class=\"alignnone size-full wp-image-195194\" src=\"https:\/\/pay.lpwstore.com\/wp-content\/uploads\/2020\/08\/New-Project-2020-08-24T171108.444.png\" alt=\"MOC-42308 42111 Dom&#039;s charger Technic by efferman MOC FACTORY\" width=\"800\" height=\"800\" title=\"-\"><\/div>","protected":false},"excerpt":{"rendered":"<ul>\n<li>Bao g\u1ed3m&nbsp;<strong>1388+<\/strong>&nbsp;chi\u1ebfc<\/li>\n<li>S\u00e1ch h\u01b0\u1edbng d\u1eabn PDF<\/li>\n<li>Kh\u1ed1i ABS ch\u1ea5t l\u01b0\u1ee3ng cao<\/li>\n<\/ul>","protected":false},"featured_media":20841,"comment_status":"open","ping_status":"closed","template":"","meta":{"_acf_changed":false},"product_cat":[364],"product_tag":[],"class_list":["product","first","instock","shipping-taxable","purchasable","product-type-simple"],"acf":[],"_links":{"self":[{"href":"https:\/\/mouldking.store\/vi\/wp-json\/wp\/v2\/product\/20844","targetHints":{"allow":["GET"]}}],"collection":[{"href":"https:\/\/mouldking.store\/vi\/wp-json\/wp\/v2\/product"}],"about":[{"href":"https:\/\/mouldking.store\/vi\/wp-json\/wp\/v2\/types\/product"}],"replies":[{"embeddable":true,"href":"https:\/\/mouldking.store\/vi\/wp-json\/wp\/v2\/comments?post=20844"}],"wp:featuredmedia":[{"embeddable":true,"href":"https:\/\/mouldking.store\/vi\/wp-json\/wp\/v2\/media\/20841"}],"wp:attachment":[{"href":"https:\/\/mouldking.store\/vi\/wp-json\/wp\/v2\/media?parent=20844"}],"wp:term":[{"taxonomy":"product_cat","embeddable":true,"href":"https:\/\/mouldking.store\/vi\/wp-json\/wp\/v2\/product_cat?post=20844"},{"taxonomy":"product_tag","embeddable":true,"href":"https:\/\/mouldking.store\/vi\/wp-json\/wp\/v2\/product_tag?post=20844"}],"curies":[{"name":"wp","href":"https:\/\/api.w.org\/{rel}","templated":true}]}}