{"id":20862,"date":"2021-10-09T04:56:43","date_gmt":"2021-10-08T21:56:43","guid":{"rendered":"https:\/\/mouldking.store\/shop\/moc-45802-42111-c-model-protohype-racer-super-car-by-cleansupgood-moc-factory\/"},"modified":"2025-12-25T09:24:25","modified_gmt":"2025-12-25T02:24:25","slug":"moc-45802-42111-c-model-protohype-racer-super-car-by-cleansupgood-moc-factory","status":"publish","type":"product","link":"https:\/\/mouldking.store\/vi\/shop\/moc-45802-42111-c-model-protohype-racer-super-car-by-cleansupgood-moc-factory\/","title":{"rendered":"MOC-45802 42111 C-Model: Si\u00eau xe PROTOHYPE Racer c\u1ee7a Cleansupgood MOC FACTORY"},"content":{"rendered":"<p>Giai \u0111o\u1ea1n: \u0110\u1ed9ng c\u01a1 \u0111\u1eb7t gi\u1eefa\/D\u1eabn \u0111\u1ed9ng c\u1ea7u sau<br \/>\nH\u1ec7 th\u1ed1ng truy\u1ec1n \u0111\u1ed9ng: \u0111\u1ed9ng c\u01a1 bu\u1ed3ng c\u1ea5p 8 l\u00e0m vi\u1ec7c<br \/>\nH\u1ec7 th\u1ed1ng treo: h\u1ec7 th\u1ed1ng treo tr\u01b0\u1edbc t\u1ef1 do, tr\u1ee5c sau m\u1ea1nh m\u1ebd v\u1edbi c\u00e1c thanh xo\u1eafn<br \/>\nKi\u1ec3m so\u00e1t: Gi\u00e1 \u0111\u1ea3o ng\u01b0\u1ee3c k\u1ebft h\u1ee3p v\u1edbi m\u1eb7c c\u1ea3 h\u01b0\u1edbng d\u1eabn trong nh\u00e0 ngh\u1ec9 tr\u00ean s\u00e2n th\u01b0\u1ee3ng<br \/>\nC\u00e1c ch\u1ee9c n\u0103ng kh\u00e1c nhau: M\u1edf r\u1ed9ng \u0111\u1ed9ng c\u01a1 v\u1edbi gi\u00e1 \u0111\u1ee1 mui xe ph\u1ed1i h\u1ee3p<br \/>\nK\u00edch th\u01b0\u1edbc: 41,3 cm L x 18,9 cm W x 10,4 cm H<br \/>\nTr\u1ecdng l\u01b0\u1ee3ng: 866g<\/p>\n<p><img fetchpriority=\"high\" decoding=\"async\" class=\"alignnone size-full wp-image-195299\" src=\"https:\/\/pay.lpwstore.com\/wp-content\/uploads\/2020\/08\/New-Project-2020-08-27T223621.474.png\" alt=\"MOC-45802 42111 C-Model: PROTOHYPE Racer Super Car by Cleansupgood MOC FACTORY\" width=\"800\" height=\"800\" title=\"-\"> <img decoding=\"async\" class=\"alignnone size-full wp-image-195298\" src=\"https:\/\/pay.lpwstore.com\/wp-content\/uploads\/2020\/08\/New-Project-2020-08-27T223642.056.png\" alt=\"MOC-45802 42111 C-Model: PROTOHYPE Racer Super Car by Cleansupgood MOC FACTORY\" width=\"800\" height=\"800\" title=\"-\"> <img decoding=\"async\" class=\"alignnone size-full wp-image-195297\" src=\"https:\/\/pay.lpwstore.com\/wp-content\/uploads\/2020\/08\/New-Project-2020-08-27T223656.156.png\" alt=\"MOC-45802 42111 C-Model: PROTOHYPE Racer Super Car by Cleansupgood MOC FACTORY\" width=\"800\" height=\"800\" title=\"-\"> <img loading=\"lazy\" decoding=\"async\" class=\"alignnone size-full wp-image-195296\" src=\"https:\/\/pay.lpwstore.com\/wp-content\/uploads\/2020\/08\/New-Project-2020-08-27T223731.907.png\" alt=\"MOC-45802 42111 C-Model: PROTOHYPE Racer Super Car by Cleansupgood MOC FACTORY\" width=\"800\" height=\"800\" title=\"-\"><\/p>","protected":false},"excerpt":{"rendered":"<ul>\n<li>Bao g\u1ed3m\u00a0<strong>965+<\/strong>\u00a0chi\u1ebfc<\/li>\n<li>S\u00e1ch h\u01b0\u1edbng d\u1eabn PDF<\/li>\n<li>Kh\u1ed1i ABS ch\u1ea5t l\u01b0\u1ee3ng cao<\/li>\n<\/ul>","protected":false},"featured_media":20858,"comment_status":"open","ping_status":"closed","template":"","meta":{"_acf_changed":false},"product_cat":[364],"product_tag":[],"class_list":["product","first","instock","shipping-taxable","purchasable","product-type-simple"],"acf":[],"_links":{"self":[{"href":"https:\/\/mouldking.store\/vi\/wp-json\/wp\/v2\/product\/20862","targetHints":{"allow":["GET"]}}],"collection":[{"href":"https:\/\/mouldking.store\/vi\/wp-json\/wp\/v2\/product"}],"about":[{"href":"https:\/\/mouldking.store\/vi\/wp-json\/wp\/v2\/types\/product"}],"replies":[{"embeddable":true,"href":"https:\/\/mouldking.store\/vi\/wp-json\/wp\/v2\/comments?post=20862"}],"wp:featuredmedia":[{"embeddable":true,"href":"https:\/\/mouldking.store\/vi\/wp-json\/wp\/v2\/media\/20858"}],"wp:attachment":[{"href":"https:\/\/mouldking.store\/vi\/wp-json\/wp\/v2\/media?parent=20862"}],"wp:term":[{"taxonomy":"product_cat","embeddable":true,"href":"https:\/\/mouldking.store\/vi\/wp-json\/wp\/v2\/product_cat?post=20862"},{"taxonomy":"product_tag","embeddable":true,"href":"https:\/\/mouldking.store\/vi\/wp-json\/wp\/v2\/product_tag?post=20862"}],"curies":[{"name":"wp","href":"https:\/\/api.w.org\/{rel}","templated":true}]}}