{"id":20872,"date":"2021-10-09T04:57:15","date_gmt":"2021-10-08T21:57:15","guid":{"rendered":"https:\/\/mouldking.store\/shop\/moc-3707-tan-house-modular-building-by-berth-moc-factory\/"},"modified":"2025-12-25T09:24:25","modified_gmt":"2025-12-25T02:24:25","slug":"moc-3707-tan-house-modular-building-by-berth-moc-factory","status":"publish","type":"product","link":"https:\/\/mouldking.store\/vi\/shop\/moc-3707-tan-house-modular-building-by-berth-moc-factory\/","title":{"rendered":"MOC-3707 T\u00f2a nh\u00e0 m\u00f4-\u0111un Tan House c\u1ee7a Berth MOC FACTORY"},"content":{"rendered":"<div>T\u1ea1i h\u1ea7m \u0111\u1ed9c l\u1eadp c\u00f3 th\u1ec3 \u0111\u1ec3 \u00f4 t\u00f4 nh\u1ecf ho\u1eb7c xe \u0111\u1ea1p\/xe m\u00e1y. L\u1ed1i v\u00e0o c\u00f3 th\u1ec3 \u0111\u01b0\u1ee3c m\u1edf.<\/div>\n<div><\/div>\n<div>T\u1ea7ng ch\u00ednh l\u00e0 nh\u00e0 b\u1ebfp \/ ph\u00f2ng kh\u00e1ch<\/div>\n<div><\/div>\n<div>T\u1ea7ng ti\u1ebfp theo l\u00e0 v\u0103n ph\u00f2ng \/ ph\u00f2ng c\u00f3 nh\u00e0 v\u1ec7 sinh.<\/div>\n<div><\/div>\n<div><img fetchpriority=\"high\" decoding=\"async\" class=\"alignnone size-full wp-image-195326\" src=\"https:\/\/pay.lpwstore.com\/wp-content\/uploads\/2020\/08\/New-Project-2020-08-28T153123.800.png\" alt=\"MOC-3707 Tan House Modular Building by Berth MOC FACTORY\" width=\"800\" height=\"800\" title=\"-\"> <img decoding=\"async\" class=\"alignnone size-full wp-image-195325\" src=\"https:\/\/pay.lpwstore.com\/wp-content\/uploads\/2020\/08\/New-Project-2020-08-28T153135.704.png\" alt=\"MOC-3707 Tan House Modular Building by Berth MOC FACTORY\" width=\"800\" height=\"800\" title=\"-\"><\/div>","protected":false},"excerpt":{"rendered":"<ul>\n<li>Bao g\u1ed3m\u00a0<strong>1413+<\/strong>\u00a0chi\u1ebfc<\/li>\n<li>S\u00e1ch h\u01b0\u1edbng d\u1eabn PDF<\/li>\n<li>Kh\u1ed1i ABS ch\u1ea5t l\u01b0\u1ee3ng cao<\/li>\n<\/ul>","protected":false},"featured_media":20870,"comment_status":"open","ping_status":"closed","template":"","meta":{"_acf_changed":false},"product_cat":[390],"product_tag":[],"class_list":["product","first","instock","shipping-taxable","purchasable","product-type-simple"],"acf":[],"_links":{"self":[{"href":"https:\/\/mouldking.store\/vi\/wp-json\/wp\/v2\/product\/20872","targetHints":{"allow":["GET"]}}],"collection":[{"href":"https:\/\/mouldking.store\/vi\/wp-json\/wp\/v2\/product"}],"about":[{"href":"https:\/\/mouldking.store\/vi\/wp-json\/wp\/v2\/types\/product"}],"replies":[{"embeddable":true,"href":"https:\/\/mouldking.store\/vi\/wp-json\/wp\/v2\/comments?post=20872"}],"wp:featuredmedia":[{"embeddable":true,"href":"https:\/\/mouldking.store\/vi\/wp-json\/wp\/v2\/media\/20870"}],"wp:attachment":[{"href":"https:\/\/mouldking.store\/vi\/wp-json\/wp\/v2\/media?parent=20872"}],"wp:term":[{"taxonomy":"product_cat","embeddable":true,"href":"https:\/\/mouldking.store\/vi\/wp-json\/wp\/v2\/product_cat?post=20872"},{"taxonomy":"product_tag","embeddable":true,"href":"https:\/\/mouldking.store\/vi\/wp-json\/wp\/v2\/product_tag?post=20872"}],"curies":[{"name":"wp","href":"https:\/\/api.w.org\/{rel}","templated":true}]}}