{"id":20886,"date":"2021-10-09T04:57:47","date_gmt":"2021-10-08T21:57:47","guid":{"rendered":"https:\/\/mouldking.store\/shop\/moc-32630-desert-village-modular-building-by-gabizon-moc-factory\/"},"modified":"2025-12-25T09:24:24","modified_gmt":"2025-12-25T02:24:24","slug":"moc-32630-desert-village-modular-building-by-gabizon-moc-factory","status":"publish","type":"product","link":"https:\/\/mouldking.store\/vi\/shop\/moc-32630-desert-village-modular-building-by-gabizon-moc-factory\/","title":{"rendered":"MOC-32630 T\u00f2a nh\u00e0 m\u00f4-\u0111un L\u00e0ng Sa m\u1ea1c c\u1ee7a gabizon MOC FACTORY"},"content":{"rendered":"<p>M\u1ed9t th\u00e0nh ph\u1ed1 sa m\u1ea1c r\u1ea5t \u0111\u1eb7c bi\u1ec7t bao g\u1ed3m m\u1ecdi th\u1ee9 b\u1ea1n ngh\u0129 c\u00f3 th\u1ec3 c\u00f3 trong m\u1ed9t th\u00e0nh ph\u1ed1 sa m\u1ea1c. Gi\u1ebfng n\u01b0\u1edbc, \u1ed1c \u0111\u1ea3o, nh\u00e0 \u1edf, \u0111\u1ec1n th\u1edd, th\u00e1p, c\u1eebu v\u00e0 ch\u1ee3.<\/p>\n<p><img fetchpriority=\"high\" decoding=\"async\" class=\"alignnone size-full wp-image-195465\" src=\"https:\/\/pay.lpwstore.com\/wp-content\/uploads\/2020\/08\/New-Project-2020-08-31T171146.314.png\" alt=\"MOC-32630 Desert Village Modular Building by gabizon MOC FACTORY\" width=\"800\" height=\"800\" title=\"-\"> <img decoding=\"async\" class=\"alignnone size-full wp-image-195464\" src=\"https:\/\/pay.lpwstore.com\/wp-content\/uploads\/2020\/08\/New-Project-2020-08-31T171351.036.png\" alt=\"MOC-32630 Desert Village Modular Building by gabizon MOC FACTORY\" width=\"800\" height=\"800\" title=\"-\"><\/p>","protected":false},"excerpt":{"rendered":"<ul>\n<li>Bao g\u1ed3m\u00a0<strong>3957+<\/strong>\u00a0chi\u1ebfc<\/li>\n<li>S\u00e1ch h\u01b0\u1edbng d\u1eabn s\u1eed d\u1ee5ng<\/li>\n<li>Kh\u1ed1i ABS ch\u1ea5t l\u01b0\u1ee3ng cao<\/li>\n<\/ul>","protected":false},"featured_media":20884,"comment_status":"open","ping_status":"closed","template":"","meta":{"_acf_changed":false},"product_cat":[390],"product_tag":[],"class_list":["product","first","instock","shipping-taxable","purchasable","product-type-simple"],"acf":[],"_links":{"self":[{"href":"https:\/\/mouldking.store\/vi\/wp-json\/wp\/v2\/product\/20886","targetHints":{"allow":["GET"]}}],"collection":[{"href":"https:\/\/mouldking.store\/vi\/wp-json\/wp\/v2\/product"}],"about":[{"href":"https:\/\/mouldking.store\/vi\/wp-json\/wp\/v2\/types\/product"}],"replies":[{"embeddable":true,"href":"https:\/\/mouldking.store\/vi\/wp-json\/wp\/v2\/comments?post=20886"}],"wp:featuredmedia":[{"embeddable":true,"href":"https:\/\/mouldking.store\/vi\/wp-json\/wp\/v2\/media\/20884"}],"wp:attachment":[{"href":"https:\/\/mouldking.store\/vi\/wp-json\/wp\/v2\/media?parent=20886"}],"wp:term":[{"taxonomy":"product_cat","embeddable":true,"href":"https:\/\/mouldking.store\/vi\/wp-json\/wp\/v2\/product_cat?post=20886"},{"taxonomy":"product_tag","embeddable":true,"href":"https:\/\/mouldking.store\/vi\/wp-json\/wp\/v2\/product_tag?post=20886"}],"curies":[{"name":"wp","href":"https:\/\/api.w.org\/{rel}","templated":true}]}}