{"id":20893,"date":"2021-10-09T04:57:52","date_gmt":"2021-10-09T04:57:52","guid":{"rendered":"https:\/\/mouldking.store\/shop\/moc-48103-double-barrel-shotgun-brick-shooting-and-shell-ejecting-creator-by-modu_lego-moc-factory\/"},"modified":"2025-12-25T09:24:24","modified_gmt":"2025-12-25T02:24:24","slug":"moc-48103-double-barrel-shotgun-brick-shooting-and-shell-ejecting-creator-by-modu_lego-moc-factory","status":"publish","type":"product","link":"https:\/\/mouldking.store\/vi\/shop\/moc-48103-double-barrel-shotgun-brick-shooting-and-shell-ejecting-creator-by-modu_lego-moc-factory\/","title":{"rendered":"MOC-48103 S\u00fang b\u1eafn g\u1ea1ch hai n\u00f2ng v\u00e0 nh\u1ea3 \u0111\u1ea1n Creator by modu_lego MOC FACTORY"},"content":{"rendered":"<ul>\n<li>Th\u01b0\u01a1ng hi\u1ec7u s\u1ea3n ph\u1ea9m: M\u1ed8C FACTORY<\/li>\n<li>T\u00ean s\u1ea3n ph\u1ea9m: S\u00fang ng\u1eafn hai n\u00f2ng b\u1eafn g\u1ea1ch v\u00e0 ph\u00f3ng \u0111\u1ea1n<\/li>\n<li>M\u00e3 s\u1ea3n ph\u1ea9m: MOC-48103<\/li>\n<\/ul>\n<p><img fetchpriority=\"high\" decoding=\"async\" class=\"alignnone size-full wp-image-195625\" src=\"https:\/\/pay.lpwstore.com\/wp-content\/uploads\/2020\/09\/New-Project-2020-09-04T221110.631.png\" alt=\"MOC-48103 Double barrel shotgun brick shooting and shell ejecting Creator by modu_lego MOC FACTORY\" width=\"800\" height=\"800\" title=\"-\"> <img decoding=\"async\" class=\"alignnone size-full wp-image-195624\" src=\"https:\/\/pay.lpwstore.com\/wp-content\/uploads\/2020\/09\/New-Project-2020-09-04T221132.133.png\" alt=\"MOC-48103 Double barrel shotgun brick shooting and shell ejecting Creator by modu_lego MOC FACTORY\" width=\"800\" height=\"800\" title=\"-\"><\/p>","protected":false},"excerpt":{"rendered":"<ul>\n<li>Bao g\u1ed3m\u00a0<strong>972+<\/strong>\u00a0chi\u1ebfc<\/li>\n<li>S\u00e1ch h\u01b0\u1edbng d\u1eabn s\u1eed d\u1ee5ng<\/li>\n<li>Kh\u1ed1i ABS ch\u1ea5t l\u01b0\u1ee3ng cao<\/li>\n<\/ul>","protected":false},"featured_media":20891,"comment_status":"open","ping_status":"closed","template":"","meta":{"_acf_changed":false},"product_cat":[371],"product_tag":[],"class_list":["product","first","instock","shipping-taxable","purchasable","product-type-simple"],"acf":[],"_links":{"self":[{"href":"https:\/\/mouldking.store\/vi\/wp-json\/wp\/v2\/product\/20893","targetHints":{"allow":["GET"]}}],"collection":[{"href":"https:\/\/mouldking.store\/vi\/wp-json\/wp\/v2\/product"}],"about":[{"href":"https:\/\/mouldking.store\/vi\/wp-json\/wp\/v2\/types\/product"}],"replies":[{"embeddable":true,"href":"https:\/\/mouldking.store\/vi\/wp-json\/wp\/v2\/comments?post=20893"}],"wp:featuredmedia":[{"embeddable":true,"href":"https:\/\/mouldking.store\/vi\/wp-json\/wp\/v2\/media\/20891"}],"wp:attachment":[{"href":"https:\/\/mouldking.store\/vi\/wp-json\/wp\/v2\/media?parent=20893"}],"wp:term":[{"taxonomy":"product_cat","embeddable":true,"href":"https:\/\/mouldking.store\/vi\/wp-json\/wp\/v2\/product_cat?post=20893"},{"taxonomy":"product_tag","embeddable":true,"href":"https:\/\/mouldking.store\/vi\/wp-json\/wp\/v2\/product_tag?post=20893"}],"curies":[{"name":"wp","href":"https:\/\/api.w.org\/{rel}","templated":true}]}}