{"id":20921,"date":"2021-10-09T04:58:05","date_gmt":"2021-10-09T04:58:05","guid":{"rendered":"https:\/\/mouldking.store\/shop\/moc-2267-6x6-offroad-modular-truck-technic-by-d3k-moc-factory\/"},"modified":"2025-12-25T09:24:24","modified_gmt":"2025-12-25T02:24:24","slug":"moc-2267-6x6-offroad-modular-truck-technic-by-d3k-moc-factory","status":"publish","type":"product","link":"https:\/\/mouldking.store\/vi\/shop\/moc-2267-6x6-offroad-modular-truck-technic-by-d3k-moc-factory\/","title":{"rendered":"MOC-2267 K\u1ef9 thu\u1eadt xe t\u1ea3i m\u00f4-\u0111un \u0111\u1ecba h\u00ecnh 6\u00d76 c\u1ee7a D3K MOC FACTORY"},"content":{"rendered":"<div>Xe t\u1ea3i \u0111\u1ecba h\u00ecnh 6\u00d76, d\u1ef1 \u0111\u1ecbnh c\u00f3 m\u1ed9t s\u1ed1 \u0111\u1ed3ng ph\u1ea1m \u1ea9n d\u1eadt s\u1ebd \u0111\u01b0\u1ee3c \u0111\u01b0a v\u00e0o c\u00e1c b\u1ea3n c\u1eadp nh\u1eadt trong t\u01b0\u01a1ng lai.<\/div>\n<div><\/div>\n<div>\u0110i\u1ec3m n\u1ed5i b\u1eadt H\u1ec7 d\u1eabn \u0111\u1ed9ng 6\u00d76 v\u1edbi vi sai ti\u00eau \u0111i\u1ec3m c\u00f3 th\u1ec3 kh\u00f3a, \u0111\u01b0\u1ee3c cung c\u1ea5p n\u0103ng l\u01b0\u1ee3ng b\u1edfi hai \u0111\u1ed9ng c\u01a1 XL, h\u1ec7 th\u1ed1ng treo trung t\u00e2m tr\u1ef1c ti\u1ebfp tr\u00ean m\u1ed7i m\u1ed9t trong ba tr\u1ee5c, d\u1eabn h\u01b0\u1edbng b\u1eb1ng \u0111\u1ed9ng c\u01a1 PF M, khoang c\u00f3 th\u1ec3 nghi\u00eang, \u0111\u1ed9ng c\u01a1 V8, n\u1ed9i th\u1ea5t \u0111\u01b0\u1ee3c chia th\u00e0nh t\u1eebng m\u1ee5c, l\u1ed1i v\u00e0o c\u00f3 th\u1ec3 m\u1edf \u0111\u01b0\u1ee3c.<\/div>\n<div><\/div>\n<div><img fetchpriority=\"high\" decoding=\"async\" class=\"alignnone size-full wp-image-195589\" src=\"https:\/\/pay.lpwstore.com\/wp-content\/uploads\/2020\/09\/New-Project-2020-09-04T172119.982.png\" alt=\"MOC-2267 6x6 Offroad Modular Truck Technic by D3K MOC FACTORY\" width=\"800\" height=\"800\" title=\"-\"> <img decoding=\"async\" class=\"alignnone size-full wp-image-195588\" src=\"https:\/\/pay.lpwstore.com\/wp-content\/uploads\/2020\/09\/New-Project-2020-09-04T172145.870.png\" alt=\"MOC-2267 6x6 Offroad Modular Truck Technic by D3K MOC FACTORY\" width=\"800\" height=\"800\" title=\"-\"> <img decoding=\"async\" class=\"alignnone size-full wp-image-195587\" src=\"https:\/\/pay.lpwstore.com\/wp-content\/uploads\/2020\/09\/New-Project-2020-09-04T172158.190.png\" alt=\"MOC-2267 6x6 Offroad Modular Truck Technic by D3K MOC FACTORY\" width=\"800\" height=\"800\" title=\"-\"><\/div>","protected":false},"excerpt":{"rendered":"<ul>\n<li>Bao g\u1ed3m\u00a0<strong>1926+<\/strong>\u00a0chi\u1ebfc<\/li>\n<li>S\u00e1ch h\u01b0\u1edbng d\u1eabn s\u1eed d\u1ee5ng<\/li>\n<li>Kh\u1ed1i ABS ch\u1ea5t l\u01b0\u1ee3ng cao<\/li>\n<\/ul>","protected":false},"featured_media":20918,"comment_status":"open","ping_status":"closed","template":"","meta":{"_acf_changed":false},"product_cat":[364],"product_tag":[],"class_list":["product","first","instock","shipping-taxable","purchasable","product-type-simple"],"acf":[],"_links":{"self":[{"href":"https:\/\/mouldking.store\/vi\/wp-json\/wp\/v2\/product\/20921","targetHints":{"allow":["GET"]}}],"collection":[{"href":"https:\/\/mouldking.store\/vi\/wp-json\/wp\/v2\/product"}],"about":[{"href":"https:\/\/mouldking.store\/vi\/wp-json\/wp\/v2\/types\/product"}],"replies":[{"embeddable":true,"href":"https:\/\/mouldking.store\/vi\/wp-json\/wp\/v2\/comments?post=20921"}],"wp:featuredmedia":[{"embeddable":true,"href":"https:\/\/mouldking.store\/vi\/wp-json\/wp\/v2\/media\/20918"}],"wp:attachment":[{"href":"https:\/\/mouldking.store\/vi\/wp-json\/wp\/v2\/media?parent=20921"}],"wp:term":[{"taxonomy":"product_cat","embeddable":true,"href":"https:\/\/mouldking.store\/vi\/wp-json\/wp\/v2\/product_cat?post=20921"},{"taxonomy":"product_tag","embeddable":true,"href":"https:\/\/mouldking.store\/vi\/wp-json\/wp\/v2\/product_tag?post=20921"}],"curies":[{"name":"wp","href":"https:\/\/api.w.org\/{rel}","templated":true}]}}