{"id":20932,"date":"2021-10-09T04:58:12","date_gmt":"2021-10-08T21:58:12","guid":{"rendered":"https:\/\/mouldking.store\/shop\/moc-12003-fortune-tellers-house-modular-buildings-by-brickvice-moc-factory\/"},"modified":"2025-12-25T09:24:23","modified_gmt":"2025-12-25T02:24:23","slug":"moc-12003-fortune-tellers-house-modular-buildings-by-brickvice-moc-factory","status":"publish","type":"product","link":"https:\/\/mouldking.store\/vi\/shop\/moc-12003-fortune-tellers-house-modular-buildings-by-brickvice-moc-factory\/","title":{"rendered":"MOC-12003 Ng\u00f4i nh\u00e0 c\u1ee7a th\u1ea7y b\u00f3i T\u00f2a nh\u00e0 m\u00f4-\u0111un c\u1ee7a BrickVice MOC FACTORY"},"content":{"rendered":"<div>T\u1ea1i t\u1ea7ng ch\u00ednh, ch\u00fang t\u00f4i kh\u00e1m ph\u00e1 n\u01a1i l\u00e0m vi\u1ec7c c\u1ee7a Th\u1ea7y b\u00f3i, v\u1edbi m\u1ed9t khu v\u1ef1c ti\u1ebfp kh\u00e1ch nh\u1ecf v\u00e0 n\u01a1i c\u00f4 \u1ea5y th\u1ef1c h\u00e0nh kh\u1ea3 n\u0103ng hi\u1ec3u c\u00e1c l\u00e1 b\u00e0i v\u00e0 v\u00f2ng b\u00f9a m\u00ea c\u1ee7a m\u00ecnh.<\/div>\n<div><\/div>\n<div>\u0110i l\u00ean cao h\u01a1n, ch\u00fang t\u00f4i b\u01b0\u1edbc v\u00e0o ng\u00f4i nh\u00e0 th\u1ef1c s\u1ef1 v\u1edbi b\u1ebfp v\u00e0 g\u00f3c studio.\u200b<\/div>\n<div><\/div>\n<div>Trong khu v\u1ef1c ng\u1ee7 g\u1eadt (\u1edf t\u1ea7ng ba), ch\u00fang t\u00f4i t\u00ecm th\u1ea5y chi\u1ebfc gi\u01b0\u1eddng nh\u00f4 ra v\u00e0 khu v\u1ef1c ph\u00f2ng v\u1ec7 sinh v\u1edbi m\u1ed9t chi\u1ebfc b\u1ed3n t\u1eafm d\u1ec5 ch\u1ecbu.<\/div>\n<div><\/div>\n<div><img fetchpriority=\"high\" decoding=\"async\" class=\"alignnone size-full wp-image-195573\" src=\"https:\/\/pay.lpwstore.com\/wp-content\/uploads\/2020\/09\/New-Project-2020-09-04T165427.671.png\" alt=\"MOC-12003 Fortune Teller&#039;s House Modular Buildings by BrickVice MOC FACTORY\" width=\"800\" height=\"800\" title=\"-\"> <img decoding=\"async\" class=\"alignnone size-full wp-image-195572\" src=\"https:\/\/pay.lpwstore.com\/wp-content\/uploads\/2020\/09\/New-Project-2020-09-04T165441.479.png\" alt=\"MOC-12003 Fortune Teller&#039;s House Modular Buildings by BrickVice MOC FACTORY\" width=\"800\" height=\"800\" title=\"-\"><\/div>","protected":false},"excerpt":{"rendered":"<ul>\n<li>Bao g\u1ed3m\u00a0<strong>2399+<\/strong>\u00a0chi\u1ebfc<\/li>\n<li>S\u00e1ch h\u01b0\u1edbng d\u1eabn s\u1eed d\u1ee5ng<\/li>\n<li>Kh\u1ed1i ABS ch\u1ea5t l\u01b0\u1ee3ng cao<\/li>\n<\/ul>","protected":false},"featured_media":20930,"comment_status":"open","ping_status":"closed","template":"","meta":{"_acf_changed":false},"product_cat":[390],"product_tag":[],"class_list":["product","first","instock","shipping-taxable","purchasable","product-type-simple"],"acf":[],"_links":{"self":[{"href":"https:\/\/mouldking.store\/vi\/wp-json\/wp\/v2\/product\/20932","targetHints":{"allow":["GET"]}}],"collection":[{"href":"https:\/\/mouldking.store\/vi\/wp-json\/wp\/v2\/product"}],"about":[{"href":"https:\/\/mouldking.store\/vi\/wp-json\/wp\/v2\/types\/product"}],"replies":[{"embeddable":true,"href":"https:\/\/mouldking.store\/vi\/wp-json\/wp\/v2\/comments?post=20932"}],"wp:featuredmedia":[{"embeddable":true,"href":"https:\/\/mouldking.store\/vi\/wp-json\/wp\/v2\/media\/20930"}],"wp:attachment":[{"href":"https:\/\/mouldking.store\/vi\/wp-json\/wp\/v2\/media?parent=20932"}],"wp:term":[{"taxonomy":"product_cat","embeddable":true,"href":"https:\/\/mouldking.store\/vi\/wp-json\/wp\/v2\/product_cat?post=20932"},{"taxonomy":"product_tag","embeddable":true,"href":"https:\/\/mouldking.store\/vi\/wp-json\/wp\/v2\/product_tag?post=20932"}],"curies":[{"name":"wp","href":"https:\/\/api.w.org\/{rel}","templated":true}]}}