{"id":20972,"date":"2021-10-09T04:58:25","date_gmt":"2021-10-09T04:58:25","guid":{"rendered":"https:\/\/mouldking.store\/shop\/moc-90024-van-gogh-the-starry-night-mocfactory\/"},"modified":"2025-12-25T09:24:23","modified_gmt":"2025-12-25T02:24:23","slug":"moc-90024-van-gogh-the-starry-night-mocfactory","status":"publish","type":"product","link":"https:\/\/mouldking.store\/vi\/shop\/moc-90024-van-gogh-the-starry-night-mocfactory\/","title":{"rendered":"MOC-90024 Van Gogh: \u0110\u00eam \u0111\u1ea7y sao MOCFACTORY"},"content":{"rendered":"<p style=\"text-align: left\">B\u1ed9 n\u00e0y l\u00e0 m\u1ed9t gi\u1ea3i th\u01b0\u1edfng cho h\u1ecda s\u0129 ng\u01b0\u1eddi H\u00e0 Lan van Gogh. K\u1ebf ho\u1ea1ch ph\u1ee5 thu\u1ed9c v\u00e0o t\u00e1c ph\u1ea9m ngh\u1ec7 thu\u1eadt \u201c\u0110\u00eam \u0111\u1ea7y sao\u201d c\u1ee7a van Gogh, \u0111\u01b0\u1ee3c v\u1ebd v\u00e0o n\u0103m 1889. B\u1ed9 tranh t\u00e1i hi\u1ec7n l\u1ea1i b\u1ee9c v\u1ebd \u0111\u1ea7u ti\u00ean trong m\u1ed9t c\u1ea3nh 3D, v\u1edbi \u0111i\u1ec3m nh\u1ea5n ch\u1eafc ch\u1eafn l\u00e0 c\u00e1c n\u00e9t c\u1ecd kh\u00e9t ti\u1ebfng c\u1ee7a ng\u01b0\u1eddi ngh\u1ec7 nh\u00e2n v\u00e0 s\u1ef1 l\u1ef1a ch\u1ecdn m\u00e0u s\u1eafc. C\u00e1c ph\u01b0\u01a1ng ph\u00e1p kh\u00e1c nhau \u0111\u01b0\u1ee3c s\u1eed d\u1ee5ng \u0111\u1ec3 t\u00e1i t\u1ea1o t\u00e1c ph\u1ea9m c\u1ecd \u0111\u00e1ng y\u00eau c\u1ee7a van Gogh.<\/p>\n<p><a href=\"https:\/\/pay.lpwstore.com\/wp-content\/uploads\/2020\/09\/MOC-90024-Van-Gogh-The-Starry-Night-MOCFACTORY.jpg\" target=\"_blank\" rel=\"noopener\"><img fetchpriority=\"high\" decoding=\"async\" class=\"aligncenter wp-image-195927 size-full\" title=\"MOC-90024-Van-Gogh-The-Starry-Night-MOCFACTORY\" src=\"https:\/\/pay.lpwstore.com\/wp-content\/uploads\/2020\/09\/MOC-90024-Van-Gogh-The-Starry-Night-MOCFACTORY.jpg\" alt=\"MOC-90024-Van-Gogh-The-Starry-Night-MOCFACTORY\" width=\"800\" height=\"800\" \/><\/a> <img decoding=\"async\" class=\"alignnone size-full wp-image-195928 aligncenter\" src=\"https:\/\/pay.lpwstore.com\/wp-content\/uploads\/2020\/09\/MOC-90024-Van-Gogh-The-Starry-Night-MOCFACTORY-2.jpg\" alt=\"MOC-90024-Van-Gogh-The-Starry-Night-MOCFACTORY-2\" width=\"800\" height=\"800\" title=\"-\"> <img decoding=\"async\" class=\"alignnone size-full wp-image-195929 aligncenter\" src=\"https:\/\/pay.lpwstore.com\/wp-content\/uploads\/2020\/09\/MOC-90024-Van-Gogh-The-Starry-Night-MOCFACTORY-3.jpg\" alt=\"MOC-90024-Van-Gogh-The-Starry-Night-MOCFACTORY-3\" width=\"800\" height=\"800\" title=\"-\"> <img loading=\"lazy\" decoding=\"async\" class=\"alignnone size-full wp-image-195930 aligncenter\" src=\"https:\/\/pay.lpwstore.com\/wp-content\/uploads\/2020\/09\/MOC-90024-Van-Gogh-The-Starry-Night-MOCFACTORY-4.jpg\" alt=\"MOC-90024-Van-Gogh-The-Starry-Night-MOCFACTORY-4\" width=\"800\" height=\"800\" title=\"-\"><\/p>","protected":false},"excerpt":{"rendered":"<ul>\n<li>Bao g\u1ed3m <strong>1554+<\/strong> chi\u1ebfc<\/li>\n<li>H\u01b0\u1edbng d\u1eabn PDF tr\u1ef1c tuy\u1ebfn<\/li>\n<li>Kh\u1ed1i ABS ch\u1ea5t l\u01b0\u1ee3ng cao<\/li>\n<\/ul>","protected":false},"featured_media":20968,"comment_status":"open","ping_status":"closed","template":"","meta":{"_acf_changed":false},"product_cat":[371],"product_tag":[],"class_list":["product","first","instock","shipping-taxable","purchasable","product-type-simple"],"acf":[],"_links":{"self":[{"href":"https:\/\/mouldking.store\/vi\/wp-json\/wp\/v2\/product\/20972","targetHints":{"allow":["GET"]}}],"collection":[{"href":"https:\/\/mouldking.store\/vi\/wp-json\/wp\/v2\/product"}],"about":[{"href":"https:\/\/mouldking.store\/vi\/wp-json\/wp\/v2\/types\/product"}],"replies":[{"embeddable":true,"href":"https:\/\/mouldking.store\/vi\/wp-json\/wp\/v2\/comments?post=20972"}],"wp:featuredmedia":[{"embeddable":true,"href":"https:\/\/mouldking.store\/vi\/wp-json\/wp\/v2\/media\/20968"}],"wp:attachment":[{"href":"https:\/\/mouldking.store\/vi\/wp-json\/wp\/v2\/media?parent=20972"}],"wp:term":[{"taxonomy":"product_cat","embeddable":true,"href":"https:\/\/mouldking.store\/vi\/wp-json\/wp\/v2\/product_cat?post=20972"},{"taxonomy":"product_tag","embeddable":true,"href":"https:\/\/mouldking.store\/vi\/wp-json\/wp\/v2\/product_tag?post=20972"}],"curies":[{"name":"wp","href":"https:\/\/api.w.org\/{rel}","templated":true}]}}