{"id":20976,"date":"2021-10-09T04:58:26","date_gmt":"2021-10-08T21:58:26","guid":{"rendered":"https:\/\/mouldking.store\/shop\/moc-22451-super-mario-bros-table-top-creator-by-mkibs-mocfactory\/"},"modified":"2025-12-25T09:24:23","modified_gmt":"2025-12-25T02:24:23","slug":"moc-22451-super-mario-bros-table-top-creator-by-mkibs-mocfactory","status":"publish","type":"product","link":"https:\/\/mouldking.store\/vi\/shop\/moc-22451-super-mario-bros-table-top-creator-by-mkibs-mocfactory\/","title":{"rendered":"MOC-22451 Tr\u00ecnh t\u1ea1o m\u1eb7t b\u00e0n Super Mario Bros c\u1ee7a mkibs MOCFACTORY"},"content":{"rendered":"<p style=\"text-align: left\">H\u00e3y c\u1ea9n th\u1eadn, c\u00e1i n\u00e0y kh\u00f4ng d\u00e0nh cho ng\u01b0\u1eddi r\u1ee5t r\u00e8 n\u00f3i \u0111i\u1ec1u g\u00ec \u0111\u00f3 v\u1edbi 2458 mi\u1ebfng n\u1eb7ng v\u00e0 c\u00f3 k\u00edch th\u01b0\u1edbc r\u1ed9ng 115 cm x cao 64 cm!<\/p>\n<p><a href=\"https:\/\/pay.lpwstore.com\/wp-content\/uploads\/2020\/09\/MOC-22451-Super-Mario-Bros-Table-Top-Creator-by-mkibs-MOCFACTORY.jpg\" target=\"_blank\" rel=\"noopener\"><img fetchpriority=\"high\" decoding=\"async\" class=\"aligncenter wp-image-195932 size-full\" title=\"MOC-22451-Super-Mario-Bros-Table-Top-Creator-by-mkibs-MOCFACTORY\" src=\"https:\/\/pay.lpwstore.com\/wp-content\/uploads\/2020\/09\/MOC-22451-Super-Mario-Bros-Table-Top-Creator-by-mkibs-MOCFACTORY.jpg\" alt=\"MOC-22451-Super-Mario-Bros-Table-Top-Creator-by-mkibs-MOCFACTORY\" width=\"800\" height=\"800\" \/><\/a> <img decoding=\"async\" class=\"alignnone size-full wp-image-195933 aligncenter\" src=\"https:\/\/pay.lpwstore.com\/wp-content\/uploads\/2020\/09\/MOC-22451-Super-Mario-Bros-Table-Top-Creator-by-mkibs-MOCFACTORY-2.jpg\" alt=\"MOC-22451-Super-Mario-Bros-Table-Top-Creator-by-mkibs-MOCFACTORY-2\" width=\"800\" height=\"800\" title=\"-\"> <img decoding=\"async\" class=\"alignnone size-full wp-image-195935 aligncenter\" src=\"https:\/\/pay.lpwstore.com\/wp-content\/uploads\/2020\/09\/MOC-22451-Super-Mario-Bros-Table-Top-Creator-by-mkibs-MOCFACTORY-3.jpg\" alt=\"MOC-22451-Super-Mario-Bros-Table-Top-Creator-by-mkibs-MOCFACTORY-3\" width=\"800\" height=\"800\" title=\"-\"><\/p>","protected":false},"excerpt":{"rendered":"<ul>\n<li>Bao g\u1ed3m <strong>2458+<\/strong> chi\u1ebfc<\/li>\n<li>H\u01b0\u1edbng d\u1eabn PDF tr\u1ef1c tuy\u1ebfn<\/li>\n<li>Kh\u1ed1i ABS ch\u1ea5t l\u01b0\u1ee3ng cao<\/li>\n<\/ul>","protected":false},"featured_media":20973,"comment_status":"open","ping_status":"closed","template":"","meta":{"_acf_changed":false},"product_cat":[371],"product_tag":[],"class_list":["product","first","outofstock","shipping-taxable","purchasable","product-type-simple"],"acf":[],"_links":{"self":[{"href":"https:\/\/mouldking.store\/vi\/wp-json\/wp\/v2\/product\/20976","targetHints":{"allow":["GET"]}}],"collection":[{"href":"https:\/\/mouldking.store\/vi\/wp-json\/wp\/v2\/product"}],"about":[{"href":"https:\/\/mouldking.store\/vi\/wp-json\/wp\/v2\/types\/product"}],"replies":[{"embeddable":true,"href":"https:\/\/mouldking.store\/vi\/wp-json\/wp\/v2\/comments?post=20976"}],"wp:featuredmedia":[{"embeddable":true,"href":"https:\/\/mouldking.store\/vi\/wp-json\/wp\/v2\/media\/20973"}],"wp:attachment":[{"href":"https:\/\/mouldking.store\/vi\/wp-json\/wp\/v2\/media?parent=20976"}],"wp:term":[{"taxonomy":"product_cat","embeddable":true,"href":"https:\/\/mouldking.store\/vi\/wp-json\/wp\/v2\/product_cat?post=20976"},{"taxonomy":"product_tag","embeddable":true,"href":"https:\/\/mouldking.store\/vi\/wp-json\/wp\/v2\/product_tag?post=20976"}],"curies":[{"name":"wp","href":"https:\/\/api.w.org\/{rel}","templated":true}]}}