{"id":20991,"date":"2021-10-09T04:58:39","date_gmt":"2021-10-08T21:58:39","guid":{"rendered":"https:\/\/mouldking.store\/shop\/moc-42632-back-to-the-future-1985-delorean-time-machine-by-luissaladrigas-moc-factory\/"},"modified":"2025-12-25T09:24:21","modified_gmt":"2025-12-25T02:24:21","slug":"moc-42632-back-to-the-future-1985-delorean-time-machine-by-luissaladrigas-moc-factory","status":"publish","type":"product","link":"https:\/\/mouldking.store\/vi\/shop\/moc-42632-back-to-the-future-1985-delorean-time-machine-by-luissaladrigas-moc-factory\/","title":{"rendered":"MOC 42632 Back to the Future 1985 DeLorean Time Machine by luissaladrigas MOC FACTORY"},"content":{"rendered":"<p><strong>TH\u00d4NG TIN S\u1ea2N PH\u1ea8M<\/strong><\/p>\n<p>MOC 42632 Back to the Future 1985 DeLorean Time Machine by luissaladrigas MOC FACTORY is based\u00a0 on a famous car &#8211; Time Machine in the\u00a0 film: Back to the Future franchise, MOC 4262 designed by dropey1479 in rebrickable, with some small modified and , NO CHROME BRICKS, NO INCLUDE MINIFIGURES.\u00a0 It&#8217;s an awesome Brick set MOC 42632 Back to the Future 1985 DeLorean Time Machine by luissaladrigas MOC FACTORY<\/p>\n<p>In the Back to the Future franchise, the DeLorean time machine is a time travel device made by retro fitting a DMC DeLorean vehicle with a flux capacitor. The car requires 1.21 gigawatts of power and needs to travel 88 miles per hour (142 km\/h) to initiate time travel.One of the cars used in filming is on display in a museum in Paarl, South Africa. The official Back to the Future DeLorean can be viewed at the Petersen Automotive Museum.<\/p>\n<figure id=\"attachment_193748\" class=\"wp-caption alignnone\" style=\"width: 1020px\" aria-describedby=\"caption-attachment-193748\"><img fetchpriority=\"high\" decoding=\"async\" class=\"wp-image-193748 size-large\" src=\"https:\/\/pay.lpwstore.com\/wp-content\/uploads\/2020\/07\/MOC-42632-Back-to-the-Future-1985-DeLorean-Time-Machine-byluissaladrigas-MOC-FACTORY-9-1024x576.jpg\" alt=\"-\" width=\"1020\" height=\"574\" title=\"-\"><figcaption id=\"caption-attachment-193748\" class=\"wp-caption-text\">MOC 42632 Back to the Future 1985 DeLorean Time Machine by luissaladrigas MOC FACTORY<\/figcaption><\/figure>\n<blockquote><p>MOC Number: 42632 Name of MOC: Back to the Future 1985 DeLorean Time Machine Designed by: luissaladrigas Designed in: 2020 Number of parts: 2583 parts Category: Other&gt;Film<\/p><\/blockquote>\n<ul>\n<li>+ 2583\u00a0 pieces made from high-quality 100% ABS plastic bricks, safe for children, long time to play, 100% compatible with other brick brands<\/li>\n<li><strong>KH\u00d4NG C\u00d3 PH\u1ea6N CHROME, KH\u00d4NG C\u00d3 CH\u1ee8C N\u0102NG NGU\u1ed2N, KH\u00d4NG C\u00d3 NH\u00c3N. M\u1ed9t s\u1ed1 h\u00ecnh \u1ea3nh v\u1ec1 MOC n\u00e0y ch\u1ec9 mang t\u00ednh ch\u1ea5t minh h\u1ecda<\/strong><\/li>\n<li><span style=\"font-size: 14.4px\">Easy-to-build with manual instruction of MOC 42632 Back to the Future 1985 DeLorean Time Machine by luissaladrigas MOC FACTORY <\/span><span style=\"font-size: 14.4px;color: #555555\">v\u1edbi g\u1ea1ch b\u1eb1ng g\u1ea1ch h\u01b0\u1edbng d\u1eabn v\u00e0 h\u00ecnh \u1ea3nh ch\u1ea5t l\u01b0\u1ee3ng cao<\/span><\/li>\n<li><span style=\"font-size: 14.4px\">Full dimensions of MMOC 42632 Back to the Future 1985 DeLorean Time Machine by luissaladrigas MOC FACTORY<\/span><\/li>\n<\/ul>\n<h4><strong>B\u1ea2O \u0110\u1ea2M<\/strong><\/h4>\n<p>We guarantee for MOC 42632 Back to the Future 1985 DeLorean Time Machine by luissaladrigas MOC FACTORY<\/p>\n<ul>\n<li>Ho\u00e0n tr\u1ea3 \u0111\u1ea7y \u0111\u1ee7 n\u1ebfu kh\u00f4ng nh\u1eadn \u0111\u01b0\u1ee3c \u0111\u01a1n \u0111\u1eb7t h\u00e0ng c\u1ee7a b\u1ea1n<\/li>\n<li>Cung c\u1ea5p mi\u1ec5n ph\u00ed c\u00e1c ph\u1ea7n c\u00f2n thi\u1ebfu ho\u1eb7c s\u00e1ch h\u01b0\u1edbng d\u1eabn<\/li>\n<li>Kh\u00e1ch h\u00e0ng s\u1ebd kh\u00f4ng ph\u1ea3i tr\u1ea3 th\u00eam b\u1ea5t k\u1ef3 kho\u1ea3n thu\u1ebf v\u00e0 l\u1ec7 ph\u00ed h\u1ea3i quan n\u00e0o. (N\u1ebfu b\u1ea1n ph\u1ea3i tr\u1ea3 ti\u1ec1n, ch\u00fang t\u00f4i s\u1ebd ho\u00e0n l\u1ea1i ti\u1ec1n cho b\u1ea1n)<\/li>\n<li>V\u1eadn chuy\u1ec3n qu\u1ed1c t\u1ebf kh\u00e1 ph\u1ee9c t\u1ea1p, ch\u00fang t\u00f4i c\u1ed1 g\u1eafng h\u1ebft s\u1ee9c \u0111\u1ec3 x\u1eed l\u00fd t\u1ea5t c\u1ea3 c\u00e1c v\u1ea5n \u0111\u1ec1 c\u1ee7a b\u1ea1n. Tuy nhi\u00ean, n\u1ebfu \u0111\u01a1n \u0111\u1eb7t h\u00e0ng c\u1ee7a b\u1ea1n g\u1eb7p m\u1ed9t s\u1ed1 r\u1eafc r\u1ed1i, vui l\u00f2ng li\u00ean h\u1ec7 v\u1edbi ch\u00fang t\u00f4i qua email<\/li>\n<li><span data-text-color=\"alert\"><strong>H\u1ee7y \u0111\u01a1n h\u00e0ng:<\/strong><\/span> N\u1ebfu c\u1ea7n h\u1ee7y \u0111\u01a1n h\u00e0ng, b\u1ea1n c\u1ea7n li\u00ean h\u1ec7 v\u1edbi ch\u00fang t\u00f4i qua email contact@pay.lpwstore.com c\u00e0ng s\u1edbm c\u00e0ng t\u1ed1t. Ch\u00fang t\u00f4i kh\u00f4ng th\u1ec3 d\u1eebng \u0111\u1eb7t h\u00e0ng cho \u0111\u1ebfn 48 gi\u1edd<\/li>\n<\/ul>\n<h4><strong>\u0110ANG CHUY\u1ec2N H\u00c0NG<\/strong><\/h4>\n<p>MOC 42632 Back to the Future 1985 DeLorean Time Machine b yluissaladrigas MOC FACTORYY will be ready for ship in SEPTEMBER 2020. Please wait for us. If you want to cancel the pre-order, contact us via email, we will full refund to you<\/p>\n<h4><strong>NH\u1eeeNG PH\u1ea6N C\u00d2N THI\u1ebeU<\/strong><\/h4>\n<p>All parts of MOC 42632 Back to the Future 1985 DeLorean Time Machine by luissaladrigas MOC FACTORY \u00a0are quality checked before shipping, so if you find some missing or damaged parts, don&#8217;t worry. Please contact us and we will send them to you without any fees, or we will offer a small refund for you to buy in other places.<\/p>\n<figure id=\"attachment_193740\" class=\"wp-caption alignnone\" style=\"width: 1020px\" aria-describedby=\"caption-attachment-193740\"><img decoding=\"async\" class=\"wp-image-193740 size-large\" src=\"https:\/\/pay.lpwstore.com\/wp-content\/uploads\/2020\/07\/MOC-42632-Back-to-the-Future-1985-DeLorean-Time-Machine-byluissaladrigas-MOC-FACTORY-1-1024x576.png\" alt=\"-\" width=\"1020\" height=\"574\" title=\"-\"><figcaption id=\"caption-attachment-193740\" class=\"wp-caption-text\">MOC 42632 Back to the Future 1985 DeLorean Time Machine by luissaladrigas MOC FACTORY<\/figcaption><\/figure>\n<figure id=\"attachment_193739\" class=\"wp-caption alignnone\" style=\"width: 1020px\" aria-describedby=\"caption-attachment-193739\"><img decoding=\"async\" class=\"wp-image-193739 size-large\" src=\"https:\/\/pay.lpwstore.com\/wp-content\/uploads\/2020\/07\/MOC-42632-Back-to-the-Future-1985-DeLorean-Time-Machine-byluissaladrigas-MOC-FACTORY-1-1024x576.jpg\" alt=\"-\" width=\"1020\" height=\"574\" title=\"-\"><figcaption id=\"caption-attachment-193739\" class=\"wp-caption-text\">MOC 42632 Back to the Future 1985 DeLorean Time Machine by luissaladrigas MOC FACTORY<\/figcaption><\/figure>\n<figure id=\"attachment_193741\" class=\"wp-caption alignnone\" style=\"width: 1020px\" aria-describedby=\"caption-attachment-193741\"><img loading=\"lazy\" decoding=\"async\" class=\"wp-image-193741 size-large\" src=\"https:\/\/pay.lpwstore.com\/wp-content\/uploads\/2020\/07\/MOC-42632-Back-to-the-Future-1985-DeLorean-Time-Machine-byluissaladrigas-MOC-FACTORY-2-1024x576.jpg\" alt=\"-\" width=\"1020\" height=\"574\" title=\"-\"><figcaption id=\"caption-attachment-193741\" class=\"wp-caption-text\">MOC 42632 Back to the Future 1985 DeLorean Time Machine by luissaladrigas MOC FACTORY<\/figcaption><\/figure>\n<figure id=\"attachment_193742\" class=\"wp-caption alignnone\" style=\"width: 1020px\" aria-describedby=\"caption-attachment-193742\"><img loading=\"lazy\" decoding=\"async\" class=\"wp-image-193742 size-large\" src=\"https:\/\/pay.lpwstore.com\/wp-content\/uploads\/2020\/07\/MOC-42632-Back-to-the-Future-1985-DeLorean-Time-Machine-byluissaladrigas-MOC-FACTORY-3-1024x576.jpg\" alt=\"-\" width=\"1020\" height=\"574\" title=\"-\"><figcaption id=\"caption-attachment-193742\" class=\"wp-caption-text\">MOC 42632 Back to the Future 1985 DeLorean Time Machine by luissaladrigas MOC FACTORY<\/figcaption><\/figure>\n<figure id=\"attachment_193743\" class=\"wp-caption alignnone\" style=\"width: 1020px\" aria-describedby=\"caption-attachment-193743\"><img loading=\"lazy\" decoding=\"async\" class=\"wp-image-193743 size-large\" src=\"https:\/\/pay.lpwstore.com\/wp-content\/uploads\/2020\/07\/MOC-42632-Back-to-the-Future-1985-DeLorean-Time-Machine-byluissaladrigas-MOC-FACTORY-4-1024x576.jpg\" alt=\"-\" width=\"1020\" height=\"574\" title=\"-\"><figcaption id=\"caption-attachment-193743\" class=\"wp-caption-text\">MOC 42632 Back to the Future 1985 DeLorean Time Machine by luissaladrigas MOC FACTORY<\/figcaption><\/figure>\n<figure id=\"attachment_193744\" class=\"wp-caption alignnone\" style=\"width: 1020px\" aria-describedby=\"caption-attachment-193744\"><img loading=\"lazy\" decoding=\"async\" class=\"wp-image-193744 size-large\" src=\"https:\/\/pay.lpwstore.com\/wp-content\/uploads\/2020\/07\/MOC-42632-Back-to-the-Future-1985-DeLorean-Time-Machine-byluissaladrigas-MOC-FACTORY-5-1024x576.jpg\" alt=\"-\" width=\"1020\" height=\"574\" title=\"-\"><figcaption id=\"caption-attachment-193744\" class=\"wp-caption-text\">MOC 42632 Back to the Future 1985 DeLorean Time Machine by luissaladrigas MOC FACTORY<\/figcaption><\/figure>\n<figure id=\"attachment_193745\" class=\"wp-caption alignnone\" style=\"width: 1020px\" aria-describedby=\"caption-attachment-193745\"><img loading=\"lazy\" decoding=\"async\" class=\"wp-image-193745 size-large\" src=\"https:\/\/pay.lpwstore.com\/wp-content\/uploads\/2020\/07\/MOC-42632-Back-to-the-Future-1985-DeLorean-Time-Machine-byluissaladrigas-MOC-FACTORY-6-1024x576.jpg\" alt=\"-\" width=\"1020\" height=\"574\" title=\"-\"><figcaption id=\"caption-attachment-193745\" class=\"wp-caption-text\">MOC 42632 Back to the Future 1985 DeLorean Time Machine by luissaladrigas MOC FACTORY<\/figcaption><\/figure>\n<figure id=\"attachment_193746\" class=\"wp-caption alignnone\" style=\"width: 1020px\" aria-describedby=\"caption-attachment-193746\"><img loading=\"lazy\" decoding=\"async\" class=\"wp-image-193746 size-large\" src=\"https:\/\/pay.lpwstore.com\/wp-content\/uploads\/2020\/07\/MOC-42632-Back-to-the-Future-1985-DeLorean-Time-Machine-byluissaladrigas-MOC-FACTORY-7-1024x576.jpg\" alt=\"-\" width=\"1020\" height=\"574\" title=\"-\"><figcaption id=\"caption-attachment-193746\" class=\"wp-caption-text\">MOC 42632 Back to the Future 1985 DeLorean Time Machine by luissaladrigas MOC FACTORY<\/figcaption><\/figure>\n<figure id=\"attachment_193747\" class=\"wp-caption alignnone\" style=\"width: 1020px\" aria-describedby=\"caption-attachment-193747\"><img loading=\"lazy\" decoding=\"async\" class=\"wp-image-193747 size-large\" src=\"https:\/\/pay.lpwstore.com\/wp-content\/uploads\/2020\/07\/MOC-42632-Back-to-the-Future-1985-DeLorean-Time-Machine-byluissaladrigas-MOC-FACTORY-8-1024x576.jpg\" alt=\"-\" width=\"1020\" height=\"574\" title=\"-\"><figcaption id=\"caption-attachment-193747\" class=\"wp-caption-text\">MOC 42632 Back to the Future 1985 DeLorean Time Machine by luissaladrigas MOC FACTORY<\/figcaption><\/figure>\n<figure id=\"attachment_193749\" class=\"wp-caption alignnone\" style=\"width: 1020px\" aria-describedby=\"caption-attachment-193749\"><img loading=\"lazy\" decoding=\"async\" class=\"wp-image-193749 size-large\" src=\"https:\/\/pay.lpwstore.com\/wp-content\/uploads\/2020\/07\/MOC-42632-Back-to-the-Future-1985-DeLorean-Time-Machine-byluissaladrigas-MOC-FACTORY-10-1024x576.jpg\" alt=\"-\" width=\"1020\" height=\"574\" title=\"-\"><figcaption id=\"caption-attachment-193749\" class=\"wp-caption-text\">MOC 42632 Back to the Future 1985 DeLorean Time Machine by luissaladrigas MOC FACTORY<\/figcaption><\/figure>","protected":false},"excerpt":{"rendered":"<h3><strong>MOC 42632 Back to the Future 1985 DeLorean Time Machine by luissaladrigas MOC FACTORY<\/strong><\/h3>\n<ul>\n<li>S\u1ed1 l\u01b0\u1ee3ng g\u1ea1ch:<strong> +2583 <\/strong>chi\u1ebfc<\/li>\n<li><strong><span data-text-color=\"alert\">NO CHROME PART, NO POWER FUNCTION, NO LABEL<\/span>. Some pictures of this MOC are for illustrative purposes only<\/strong><\/li>\n<li>D\u1ecbch v\u1ee5: Ph\u1ee5 t\u00f9ng thay th\u1ebf mi\u1ec5n ph\u00ed<\/li>\n<li>L\u01b0u \u00fd: Kh\u00f4ng c\u00f3 h\u1ed9p g\u1ed1c, s\u1eed d\u1ee5ng t\u00fai bong b\u00f3ng ho\u1eb7c h\u1ed9p tr\u1ed1ng.<\/li>\n<\/ul>","protected":false},"featured_media":20979,"comment_status":"open","ping_status":"closed","template":"","meta":{"_acf_changed":false},"product_cat":[15],"product_tag":[],"class_list":["product","first","instock","shipping-taxable","purchasable","product-type-simple"],"acf":[],"_links":{"self":[{"href":"https:\/\/mouldking.store\/vi\/wp-json\/wp\/v2\/product\/20991","targetHints":{"allow":["GET"]}}],"collection":[{"href":"https:\/\/mouldking.store\/vi\/wp-json\/wp\/v2\/product"}],"about":[{"href":"https:\/\/mouldking.store\/vi\/wp-json\/wp\/v2\/types\/product"}],"replies":[{"embeddable":true,"href":"https:\/\/mouldking.store\/vi\/wp-json\/wp\/v2\/comments?post=20991"}],"wp:featuredmedia":[{"embeddable":true,"href":"https:\/\/mouldking.store\/vi\/wp-json\/wp\/v2\/media\/20979"}],"wp:attachment":[{"href":"https:\/\/mouldking.store\/vi\/wp-json\/wp\/v2\/media?parent=20991"}],"wp:term":[{"taxonomy":"product_cat","embeddable":true,"href":"https:\/\/mouldking.store\/vi\/wp-json\/wp\/v2\/product_cat?post=20991"},{"taxonomy":"product_tag","embeddable":true,"href":"https:\/\/mouldking.store\/vi\/wp-json\/wp\/v2\/product_tag?post=20991"}],"curies":[{"name":"wp","href":"https:\/\/api.w.org\/{rel}","templated":true}]}}