{"id":21043,"date":"2021-10-09T04:59:51","date_gmt":"2021-10-08T21:59:51","guid":{"rendered":"https:\/\/mouldking.store\/shop\/moc-49680-the-five-senses-creator-by-gabizon-mocfactory\/"},"modified":"2025-12-25T09:24:20","modified_gmt":"2025-12-25T02:24:20","slug":"moc-49680-the-five-senses-creator-by-gabizon-mocfactory","status":"publish","type":"product","link":"https:\/\/mouldking.store\/vi\/shop\/moc-49680-the-five-senses-creator-by-gabizon-mocfactory\/","title":{"rendered":"MOC-49680 The Five Senses Creator c\u1ee7a gabizon MOCFACTORY"},"content":{"rendered":"<p>N\u0103m ph\u00e1t hi\u1ec7n: M\u00f4 h\u00ecnh n\u00e0y l\u00e0 m\u1ed9t m\u00f4 h\u00ecnh h\u01b0\u1edbng d\u1eabn d\u00e0nh cho c\u00e1c tr\u01b0\u1eddng h\u1ecdc v\u00e0 t\u1ed5 ch\u1ee9c c\u1ea7n truy\u1ec1n t\u1ea3i th\u00f4ng \u0111i\u1ec7p v\u00e0 th\u1ec3 hi\u1ec7n nh\u1eefng ng\u01b0\u1eddi tr\u1ebb tu\u1ed5i theo c\u00e1ch d\u1ec5 ch\u1ecbu h\u01a1n.<\/p>\n<p><a href=\"https:\/\/pay.lpwstore.com\/wp-content\/uploads\/2020\/09\/MOC-49680-The-Five-Senses-Creator-by-gabizon-MOCFACTORY.jpg\" target=\"_blank\" rel=\"noopener\"><img fetchpriority=\"high\" decoding=\"async\" class=\"aligncenter wp-image-196106 size-full\" title=\"MOC-49680-The-Five-Senses-Creator-by-gabizon-MOCFACTORY\" src=\"https:\/\/pay.lpwstore.com\/wp-content\/uploads\/2020\/09\/MOC-49680-The-Five-Senses-Creator-by-gabizon-MOCFACTORY.jpg\" alt=\"MOC-49680-The-Five-Senses-Creator-by-gabizon-MOCFACTORY\" width=\"800\" height=\"800\" \/><\/a><\/p>","protected":false},"excerpt":{"rendered":"<ul>\n<li>Bao g\u1ed3m <strong>877+<\/strong> chi\u1ebfc<\/li>\n<li>H\u01b0\u1edbng d\u1eabn PDF tr\u1ef1c tuy\u1ebfn<\/li>\n<li>Kh\u1ed1i ABS ch\u1ea5t l\u01b0\u1ee3ng cao<\/li>\n<\/ul>","protected":false},"featured_media":21042,"comment_status":"open","ping_status":"closed","template":"","meta":{"_acf_changed":false},"product_cat":[371],"product_tag":[],"class_list":["product","first","instock","shipping-taxable","purchasable","product-type-simple"],"acf":[],"_links":{"self":[{"href":"https:\/\/mouldking.store\/vi\/wp-json\/wp\/v2\/product\/21043","targetHints":{"allow":["GET"]}}],"collection":[{"href":"https:\/\/mouldking.store\/vi\/wp-json\/wp\/v2\/product"}],"about":[{"href":"https:\/\/mouldking.store\/vi\/wp-json\/wp\/v2\/types\/product"}],"replies":[{"embeddable":true,"href":"https:\/\/mouldking.store\/vi\/wp-json\/wp\/v2\/comments?post=21043"}],"wp:featuredmedia":[{"embeddable":true,"href":"https:\/\/mouldking.store\/vi\/wp-json\/wp\/v2\/media\/21042"}],"wp:attachment":[{"href":"https:\/\/mouldking.store\/vi\/wp-json\/wp\/v2\/media?parent=21043"}],"wp:term":[{"taxonomy":"product_cat","embeddable":true,"href":"https:\/\/mouldking.store\/vi\/wp-json\/wp\/v2\/product_cat?post=21043"},{"taxonomy":"product_tag","embeddable":true,"href":"https:\/\/mouldking.store\/vi\/wp-json\/wp\/v2\/product_tag?post=21043"}],"curies":[{"name":"wp","href":"https:\/\/api.w.org\/{rel}","templated":true}]}}