{"id":21063,"date":"2021-10-09T05:00:24","date_gmt":"2021-10-08T22:00:24","guid":{"rendered":"https:\/\/mouldking.store\/shop\/moc-17299-shuttle-tydirium-display-stand-lego-75094-set-star-wars-by-barneius-mocfactory\/"},"modified":"2025-12-25T09:24:20","modified_gmt":"2025-12-25T02:24:20","slug":"moc-17299-shuttle-tydirium-display-stand-lego-75094-set-star-wars-by-barneius-mocfactory","status":"publish","type":"product","link":"https:\/\/mouldking.store\/vi\/shop\/moc-17299-shuttle-tydirium-display-stand-lego-75094-set-star-wars-by-barneius-mocfactory\/","title":{"rendered":"MOC-17299 \u0110\u1ebf tr\u01b0ng b\u00e0y t\u00e0u con thoi Tydirium \u2013 LEGO 75094 \u0111\u1eb7t Chi\u1ebfn tranh gi\u1eefa c\u00e1c v\u00ec sao c\u1ee7a barneius MOCFACTORY"},"content":{"rendered":"<div>Tr\u00ecnh b\u00e0y LEGO Imperial Shuttle Tydirium 75094 c\u1ee7a b\u1ea1n \u1edf ch\u1ebf \u0111\u1ed9 m\u00e1y bay tr\u00ean \u0110\u1ebf tr\u01b0ng b\u00e0y ki\u1ec3u UCS n\u00e0y.<\/div>\n<div><\/div>\n<div>B\u1eadt \u0111\u01a1n gi\u1ea3n - t\u1eaft \u0111\u01a1n gi\u1ea3n. Ch\u00e2n \u0111\u1ebf gi\u1eef cho m\u00f4 h\u00ecnh \u0111\u01b0\u1ee3c thi\u1ebft l\u1eadp c\u1ed1 \u0111\u1ecbnh v\u00e0 th\u1ef1c s\u1ef1 \u1ed5n \u0111\u1ecbnh. Kh\u00f4ng c\u1ea7n \u0111i\u1ec1u ch\u1ec9nh b\u1ed9 LEGO \u0111\u1ea7u ti\u00ean. \u0110\u01a1n gi\u1ea3n ch\u1ec9 c\u1ea7n g\u1eedi \u0111\u00f4i c\u00e1nh, \u0111\u1eb7t n\u00f3 l\u00ean gi\u00e1 \u0111\u1ee1 v\u00e0 \u0111\u00e1nh gi\u00e1 cao s\u1ef1 xu\u1ea5t hi\u1ec7n c\u1ee7a T\u00e0u con thoi Ho\u00e0ng gia c\u1ee7a b\u1ea1n khi n\u00f3 \u0111ang \u0111\u1ebfn g\u1ea7n Endor h\u01a1n!<\/div>\n<div><\/div>\n<div>\u0110\u00e2y l\u00e0 h\u00ecnh d\u00e1ng c\u1ee7a xe van khi \u0111\u1ee9ng (B\u1ea3n th\u00e2n t\u00e0u con thoi l\u00e0 m\u1ed9t MOC ph\u1ee5 thu\u1ed9c v\u00e0o 75094).<\/div>\n<div><a href=\"https:\/\/pay.lpwstore.com\/wp-content\/uploads\/2020\/09\/MOC-17299-Shuttle-Tydirium-Display-Stand-LEGO-75094-set-Star-Wars-by-barneius-MOCFACTORY.jpg\" target=\"_blank\" rel=\"noopener\"><img fetchpriority=\"high\" decoding=\"async\" class=\"aligncenter wp-image-196188 size-full\" title=\"MOC-17299-Shuttle-Tydirium-Display-Stand---LEGO-75094-set-Star-Wars-by-barneius-MOCFACTORY\" src=\"https:\/\/pay.lpwstore.com\/wp-content\/uploads\/2020\/09\/MOC-17299-Shuttle-Tydirium-Display-Stand-LEGO-75094-set-Star-Wars-by-barneius-MOCFACTORY.jpg\" alt=\"MOC-17299-Shuttle-Tydirium-Display-Stand---LEGO-75094-set-Star-Wars-by-barneius-MOCFACTORY\" width=\"800\" height=\"800\" \/><\/a><\/div>","protected":false},"excerpt":{"rendered":"<ul>\n<li>Bao g\u1ed3m <strong>124+<\/strong> chi\u1ebfc<\/li>\n<li>H\u01b0\u1edbng d\u1eabn PDF tr\u1ef1c tuy\u1ebfn<\/li>\n<li>Kh\u1ed1i ABS ch\u1ea5t l\u01b0\u1ee3ng cao<\/li>\n<\/ul>","protected":false},"featured_media":21062,"comment_status":"open","ping_status":"closed","template":"","meta":{"_acf_changed":false},"product_cat":[415],"product_tag":[],"class_list":["product","first","outofstock","shipping-taxable","purchasable","product-type-simple"],"acf":[],"_links":{"self":[{"href":"https:\/\/mouldking.store\/vi\/wp-json\/wp\/v2\/product\/21063","targetHints":{"allow":["GET"]}}],"collection":[{"href":"https:\/\/mouldking.store\/vi\/wp-json\/wp\/v2\/product"}],"about":[{"href":"https:\/\/mouldking.store\/vi\/wp-json\/wp\/v2\/types\/product"}],"replies":[{"embeddable":true,"href":"https:\/\/mouldking.store\/vi\/wp-json\/wp\/v2\/comments?post=21063"}],"wp:featuredmedia":[{"embeddable":true,"href":"https:\/\/mouldking.store\/vi\/wp-json\/wp\/v2\/media\/21062"}],"wp:attachment":[{"href":"https:\/\/mouldking.store\/vi\/wp-json\/wp\/v2\/media?parent=21063"}],"wp:term":[{"taxonomy":"product_cat","embeddable":true,"href":"https:\/\/mouldking.store\/vi\/wp-json\/wp\/v2\/product_cat?post=21063"},{"taxonomy":"product_tag","embeddable":true,"href":"https:\/\/mouldking.store\/vi\/wp-json\/wp\/v2\/product_tag?post=21063"}],"curies":[{"name":"wp","href":"https:\/\/api.w.org\/{rel}","templated":true}]}}