{"id":21070,"date":"2021-10-09T05:00:36","date_gmt":"2021-10-09T05:00:36","guid":{"rendered":"https:\/\/mouldking.store\/shop\/moc-35846-black-interceptor-mad-max-movie-super-car-by-nikolayfx-mocfactory\/"},"modified":"2025-12-25T09:24:20","modified_gmt":"2025-12-25T02:24:20","slug":"moc-35846-black-interceptor-mad-max-movie-super-car-by-nikolayfx-mocfactory","status":"publish","type":"product","link":"https:\/\/mouldking.store\/vi\/shop\/moc-35846-black-interceptor-mad-max-movie-super-car-by-nikolayfx-mocfactory\/","title":{"rendered":"MOC-35846 Black Interceptor Si\u00eau xe \u0111i\u1ec7n \u1ea3nh Mad Max c\u1ee7a NikolayFX MOCFACTORY"},"content":{"rendered":"<div style=\"text-align: left\">Con th\u00fa b\u1ecb th\u01b0\u01a1ng n\u00e0y \u0111\u01b0\u1ee3c ph\u00e2n ph\u1ed1i v\u1edbi s\u1ef1 c\u1ed9ng t\u00e1c c\u1ee7a Nikolay Gamurar v\u00e0 Mikhail Biktimirov.<\/div>\n<div style=\"text-align: center\"><\/div>\n<div style=\"text-align: left\">The Last of the V8 Interceptors, hay c\u00f2n \u0111\u01b0\u1ee3c g\u1ecdi l\u00e0 &quot;Interest Special&quot;, \u0111\u01b0\u1ee3c \u0111i\u1ec1u khi\u1ec3n b\u1edfi Maxwell &quot;Frantic Max&quot; Rockatansky v\u1ec1 ph\u00eda cu\u1ed1i c\u1ee7a Mad Max v\u00e0 trong n\u1eeda \u0111\u1ea7u c\u1ee7a Mad Max 2: The Road Warrior. N\u00f3 ph\u1ee5 thu\u1ed9c v\u00e0o m\u1ed9t chi\u1ebfc Ford Falcon XB GT Hardtop \u0111\u1eddi 1973 do \u00dac ch\u1ebf t\u1ea1o, \u0111\u00e3 \u0111\u01b0\u1ee3c \u0111i\u1ec1u ch\u1ec9nh m\u1ea1nh m\u1ebd \u0111\u1ec3 tr\u1edf th\u00e0nh xe \u0111\u00e1nh ch\u1eb7n c\u1ee7a c\u1ea3nh s\u00e1t b\u1edfi \u0110\u1ed9i tu\u1ea7n tra L\u1ef1c l\u01b0\u1ee3ng Ch\u00ednh.<\/div>\n<div><img fetchpriority=\"high\" decoding=\"async\" class=\"alignnone size-full wp-image-196253 aligncenter\" src=\"https:\/\/pay.lpwstore.com\/wp-content\/uploads\/2020\/09\/2020-New-Black-Interceptor-RC-Muscle-Car-Supercar-MOC-35846-Technic-Model-blocks-Building-Blocks-Bricks-2.jpg\" alt=\"-\" width=\"800\" height=\"800\" title=\"-\"> <img decoding=\"async\" class=\"alignnone size-full wp-image-196254 aligncenter\" src=\"https:\/\/pay.lpwstore.com\/wp-content\/uploads\/2020\/09\/2020-New-Black-Interceptor-RC-Muscle-Car-Supercar-MOC-35846-Technic-Model-blocks-Building-Blocks-Bricks-3.jpg\" alt=\"-\" width=\"800\" height=\"800\" title=\"-\"> <img decoding=\"async\" class=\"alignnone size-full wp-image-196255 aligncenter\" src=\"https:\/\/pay.lpwstore.com\/wp-content\/uploads\/2020\/09\/2020-New-Black-Interceptor-RC-Muscle-Car-Supercar-MOC-35846-Technic-Model-blocks-Building-Blocks-Bricks-4.jpg\" alt=\"-\" width=\"800\" height=\"800\" title=\"-\"> <img loading=\"lazy\" decoding=\"async\" class=\"alignnone size-full wp-image-196256 aligncenter\" src=\"https:\/\/pay.lpwstore.com\/wp-content\/uploads\/2020\/09\/2020-New-Black-Interceptor-RC-Muscle-Car-Supercar-MOC-35846-Technic-Model-blocks-Building-Blocks-Bricks-5.jpg\" alt=\"-\" width=\"800\" height=\"800\" title=\"-\"> <img loading=\"lazy\" decoding=\"async\" class=\"alignnone size-full wp-image-196252 aligncenter\" src=\"https:\/\/pay.lpwstore.com\/wp-content\/uploads\/2020\/09\/2020-New-Black-Interceptor-RC-Muscle-Car-Supercar-MOC-35846-Technic-Model-blocks-Building-Blocks-Bricks-1.jpg\" alt=\"-\" width=\"800\" height=\"800\" title=\"-\"><\/div>","protected":false},"excerpt":{"rendered":"<ul>\n<li>Bao g\u1ed3m <strong>1510+<\/strong> chi\u1ebfc<\/li>\n<li>H\u01b0\u1edbng d\u1eabn PDF tr\u1ef1c tuy\u1ebfn<\/li>\n<li>Kh\u1ed1i ABS ch\u1ea5t l\u01b0\u1ee3ng cao<\/li>\n<li>v\u1edbi \u0111\u1ed9ng c\u01a1<\/li>\n<\/ul>","protected":false},"featured_media":21064,"comment_status":"open","ping_status":"closed","template":"","meta":{"_acf_changed":false},"product_cat":[581],"product_tag":[],"class_list":["product","first","instock","shipping-taxable","purchasable","product-type-simple"],"acf":[],"_links":{"self":[{"href":"https:\/\/mouldking.store\/vi\/wp-json\/wp\/v2\/product\/21070","targetHints":{"allow":["GET"]}}],"collection":[{"href":"https:\/\/mouldking.store\/vi\/wp-json\/wp\/v2\/product"}],"about":[{"href":"https:\/\/mouldking.store\/vi\/wp-json\/wp\/v2\/types\/product"}],"replies":[{"embeddable":true,"href":"https:\/\/mouldking.store\/vi\/wp-json\/wp\/v2\/comments?post=21070"}],"wp:featuredmedia":[{"embeddable":true,"href":"https:\/\/mouldking.store\/vi\/wp-json\/wp\/v2\/media\/21064"}],"wp:attachment":[{"href":"https:\/\/mouldking.store\/vi\/wp-json\/wp\/v2\/media?parent=21070"}],"wp:term":[{"taxonomy":"product_cat","embeddable":true,"href":"https:\/\/mouldking.store\/vi\/wp-json\/wp\/v2\/product_cat?post=21070"},{"taxonomy":"product_tag","embeddable":true,"href":"https:\/\/mouldking.store\/vi\/wp-json\/wp\/v2\/product_tag?post=21070"}],"curies":[{"name":"wp","href":"https:\/\/api.w.org\/{rel}","templated":true}]}}