{"id":21079,"date":"2021-10-09T05:00:43","date_gmt":"2021-10-08T22:00:43","guid":{"rendered":"https:\/\/mouldking.store\/shop\/moc-90030-robot-dreams-gbc-creator-mocfactory\/"},"modified":"2025-12-25T09:24:20","modified_gmt":"2025-12-25T02:24:20","slug":"moc-90030-robot-dreams-gbc-creator-mocfactory","status":"publish","type":"product","link":"https:\/\/mouldking.store\/vi\/shop\/moc-90030-robot-dreams-gbc-creator-mocfactory\/","title":{"rendered":"MOC-90030 Robot Dreams GBC Creator MOCFACTORY"},"content":{"rendered":"<p style=\"text-align: left\">M\u00f4 h\u00ecnh Great Ball Contraption (M\u00e1y m\u00f3c c\u1ee7a Ph\u00e1o \u0111\u00e0i Gordon) \u0111\u01b0\u1ee3c t\u1ea1o ra t\u1eeb nh\u1eefng ng\u01b0\u1eddi m\u00e1y chuy\u1ec1n nh\u1eefng qu\u1ea3 b\u00f3ng nh\u1ecf. \u0110\u00e2y c\u00f3 ph\u1ea3i l\u00e0 c\u00f4ng vi\u1ec7c t\u01b0\u1edfng t\u01b0\u1ee3ng c\u1ee7a h\u1ecd? Ho\u1eb7c sau \u0111\u00f3 m\u1ed9t l\u1ea7n n\u1eefa h\u1ecd mu\u1ed1n \u0111\u1ea1t \u0111\u01b0\u1ee3c \u0111i\u1ec1u g\u00ec \u0111\u00f3 th\u1ecfa m\u00e3n h\u01a1n n\u1eefa? T\u00f4i ngh\u0129 r\u1eb1ng b\u1ea1n c\u00f3 gi\u1ea3 \u0111\u1ecbnh c\u1ee7a ri\u00eang b\u1ea1n.<\/p>\n<p><a href=\"https:\/\/pay.lpwstore.com\/wp-content\/uploads\/2020\/09\/MOC-90030-Robot-Dreams-GBC-Creator-MOCFACTORY.jpg\" target=\"_blank\" rel=\"noopener\"><img fetchpriority=\"high\" decoding=\"async\" class=\"aligncenter wp-image-196327 size-full\" title=\"MOC-90030-Robot-Dreams-GBC-Creator-MOCFACTORY\" src=\"https:\/\/pay.lpwstore.com\/wp-content\/uploads\/2020\/09\/MOC-90030-Robot-Dreams-GBC-Creator-MOCFACTORY.jpg\" alt=\"MOC-90030-Robot-Dreams-GBC-Creator-MOCFACTORY\" width=\"800\" height=\"800\" \/><\/a> <img decoding=\"async\" class=\"alignnone size-full wp-image-196328 aligncenter\" src=\"https:\/\/pay.lpwstore.com\/wp-content\/uploads\/2020\/09\/MOC-90030-Robot-Dreams-GBC-Creator-MOCFACTORY-2.jpg\" alt=\"MOC-90030-Robot-Dreams-GBC-Creator-MOCFACTORY-2\" width=\"800\" height=\"800\" title=\"-\"> <img decoding=\"async\" class=\"alignnone size-full wp-image-196329 aligncenter\" src=\"https:\/\/pay.lpwstore.com\/wp-content\/uploads\/2020\/09\/MOC-90030-Robot-Dreams-GBC-Creator-MOCFACTORY-3.jpg\" alt=\"MOC-90030-Robot-Dreams-GBC-Creator-MOCFACTORY-3\" width=\"800\" height=\"800\" title=\"-\"> <img loading=\"lazy\" decoding=\"async\" class=\"alignnone size-full wp-image-196330 aligncenter\" src=\"https:\/\/pay.lpwstore.com\/wp-content\/uploads\/2020\/09\/MOC-90030-Robot-Dreams-GBC-Creator-MOCFACTORY-4.jpg\" alt=\"MOC-90030-Robot-Dreams-GBC-Creator-MOCFACTORY-4\" width=\"800\" height=\"800\" title=\"-\"> <img loading=\"lazy\" decoding=\"async\" class=\"alignnone size-full wp-image-196331 aligncenter\" src=\"https:\/\/pay.lpwstore.com\/wp-content\/uploads\/2020\/09\/MOC-90030-Robot-Dreams-GBC-Creator-MOCFACTORY-5.jpg\" alt=\"MOC-90030-Robot-Dreams-GBC-Creator-MOCFACTORY-5\" width=\"800\" height=\"800\" title=\"-\"> <img loading=\"lazy\" decoding=\"async\" class=\"alignnone size-full wp-image-196332 aligncenter\" src=\"https:\/\/pay.lpwstore.com\/wp-content\/uploads\/2020\/09\/MOC-90030-Robot-Dreams-GBC-Creator-MOCFACTORY-6.jpg\" alt=\"MOC-90030-Robot-Dreams-GBC-Creator-MOCFACTORY-6\" width=\"800\" height=\"800\" title=\"-\"> <img loading=\"lazy\" decoding=\"async\" class=\"alignnone size-full wp-image-196333 aligncenter\" src=\"https:\/\/pay.lpwstore.com\/wp-content\/uploads\/2020\/09\/MOC-90030-Robot-Dreams-GBC-Creator-MOCFACTORY-7.jpg\" alt=\"MOC-90030-Robot-Dreams-GBC-Creator-MOCFACTORY-7\" width=\"800\" height=\"800\" title=\"-\"> <img loading=\"lazy\" decoding=\"async\" class=\"alignnone size-full wp-image-196334 aligncenter\" src=\"https:\/\/pay.lpwstore.com\/wp-content\/uploads\/2020\/09\/MOC-90030-Robot-Dreams-GBC-Creator-MOCFACTORY-8.jpg\" alt=\"MOC-90030-Robot-Dreams-GBC-Creator-MOCFACTORY-8\" width=\"800\" height=\"800\" title=\"-\"><\/p>","protected":false},"excerpt":{"rendered":"<ul>\n<li>Bao g\u1ed3m <strong>1433+<\/strong> chi\u1ebfc<\/li>\n<li>H\u01b0\u1edbng d\u1eabn PDF tr\u1ef1c tuy\u1ebfn<\/li>\n<li>Kh\u1ed1i ABS ch\u1ea5t l\u01b0\u1ee3ng cao<\/li>\n<\/ul>","protected":false},"featured_media":21071,"comment_status":"open","ping_status":"closed","template":"","meta":{"_acf_changed":false},"product_cat":[371],"product_tag":[],"class_list":["product","first","outofstock","shipping-taxable","purchasable","product-type-simple"],"acf":[],"_links":{"self":[{"href":"https:\/\/mouldking.store\/vi\/wp-json\/wp\/v2\/product\/21079","targetHints":{"allow":["GET"]}}],"collection":[{"href":"https:\/\/mouldking.store\/vi\/wp-json\/wp\/v2\/product"}],"about":[{"href":"https:\/\/mouldking.store\/vi\/wp-json\/wp\/v2\/types\/product"}],"replies":[{"embeddable":true,"href":"https:\/\/mouldking.store\/vi\/wp-json\/wp\/v2\/comments?post=21079"}],"wp:featuredmedia":[{"embeddable":true,"href":"https:\/\/mouldking.store\/vi\/wp-json\/wp\/v2\/media\/21071"}],"wp:attachment":[{"href":"https:\/\/mouldking.store\/vi\/wp-json\/wp\/v2\/media?parent=21079"}],"wp:term":[{"taxonomy":"product_cat","embeddable":true,"href":"https:\/\/mouldking.store\/vi\/wp-json\/wp\/v2\/product_cat?post=21079"},{"taxonomy":"product_tag","embeddable":true,"href":"https:\/\/mouldking.store\/vi\/wp-json\/wp\/v2\/product_tag?post=21079"}],"curies":[{"name":"wp","href":"https:\/\/api.w.org\/{rel}","templated":true}]}}