{"id":21093,"date":"2021-10-09T05:01:21","date_gmt":"2021-10-09T05:01:21","guid":{"rendered":"https:\/\/mouldking.store\/shop\/moc-90031-30-in-1-moc-set-creator-mocfactory\/"},"modified":"2025-12-25T09:24:20","modified_gmt":"2025-12-25T02:24:20","slug":"moc-90031-30-in-1-moc-set-creator-mocfactory","status":"publish","type":"product","link":"https:\/\/mouldking.store\/vi\/shop\/moc-90031-30-in-1-moc-set-creator-mocfactory\/","title":{"rendered":"MOC-90031 B\u1ed9 t\u1ea1o MOC 30 trong 1 MOCFACTORY"},"content":{"rendered":"<p style=\"text-align: left\">R\u1ea5t nhi\u1ec1u \u00f4 vu\u00f4ng x\u00e2y d\u1ef1ng c\u00f3 th\u1ec3 l\u1eafp r\u00e1p 30 b\u1ed9 MOC \u0111\u1eb7c bi\u1ec7t. H\u00ecnh \u1ea3nh tr\u00ean c\u00f3 m\u1ed9t b\u1ea3n tr\u00ecnh b\u00e0y x\u00e1c \u0111\u1ecbnh.<\/p>\n<p><a href=\"https:\/\/pay.lpwstore.com\/wp-content\/uploads\/2020\/09\/MOC-90031-30-in-1-MOC-Set-Creator-MOCFACTORY.jpg\" target=\"_blank\" rel=\"noopener\"><img fetchpriority=\"high\" decoding=\"async\" class=\"aligncenter wp-image-196336 size-full\" title=\"MOC-90031-30-in-1-MOC-Set-Creator-MOCFACTORY\" src=\"https:\/\/pay.lpwstore.com\/wp-content\/uploads\/2020\/09\/MOC-90031-30-in-1-MOC-Set-Creator-MOCFACTORY.jpg\" alt=\"MOC-90031-30-in-1-MOC-Set-Creator-MOCFACTORY\" width=\"800\" height=\"800\" \/><\/a> <img decoding=\"async\" class=\"alignnone size-full wp-image-196337 aligncenter\" src=\"https:\/\/pay.lpwstore.com\/wp-content\/uploads\/2020\/09\/MOC-90031-30-in-1-MOC-Set-Creator-MOCFACTORY-2.jpg\" alt=\"MOC-90031-30-in-1-MOC-Set-Creator-MOCFACTORY-2\" width=\"800\" height=\"800\" title=\"-\"> <img decoding=\"async\" class=\"alignnone size-full wp-image-196338 aligncenter\" src=\"https:\/\/pay.lpwstore.com\/wp-content\/uploads\/2020\/09\/MOC-90031-30-in-1-MOC-Set-Creator-MOCFACTORY-3.jpg\" alt=\"MOC-90031-30-in-1-MOC-Set-Creator-MOCFACTORY-3\" width=\"800\" height=\"800\" title=\"-\"> <img loading=\"lazy\" decoding=\"async\" class=\"alignnone size-full wp-image-196339 aligncenter\" src=\"https:\/\/pay.lpwstore.com\/wp-content\/uploads\/2020\/09\/MOC-90031-30-in-1-MOC-Set-Creator-MOCFACTORY-4.jpg\" alt=\"MOC-90031-30-in-1-MOC-Set-Creator-MOCFACTORY-4\" width=\"800\" height=\"800\" title=\"-\"> <img loading=\"lazy\" decoding=\"async\" class=\"alignnone size-full wp-image-196340 aligncenter\" src=\"https:\/\/pay.lpwstore.com\/wp-content\/uploads\/2020\/09\/MOC-90031-30-in-1-MOC-Set-Creator-MOCFACTORY-5.jpg\" alt=\"MOC-90031-30-in-1-MOC-Set-Creator-MOCFACTORY-5\" width=\"800\" height=\"800\" title=\"-\"> <img loading=\"lazy\" decoding=\"async\" class=\"alignnone size-full wp-image-196341 aligncenter\" src=\"https:\/\/pay.lpwstore.com\/wp-content\/uploads\/2020\/09\/MOC-90031-30-in-1-MOC-Set-Creator-MOCFACTORY-6.jpg\" alt=\"MOC-90031-30-in-1-MOC-Set-Creator-MOCFACTORY-6\" width=\"800\" height=\"800\" title=\"-\"><\/p>","protected":false},"excerpt":{"rendered":"<ul>\n<li>Bao g\u1ed3m <strong>457+<\/strong> chi\u1ebfc<\/li>\n<li>H\u01b0\u1edbng d\u1eabn PDF tr\u1ef1c tuy\u1ebfn<\/li>\n<li>Kh\u1ed1i ABS ch\u1ea5t l\u01b0\u1ee3ng cao<\/li>\n<\/ul>","protected":false},"featured_media":21087,"comment_status":"open","ping_status":"closed","template":"","meta":{"_acf_changed":false},"product_cat":[371],"product_tag":[],"class_list":["product","first","instock","shipping-taxable","purchasable","product-type-simple"],"acf":[],"_links":{"self":[{"href":"https:\/\/mouldking.store\/vi\/wp-json\/wp\/v2\/product\/21093","targetHints":{"allow":["GET"]}}],"collection":[{"href":"https:\/\/mouldking.store\/vi\/wp-json\/wp\/v2\/product"}],"about":[{"href":"https:\/\/mouldking.store\/vi\/wp-json\/wp\/v2\/types\/product"}],"replies":[{"embeddable":true,"href":"https:\/\/mouldking.store\/vi\/wp-json\/wp\/v2\/comments?post=21093"}],"wp:featuredmedia":[{"embeddable":true,"href":"https:\/\/mouldking.store\/vi\/wp-json\/wp\/v2\/media\/21087"}],"wp:attachment":[{"href":"https:\/\/mouldking.store\/vi\/wp-json\/wp\/v2\/media?parent=21093"}],"wp:term":[{"taxonomy":"product_cat","embeddable":true,"href":"https:\/\/mouldking.store\/vi\/wp-json\/wp\/v2\/product_cat?post=21093"},{"taxonomy":"product_tag","embeddable":true,"href":"https:\/\/mouldking.store\/vi\/wp-json\/wp\/v2\/product_tag?post=21093"}],"curies":[{"name":"wp","href":"https:\/\/api.w.org\/{rel}","templated":true}]}}