{"id":21115,"date":"2021-10-09T05:01:44","date_gmt":"2021-10-08T22:01:44","guid":{"rendered":"https:\/\/mouldking.store\/shop\/moc-15626-snowspeeder-minifig-scale-star-wars-by-brickvault-mocfactory\/"},"modified":"2025-12-25T09:24:19","modified_gmt":"2025-12-25T02:24:19","slug":"moc-15626-snowspeeder-minifig-scale-star-wars-by-brickvault-mocfactory","status":"publish","type":"product","link":"https:\/\/mouldking.store\/vi\/shop\/moc-15626-snowspeeder-minifig-scale-star-wars-by-brickvault-mocfactory\/","title":{"rendered":"MOC-15626 Snowspeeder \u2013 Minifig Scale Star Wars c\u1ee7a brickvault MOCFACTORY"},"content":{"rendered":"<p style=\"text-align: left\">M\u00e1y bay tr\u01b0\u1ee3t tuy\u1ebft (T-47 Airspeeder) l\u00e0 bi\u1ec7n ph\u00e1p b\u1ea3o v\u1ec7 cu\u1ed1i c\u00f9ng gi\u00fap Qu\u00e2n n\u1ed5i d\u1eady tho\u00e1t kh\u1ecfi \u0110\u1ebf ch\u1ebf trong Tr\u1eadn chi\u1ebfn Hoth. B\u1ecb b\u1eafn h\u1ea1 nghi\u00eam tr\u1ecdng, c\u00e1c phi c\u00f4ng k\u00edch \u0111\u1ed9ng \u0111\u00e3 c\u1ed1 t\u00ecnh s\u1eed d\u1ee5ng nh\u1eefng chi\u1ebfc m\u00e1y bay si\u00eau t\u1ed1c nh\u1ecf n\u00e0y \u0111\u1ec3 nghi\u1ec1n n\u00e1t m\u1ed9t v\u00e0i ng\u01b0\u1eddi kh\u1ed5ng l\u1ed3 \u0111i b\u1ed9. Kho\u1ea3nh kh\u1eafc David v\u00e0 Goliath n\u00e0y v\u1eabn l\u00e0 m\u1ed9t trong nh\u1eefng kho\u1ea3nh kh\u1eafc quan tr\u1ecdng nh\u1ea5t trong t\u1ea5t c\u1ea3 Chi\u1ebfn tranh gi\u1eefa c\u00e1c v\u00ec sao.<\/p>\n<p><a href=\"https:\/\/pay.lpwstore.com\/wp-content\/uploads\/2020\/09\/MOC-15626-Snowspeeder-Minifig-Scale-Star-Wars-by-brickvault-MOCFACTORY.jpg\" target=\"_blank\" rel=\"noopener\"><img fetchpriority=\"high\" decoding=\"async\" class=\"aligncenter wp-image-196361 size-full\" title=\"MOC-15626-Snowspeeder---Minifig-Scale-Star-Wars-by-brickvault-MOCFACTORY\" src=\"https:\/\/pay.lpwstore.com\/wp-content\/uploads\/2020\/09\/MOC-15626-Snowspeeder-Minifig-Scale-Star-Wars-by-brickvault-MOCFACTORY.jpg\" alt=\"MOC-15626-Snowspeeder---Minifig-Scale-Star-Wars-by-brickvault-MOCFACTORY\" width=\"800\" height=\"800\" \/><\/a> <img decoding=\"async\" class=\"alignnone size-full wp-image-196362 aligncenter\" src=\"https:\/\/pay.lpwstore.com\/wp-content\/uploads\/2020\/09\/MOC-15626-Snowspeeder-Minifig-Scale-Star-Wars-by-brickvault-MOCFACTORY-2.jpg\" alt=\"MOC-15626-Snowspeeder---Minifig-Scale-Star-Wars-by-brickvault-MOCFACTORY-2\" width=\"800\" height=\"800\" title=\"-\"> <img decoding=\"async\" class=\"alignnone size-full wp-image-196363 aligncenter\" src=\"https:\/\/pay.lpwstore.com\/wp-content\/uploads\/2020\/09\/MOC-15626-Snowspeeder-Minifig-Scale-Star-Wars-by-brickvault-MOCFACTORY-3.jpg\" alt=\"MOC-15626-Snowspeeder---Minifig-Scale-Star-Wars-by-brickvault-MOCFACTORY-3\" width=\"800\" height=\"800\" title=\"-\"><\/p>","protected":false},"excerpt":{"rendered":"<ul>\n<li>Bao g\u1ed3m <strong>518+<\/strong> chi\u1ebfc<\/li>\n<li>H\u01b0\u1edbng d\u1eabn PDF tr\u1ef1c tuy\u1ebfn<\/li>\n<li>Kh\u1ed1i ABS ch\u1ea5t l\u01b0\u1ee3ng cao<\/li>\n<\/ul>","protected":false},"featured_media":21112,"comment_status":"open","ping_status":"closed","template":"","meta":{"_acf_changed":false},"product_cat":[415],"product_tag":[],"class_list":["product","first","instock","shipping-taxable","purchasable","product-type-simple"],"acf":[],"_links":{"self":[{"href":"https:\/\/mouldking.store\/vi\/wp-json\/wp\/v2\/product\/21115","targetHints":{"allow":["GET"]}}],"collection":[{"href":"https:\/\/mouldking.store\/vi\/wp-json\/wp\/v2\/product"}],"about":[{"href":"https:\/\/mouldking.store\/vi\/wp-json\/wp\/v2\/types\/product"}],"replies":[{"embeddable":true,"href":"https:\/\/mouldking.store\/vi\/wp-json\/wp\/v2\/comments?post=21115"}],"wp:featuredmedia":[{"embeddable":true,"href":"https:\/\/mouldking.store\/vi\/wp-json\/wp\/v2\/media\/21112"}],"wp:attachment":[{"href":"https:\/\/mouldking.store\/vi\/wp-json\/wp\/v2\/media?parent=21115"}],"wp:term":[{"taxonomy":"product_cat","embeddable":true,"href":"https:\/\/mouldking.store\/vi\/wp-json\/wp\/v2\/product_cat?post=21115"},{"taxonomy":"product_tag","embeddable":true,"href":"https:\/\/mouldking.store\/vi\/wp-json\/wp\/v2\/product_tag?post=21115"}],"curies":[{"name":"wp","href":"https:\/\/api.w.org\/{rel}","templated":true}]}}