{"id":21149,"date":"2021-10-09T05:02:09","date_gmt":"2021-10-08T22:02:09","guid":{"rendered":"https:\/\/mouldking.store\/shop\/moc-42895-modular-comic-shop-apartment-buildings-by-brick_monster-mocfactory\/"},"modified":"2025-12-25T09:24:19","modified_gmt":"2025-12-25T02:24:19","slug":"moc-42895-modular-comic-shop-apartment-buildings-by-brick_monster-mocfactory","status":"publish","type":"product","link":"https:\/\/mouldking.store\/vi\/shop\/moc-42895-modular-comic-shop-apartment-buildings-by-brick_monster-mocfactory\/","title":{"rendered":"MOC-42895 C\u1eeda h\u00e0ng truy\u1ec7n tranh m\u00f4-\u0111un + T\u00f2a nh\u00e0 chung c\u01b0 c\u1ee7a brick_monster MOCFACTORY"},"content":{"rendered":"<div style=\"text-align: left\">Adhering to the principles ordinarily utilized for LEGO\u00ae measured structures, the Comic Shop + Apartment is a particular structure in a 32-stud-wide organization with 4 unmistakable segments.<\/div>\n<ul style=\"text-align: center\">\n<li style=\"text-align: left\">Ground Floor highlighting a full loaded comic book shop with longboxes and new deliveries!<\/li>\n<li style=\"text-align: left\">Primary Floor with a family room, stereo and little kitchen.<\/li>\n<li style=\"text-align: left\">Highest level with a room and huge restroom.<\/li>\n<li style=\"text-align: left\">Rooftop with gear.<\/li>\n<\/ul>\n<div><a href=\"https:\/\/pay.lpwstore.com\/wp-content\/uploads\/2020\/10\/MOC-42895-Modular-Comic-Shop-Apartment-Buildings-by-brick_monster-MOCFACTORY.jpg\" target=\"_blank\" rel=\"noopener\"><img fetchpriority=\"high\" decoding=\"async\" class=\"aligncenter wp-image-196538 size-full\" title=\"MOC-42895-Modular-Comic-Shop-+-Apartment-Buildings-by-brick_monster-MOCFACTORY\" src=\"https:\/\/pay.lpwstore.com\/wp-content\/uploads\/2020\/10\/MOC-42895-Modular-Comic-Shop-Apartment-Buildings-by-brick_monster-MOCFACTORY.jpg\" alt=\"MOC-42895-Modular-Comic-Shop-+-Apartment-Buildings-by-brick_monster-MOCFACTORY\" width=\"800\" height=\"800\" \/><\/a> <img decoding=\"async\" class=\"alignnone size-full wp-image-196539 aligncenter\" src=\"https:\/\/pay.lpwstore.com\/wp-content\/uploads\/2020\/10\/MOC-42895-Modular-Comic-Shop-Apartment-Buildings-by-brick_monster-MOCFACTORY-2.jpg\" alt=\"MOC-42895-Modular-Comic-Shop-+-Apartment-Buildings-by-brick_monster-MOCFACTORY-2\" width=\"800\" height=\"800\" title=\"-\"><\/div>","protected":false},"excerpt":{"rendered":"<ul>\n<li>Bao g\u1ed3m <strong>1866+<\/strong> chi\u1ebfc<\/li>\n<li>H\u01b0\u1edbng d\u1eabn PDF tr\u1ef1c tuy\u1ebfn<\/li>\n<li>Kh\u1ed1i ABS ch\u1ea5t l\u01b0\u1ee3ng cao<\/li>\n<\/ul>","protected":false},"featured_media":21147,"comment_status":"open","ping_status":"closed","template":"","meta":{"_acf_changed":false},"product_cat":[390],"product_tag":[],"class_list":["product","first","outofstock","shipping-taxable","purchasable","product-type-simple"],"acf":[],"_links":{"self":[{"href":"https:\/\/mouldking.store\/vi\/wp-json\/wp\/v2\/product\/21149","targetHints":{"allow":["GET"]}}],"collection":[{"href":"https:\/\/mouldking.store\/vi\/wp-json\/wp\/v2\/product"}],"about":[{"href":"https:\/\/mouldking.store\/vi\/wp-json\/wp\/v2\/types\/product"}],"replies":[{"embeddable":true,"href":"https:\/\/mouldking.store\/vi\/wp-json\/wp\/v2\/comments?post=21149"}],"wp:featuredmedia":[{"embeddable":true,"href":"https:\/\/mouldking.store\/vi\/wp-json\/wp\/v2\/media\/21147"}],"wp:attachment":[{"href":"https:\/\/mouldking.store\/vi\/wp-json\/wp\/v2\/media?parent=21149"}],"wp:term":[{"taxonomy":"product_cat","embeddable":true,"href":"https:\/\/mouldking.store\/vi\/wp-json\/wp\/v2\/product_cat?post=21149"},{"taxonomy":"product_tag","embeddable":true,"href":"https:\/\/mouldking.store\/vi\/wp-json\/wp\/v2\/product_tag?post=21149"}],"curies":[{"name":"wp","href":"https:\/\/api.w.org\/{rel}","templated":true}]}}