{"id":21162,"date":"2021-10-09T05:02:24","date_gmt":"2021-10-08T22:02:24","guid":{"rendered":"https:\/\/mouldking.store\/shop\/moc-38781-red-scania-dump-truck-by-springer83-mocfactory\/"},"modified":"2025-12-25T09:24:13","modified_gmt":"2025-12-25T02:24:13","slug":"moc-38781-red-scania-dump-truck-by-springer83-mocfactory","status":"publish","type":"product","link":"https:\/\/mouldking.store\/vi\/shop\/moc-38781-red-scania-dump-truck-by-springer83-mocfactory\/","title":{"rendered":"MOC-38781 Xe ben Scania m\u00e0u \u0111\u1ecf c\u1ee7a Springer83 MOCFACTORY"},"content":{"rendered":"<div style=\"text-align: left\">\u0110\u00e2y l\u00e0 Xe t\u1ea3i Scania m\u00e0u \u0111\u1ecf c\u00f3 tr\u1ee5c xoay ph\u00eda tr\u01b0\u1edbc. N\u00f3 \u0111\u01b0\u1ee3c \u0111i\u1ec1u khi\u1ec3n t\u1eeb xa b\u1eb1ng c\u00e1c Ch\u1ee9c n\u0103ng Ngu\u1ed3n. Kh\u1ea3 n\u0103ng \u0111i\u1ec1u khi\u1ec3n t\u1eeb xa l\u00e0 l\u00e1i xe, h\u01b0\u1edbng d\u1eabn v\u00e0 d\u1ee1 h\u00e0ng.<\/div>\n<div style=\"text-align: left\"><\/div>\n<div style=\"text-align: left\">H\u01a1n n\u1eefa c\u00e1c l\u1ed1i v\u00e0o c\u00f3 th\u1ec3 \u0111\u01b0\u1ee3c m\u1edf ra. H\u1ed9p pin ch\u1eafc ch\u1eafn c\u00f3 th\u1ec3 \u0111\u01b0\u1ee3c thay th\u1ebf b\u1eb1ng c\u00e1ch lo\u1ea1i b\u1ecf ph\u00eda sau xe taxi.<\/div>\n<div><a href=\"https:\/\/pay.lpwstore.com\/wp-content\/uploads\/2020\/10\/MOC-38781-Red-Scania-Dump-Truck-by-Springer83-MOCFACTORY.jpg\" target=\"_blank\" rel=\"noopener\"><img fetchpriority=\"high\" decoding=\"async\" class=\"aligncenter wp-image-196551 size-full\" title=\"MOC-38781-Red-Scania-Dump-Truck-by-Springer83-MOCFACTORY\" src=\"https:\/\/pay.lpwstore.com\/wp-content\/uploads\/2020\/10\/MOC-38781-Red-Scania-Dump-Truck-by-Springer83-MOCFACTORY.jpg\" alt=\"MOC-38781-Red-Scania-Dump-Truck-by-Springer83-MOCFACTORY\" width=\"800\" height=\"800\" \/><\/a> <img decoding=\"async\" class=\"alignnone size-full wp-image-196552 aligncenter\" src=\"https:\/\/pay.lpwstore.com\/wp-content\/uploads\/2020\/10\/MOC-38781-Red-Scania-Dump-Truck-by-Springer83-MOCFACTORY-2.jpg\" alt=\"MOC-38781-Red-Scania-Dump-Truck-by-Springer83-MOCFACTORY-2\" width=\"800\" height=\"800\" title=\"-\"> <img decoding=\"async\" class=\"alignnone size-full wp-image-196553 aligncenter\" src=\"https:\/\/pay.lpwstore.com\/wp-content\/uploads\/2020\/10\/MOC-38781-Red-Scania-Dump-Truck-by-Springer83-MOCFACTORY-3.jpg\" alt=\"MOC-38781-Red-Scania-Dump-Truck-by-Springer83-MOCFACTORY-3\" width=\"800\" height=\"800\" title=\"-\"><\/div>","protected":false},"excerpt":{"rendered":"<ul>\n<li>Bao g\u1ed3m <strong>1838+<\/strong> chi\u1ebfc<\/li>\n<li>H\u01b0\u1edbng d\u1eabn PDF tr\u1ef1c tuy\u1ebfn<\/li>\n<li>Kh\u1ed1i ABS ch\u1ea5t l\u01b0\u1ee3ng cao<\/li>\n<\/ul>","protected":false},"featured_media":21159,"comment_status":"open","ping_status":"closed","template":"","meta":{"_acf_changed":false},"product_cat":[364],"product_tag":[],"class_list":["product","first","outofstock","shipping-taxable","purchasable","product-type-simple"],"acf":[],"_links":{"self":[{"href":"https:\/\/mouldking.store\/vi\/wp-json\/wp\/v2\/product\/21162","targetHints":{"allow":["GET"]}}],"collection":[{"href":"https:\/\/mouldking.store\/vi\/wp-json\/wp\/v2\/product"}],"about":[{"href":"https:\/\/mouldking.store\/vi\/wp-json\/wp\/v2\/types\/product"}],"replies":[{"embeddable":true,"href":"https:\/\/mouldking.store\/vi\/wp-json\/wp\/v2\/comments?post=21162"}],"wp:featuredmedia":[{"embeddable":true,"href":"https:\/\/mouldking.store\/vi\/wp-json\/wp\/v2\/media\/21159"}],"wp:attachment":[{"href":"https:\/\/mouldking.store\/vi\/wp-json\/wp\/v2\/media?parent=21162"}],"wp:term":[{"taxonomy":"product_cat","embeddable":true,"href":"https:\/\/mouldking.store\/vi\/wp-json\/wp\/v2\/product_cat?post=21162"},{"taxonomy":"product_tag","embeddable":true,"href":"https:\/\/mouldking.store\/vi\/wp-json\/wp\/v2\/product_tag?post=21162"}],"curies":[{"name":"wp","href":"https:\/\/api.w.org\/{rel}","templated":true}]}}