{"id":21167,"date":"2021-10-09T05:02:40","date_gmt":"2021-10-08T22:02:40","guid":{"rendered":"https:\/\/mouldking.store\/shop\/moc-37911-apocalypse-the-end-of-world-creator-by-gabizon-mocfactory\/"},"modified":"2025-12-25T09:24:13","modified_gmt":"2025-12-25T02:24:13","slug":"moc-37911-apocalypse-the-end-of-world-creator-by-gabizon-mocfactory","status":"publish","type":"product","link":"https:\/\/mouldking.store\/vi\/shop\/moc-37911-apocalypse-the-end-of-world-creator-by-gabizon-mocfactory\/","title":{"rendered":"MOC-37911 Apocalypse \u2013 The End of World Creator c\u1ee7a gabizon MOCFACTORY"},"content":{"rendered":"<div style=\"text-align: left\">Th\u1eddi gian k\u1ebft th\u00fac - Ng\u00e0y t\u1eadn th\u1ebf. Trong nh\u1eefng th\u1eddi k\u1ef3 d\u00e0i \u0111i\u00ean cu\u1ed3ng c\u1ee7a v\u01b0\u01a1ng mi\u1ec7n n\u00e0y, kh\u00f4ng c\u00f3 m\u00f4 h\u00ecnh n\u00e0o h\u1ee3p l\u00fd h\u01a1n m\u1ed9t m\u00f4 h\u00ecnh tai h\u1ecda \u0111\u01b0\u1ee3c ti\u00ean tri.<\/div>\n<div><a href=\"https:\/\/pay.lpwstore.com\/wp-content\/uploads\/2020\/10\/MOC-37911-Apocalypse-The-End-of-World-Creator-by-gabizon-MOCFACTORY.jpg\" target=\"_blank\" rel=\"noopener\"><img fetchpriority=\"high\" decoding=\"async\" class=\"aligncenter wp-image-196684 size-full\" title=\"MOC-37911-Apocalypse---The-End-of-World-Creator-by-gabizon-MOCFACTORY\" src=\"https:\/\/pay.lpwstore.com\/wp-content\/uploads\/2020\/10\/MOC-37911-Apocalypse-The-End-of-World-Creator-by-gabizon-MOCFACTORY.jpg\" alt=\"MOC-37911-Apocalypse---The-End-of-World-Creator-by-gabizon-MOCFACTORY\" width=\"800\" height=\"800\" \/><\/a> <img decoding=\"async\" class=\"alignnone size-full wp-image-196685 aligncenter\" src=\"https:\/\/pay.lpwstore.com\/wp-content\/uploads\/2020\/10\/MOC-37911-Apocalypse-The-End-of-World-Creator-by-gabizon-MOCFACTORY-2.jpg\" alt=\"MOC-37911-Apocalypse---The-End-of-World-Creator-by-gabizon-MOCFACTORY-2\" width=\"800\" height=\"800\" title=\"-\"><\/div>","protected":false},"excerpt":{"rendered":"<ul>\n<li>Bao g\u1ed3m <strong>2034+<\/strong> chi\u1ebfc<\/li>\n<li>H\u01b0\u1edbng d\u1eabn PDF tr\u1ef1c tuy\u1ebfn<\/li>\n<li>Kh\u1ed1i ABS ch\u1ea5t l\u01b0\u1ee3ng cao<\/li>\n<\/ul>","protected":false},"featured_media":21165,"comment_status":"open","ping_status":"closed","template":"","meta":{"_acf_changed":false},"product_cat":[371],"product_tag":[],"class_list":["product","first","instock","shipping-taxable","purchasable","product-type-simple"],"acf":[],"_links":{"self":[{"href":"https:\/\/mouldking.store\/vi\/wp-json\/wp\/v2\/product\/21167","targetHints":{"allow":["GET"]}}],"collection":[{"href":"https:\/\/mouldking.store\/vi\/wp-json\/wp\/v2\/product"}],"about":[{"href":"https:\/\/mouldking.store\/vi\/wp-json\/wp\/v2\/types\/product"}],"replies":[{"embeddable":true,"href":"https:\/\/mouldking.store\/vi\/wp-json\/wp\/v2\/comments?post=21167"}],"wp:featuredmedia":[{"embeddable":true,"href":"https:\/\/mouldking.store\/vi\/wp-json\/wp\/v2\/media\/21165"}],"wp:attachment":[{"href":"https:\/\/mouldking.store\/vi\/wp-json\/wp\/v2\/media?parent=21167"}],"wp:term":[{"taxonomy":"product_cat","embeddable":true,"href":"https:\/\/mouldking.store\/vi\/wp-json\/wp\/v2\/product_cat?post=21167"},{"taxonomy":"product_tag","embeddable":true,"href":"https:\/\/mouldking.store\/vi\/wp-json\/wp\/v2\/product_tag?post=21167"}],"curies":[{"name":"wp","href":"https:\/\/api.w.org\/{rel}","templated":true}]}}