{"id":21213,"date":"2021-10-09T05:04:09","date_gmt":"2021-10-08T22:04:09","guid":{"rendered":"https:\/\/mouldking.store\/shop\/moc-54244-the-haunted-manor-modular-buildings-by-zeradman-moc-factory\/"},"modified":"2025-12-25T09:24:12","modified_gmt":"2025-12-25T02:24:12","slug":"moc-54244-the-haunted-manor-modular-buildings-by-zeradman-moc-factory","status":"publish","type":"product","link":"https:\/\/mouldking.store\/vi\/shop\/moc-54244-the-haunted-manor-modular-buildings-by-zeradman-moc-factory\/","title":{"rendered":"MOC-54244 C\u00e1c t\u00f2a nh\u00e0 m\u00f4-\u0111un The Haunted Manor c\u1ee7a ZeRadman MOC FACTORY"},"content":{"rendered":"<div>&#8221; Welcome, silly humans, to the Haunted Manor. I am your host, your apparition have .&#8221;<\/div>\n<div><\/div>\n<div>The Haunted Manor is a repulsive, diabolical chateau loaded up with 999 cheerful frequents! This fabricate capacities as a presentation piece for fans, particular structure for city arranging, and playset with numerous evil enjoyments! On the off chance that you love apparitions, trolls, and creepy occasions, you have gone to the correct spot!<\/div>\n<div><a href=\"https:\/\/pay.lpwstore.com\/wp-content\/uploads\/2020\/10\/MOC-54244-The-Haunted-Manor-Modular-Buildings-by-ZeRadman-MOC-FACTORY-2.jpg\" target=\"_blank\" rel=\"noopener\"><img fetchpriority=\"high\" decoding=\"async\" class=\"aligncenter wp-image-197015 size-full\" title=\"MOC-54244-The-Haunted-Manor-Modular-Buildings-by-ZeRadman-MOC-FACTORY-2\" src=\"https:\/\/pay.lpwstore.com\/wp-content\/uploads\/2020\/10\/MOC-54244-The-Haunted-Manor-Modular-Buildings-by-ZeRadman-MOC-FACTORY-2.jpg\" alt=\"MOC-54244-The-Haunted-Manor-Modular-Buildings-by-ZeRadman-MOC-FACTORY-2\" width=\"800\" height=\"800\" \/><\/a><\/div>\n<div><img decoding=\"async\" class=\"size-full wp-image-197014 aligncenter\" src=\"https:\/\/pay.lpwstore.com\/wp-content\/uploads\/2020\/10\/MOC-54244-The-Haunted-Manor-Modular-Buildings-by-ZeRadman-MOC-FACTORY.jpg\" alt=\"MOC-54244-The-Haunted-Manor-Modular-Buildings-by-ZeRadman-MOC-FACTORY\" width=\"800\" height=\"800\" title=\"-\"><\/div>","protected":false},"excerpt":{"rendered":"<ul>\n<li>Bao g\u1ed3m<strong> 3964+<\/strong> chi\u1ebfc<\/li>\n<li>H\u01b0\u1edbng d\u1eabn PDF tr\u1ef1c tuy\u1ebfn<\/li>\n<li>Kh\u1ed1i ABS ch\u1ea5t l\u01b0\u1ee3ng cao<\/li>\n<\/ul>","protected":false},"featured_media":21211,"comment_status":"open","ping_status":"closed","template":"","meta":{"_acf_changed":false},"product_cat":[390],"product_tag":[],"class_list":["product","first","instock","shipping-taxable","purchasable","product-type-simple"],"acf":[],"_links":{"self":[{"href":"https:\/\/mouldking.store\/vi\/wp-json\/wp\/v2\/product\/21213","targetHints":{"allow":["GET"]}}],"collection":[{"href":"https:\/\/mouldking.store\/vi\/wp-json\/wp\/v2\/product"}],"about":[{"href":"https:\/\/mouldking.store\/vi\/wp-json\/wp\/v2\/types\/product"}],"replies":[{"embeddable":true,"href":"https:\/\/mouldking.store\/vi\/wp-json\/wp\/v2\/comments?post=21213"}],"wp:featuredmedia":[{"embeddable":true,"href":"https:\/\/mouldking.store\/vi\/wp-json\/wp\/v2\/media\/21211"}],"wp:attachment":[{"href":"https:\/\/mouldking.store\/vi\/wp-json\/wp\/v2\/media?parent=21213"}],"wp:term":[{"taxonomy":"product_cat","embeddable":true,"href":"https:\/\/mouldking.store\/vi\/wp-json\/wp\/v2\/product_cat?post=21213"},{"taxonomy":"product_tag","embeddable":true,"href":"https:\/\/mouldking.store\/vi\/wp-json\/wp\/v2\/product_tag?post=21213"}],"curies":[{"name":"wp","href":"https:\/\/api.w.org\/{rel}","templated":true}]}}