{"id":21226,"date":"2021-10-09T05:04:22","date_gmt":"2021-10-08T22:04:22","guid":{"rendered":"https:\/\/mouldking.store\/shop\/moc-31149-winter-village-church-with-graveyard-christmas-season-by-basti89-moc-factory\/"},"modified":"2025-12-25T09:24:12","modified_gmt":"2025-12-25T02:24:12","slug":"moc-31149-winter-village-church-with-graveyard-christmas-season-by-basti89-moc-factory","status":"publish","type":"product","link":"https:\/\/mouldking.store\/vi\/shop\/moc-31149-winter-village-church-with-graveyard-christmas-season-by-basti89-moc-factory\/","title":{"rendered":"MOC-31149 Nh\u00e0 th\u1edd L\u00e0ng M\u00f9a \u0111\u00f4ng v\u1edbi Ngh\u0129a trang M\u00f9a Gi\u00e1ng sinh c\u1ee7a Basti89 MOC FACTORY"},"content":{"rendered":"<p style=\"text-align: left\">MOC-31149 Winter Village Church with Graveyard Christmas Season c\u1ee7a Basti89 MOC FACTORY l\u00e0 m\u1ed9t b\u1ed9 trong b\u1ed9 s\u01b0u t\u1eadp Creator, \u0111\u01b0\u1ee3c thi\u1ebft k\u1ebf b\u1edfi Basti89. MOC 31149 n\u00e0y \u0111i k\u00e8m v\u1edbi h\u01b0\u1edbng d\u1eabn PDF, d\u1ec5 x\u00e2y d\u1ef1ng v\u00e0 t\u00ecm c\u00e1c ph\u1ea7n c\u00f2n thi\u1ebfu. B\u1ed9 g\u1ed3m 906 mi\u1ebfng, ph\u00e1t h\u00e0nh l\u1ea7n \u0111\u1ea7u v\u00e0o n\u0103m 2020.<\/p>\n<p style=\"text-align: left\">MOC-31149 Nh\u00e0 th\u1edd Ng\u00f4i l\u00e0ng M\u00f9a \u0111\u00f4ng c\u00f3 Ngh\u0129a \u0111\u1ecba l\u00e0 m\u1ed9t m\u00f3n qu\u00e0 \u0111\u1eb7c bi\u1ec7t cho Gi\u00e1ng sinh.<\/p>\n<p style=\"text-align: center\">\n<p><a href=\"https:\/\/pay.lpwstore.com\/wp-content\/uploads\/2020\/10\/MOC-31149-Winter-Village-Church-with-Graveyard-Christmas-Season-by-Basti89-MOC-FACTORY-2.jpg\" target=\"_blank\" rel=\"noopener\"><img fetchpriority=\"high\" decoding=\"async\" class=\"aligncenter wp-image-197029 size-full\" title=\"MOC-31149-M\u00f9a \u0111\u00f4ng-L\u00e0ng-Nh\u00e0 th\u1edd-c\u00f3-Ngh\u0129a \u0111\u1ecba-Gi\u00e1ng sinh-M\u00f9a-by-Basti89-MOC-FACTORY-2\" src=\"https:\/\/pay.lpwstore.com\/wp-content\/uploads\/2020\/10\/MOC-31149-Winter-Village-Church-with-Graveyard-Christmas-Season-by-Basti89-MOC-FACTORY-2.jpg\" alt=\"MOC-31149-Winter-Village-Church-with-Graveyard-Christmas-Season-by-Basti89-MOC-FACTORY-2\" width=\"800\" height=\"800\" \/><\/a> <img decoding=\"async\" class=\"alignnone size-full wp-image-197028 aligncenter\" src=\"https:\/\/pay.lpwstore.com\/wp-content\/uploads\/2020\/10\/MOC-31149-Winter-Village-Church-with-Graveyard-Christmas-Season-by-Basti89-MOC-FACTORY.jpg\" alt=\"MOC-31149-Winter-Village-Church-with-Graveyard-Christmas-Season-by-Basti89-MOC-FACTORY\" width=\"800\" height=\"800\" title=\"-\"><\/p>","protected":false},"excerpt":{"rendered":"<ul>\n<li>Bao g\u1ed3m <strong>906+<\/strong> chi\u1ebfc<\/li>\n<li>H\u01b0\u1edbng d\u1eabn PDF tr\u1ef1c tuy\u1ebfn<\/li>\n<li>Kh\u1ed1i ABS ch\u1ea5t l\u01b0\u1ee3ng cao<\/li>\n<\/ul>","protected":false},"featured_media":21224,"comment_status":"open","ping_status":"closed","template":"","meta":{"_acf_changed":false},"product_cat":[390],"product_tag":[],"class_list":["product","first","instock","shipping-taxable","purchasable","product-type-simple"],"acf":[],"_links":{"self":[{"href":"https:\/\/mouldking.store\/vi\/wp-json\/wp\/v2\/product\/21226","targetHints":{"allow":["GET"]}}],"collection":[{"href":"https:\/\/mouldking.store\/vi\/wp-json\/wp\/v2\/product"}],"about":[{"href":"https:\/\/mouldking.store\/vi\/wp-json\/wp\/v2\/types\/product"}],"replies":[{"embeddable":true,"href":"https:\/\/mouldking.store\/vi\/wp-json\/wp\/v2\/comments?post=21226"}],"wp:featuredmedia":[{"embeddable":true,"href":"https:\/\/mouldking.store\/vi\/wp-json\/wp\/v2\/media\/21224"}],"wp:attachment":[{"href":"https:\/\/mouldking.store\/vi\/wp-json\/wp\/v2\/media?parent=21226"}],"wp:term":[{"taxonomy":"product_cat","embeddable":true,"href":"https:\/\/mouldking.store\/vi\/wp-json\/wp\/v2\/product_cat?post=21226"},{"taxonomy":"product_tag","embeddable":true,"href":"https:\/\/mouldking.store\/vi\/wp-json\/wp\/v2\/product_tag?post=21226"}],"curies":[{"name":"wp","href":"https:\/\/api.w.org\/{rel}","templated":true}]}}