{"id":21242,"date":"2021-10-09T05:04:38","date_gmt":"2021-10-09T05:04:38","guid":{"rendered":"https:\/\/mouldking.store\/shop\/moc-37237-bumper-cars-for-modular-amusement-park-creator-by-gabizon-moc-factory\/"},"modified":"2025-12-25T09:24:11","modified_gmt":"2025-12-25T02:24:11","slug":"moc-37237-bumper-cars-for-modular-amusement-park-creator-by-gabizon-moc-factory","status":"publish","type":"product","link":"https:\/\/mouldking.store\/vi\/shop\/moc-37237-bumper-cars-for-modular-amusement-park-creator-by-gabizon-moc-factory\/","title":{"rendered":"MOC-37237 \u00d4 t\u00f4 b\u1ed9i thu cho Ng\u01b0\u1eddi t\u1ea1o c\u00f4ng vi\u00ean gi\u1ea3i tr\u00ed m\u00f4-\u0111un c\u1ee7a gabizon MOC FACTORY"},"content":{"rendered":"<p>MOC-37237 Bumper cars for modular Amusement Park Creator by gabizon MOC FACTORY is a set in Creator collection, designed by gabizon. This MOC 37237 comes with PDF instruction which is easy to build and find the missing pieces. The set contains 1012 pieces, first released in 2020.<\/p>\n<p><a href=\"https:\/\/pay.lpwstore.com\/wp-content\/uploads\/2020\/10\/MOC-37237-Bumper-cars-for-modular-Amusement-Park-Creator-by-gabizon-MOC-FACTORY.jpg\" target=\"_blank\" rel=\"noopener\"><img fetchpriority=\"high\" decoding=\"async\" class=\"aligncenter wp-image-197072 size-full\" title=\"MOC-37237-Bumper-cars-for-modular-Amusement-Park-Creator-by-gabizon-MOC-FACTORY\" src=\"https:\/\/pay.lpwstore.com\/wp-content\/uploads\/2020\/10\/MOC-37237-Bumper-cars-for-modular-Amusement-Park-Creator-by-gabizon-MOC-FACTORY.jpg\" alt=\"MOC-37237-Bumper-cars-for-modular-Amusement-Park-Creator-by-gabizon-MOC-FACTORY\" width=\"800\" height=\"800\" \/><\/a><\/p>","protected":false},"excerpt":{"rendered":"<ul>\n<li>Include 1<strong>012+<\/strong> chi\u1ebfc<\/li>\n<li>H\u01b0\u1edbng d\u1eabn PDF tr\u1ef1c tuy\u1ebfn<\/li>\n<li>Kh\u1ed1i ABS ch\u1ea5t l\u01b0\u1ee3ng cao<\/li>\n<\/ul>","protected":false},"featured_media":21241,"comment_status":"open","ping_status":"closed","template":"","meta":{"_acf_changed":false},"product_cat":[371],"product_tag":[],"class_list":["product","first","instock","shipping-taxable","purchasable","product-type-simple"],"acf":[],"_links":{"self":[{"href":"https:\/\/mouldking.store\/vi\/wp-json\/wp\/v2\/product\/21242","targetHints":{"allow":["GET"]}}],"collection":[{"href":"https:\/\/mouldking.store\/vi\/wp-json\/wp\/v2\/product"}],"about":[{"href":"https:\/\/mouldking.store\/vi\/wp-json\/wp\/v2\/types\/product"}],"replies":[{"embeddable":true,"href":"https:\/\/mouldking.store\/vi\/wp-json\/wp\/v2\/comments?post=21242"}],"wp:featuredmedia":[{"embeddable":true,"href":"https:\/\/mouldking.store\/vi\/wp-json\/wp\/v2\/media\/21241"}],"wp:attachment":[{"href":"https:\/\/mouldking.store\/vi\/wp-json\/wp\/v2\/media?parent=21242"}],"wp:term":[{"taxonomy":"product_cat","embeddable":true,"href":"https:\/\/mouldking.store\/vi\/wp-json\/wp\/v2\/product_cat?post=21242"},{"taxonomy":"product_tag","embeddable":true,"href":"https:\/\/mouldking.store\/vi\/wp-json\/wp\/v2\/product_tag?post=21242"}],"curies":[{"name":"wp","href":"https:\/\/api.w.org\/{rel}","templated":true}]}}