{"id":21247,"date":"2021-10-09T05:04:41","date_gmt":"2021-10-08T22:04:41","guid":{"rendered":"https:\/\/mouldking.store\/shop\/moc-32797-winter-village-cottage-creator-by-klaartje68-moc-factory\/"},"modified":"2025-12-25T09:24:11","modified_gmt":"2025-12-25T02:24:11","slug":"moc-32797-winter-village-cottage-creator-by-klaartje68-moc-factory","status":"publish","type":"product","link":"https:\/\/mouldking.store\/vi\/shop\/moc-32797-winter-village-cottage-creator-by-klaartje68-moc-factory\/","title":{"rendered":"MOC-32797 Nh\u00e0 s\u00e1ng t\u1ea1o ng\u00f4i l\u00e0ng m\u00f9a \u0111\u00f4ng c\u1ee7a Klaartje68 MOC FACTORY"},"content":{"rendered":"<p style=\"text-align: left\">MOC-32797 Winter Village Cottage Creator c\u1ee7a Klaartje68 MOC FACTORY l\u00e0 m\u1ed9t b\u1ed9 trong b\u1ed9 s\u01b0u t\u1eadp Creator, \u0111\u01b0\u1ee3c thi\u1ebft k\u1ebf b\u1edfi Klaartje68. MOC 32797 n\u00e0y \u0111i k\u00e8m v\u1edbi h\u01b0\u1edbng d\u1eabn PDF gi\u00fap d\u1ec5 d\u00e0ng t\u1ea1o v\u00e0 t\u00ecm c\u00e1c ph\u1ea7n c\u00f2n thi\u1ebfu. B\u1ed9 g\u1ed3m 594 mi\u1ebfng, ph\u00e1t h\u00e0nh l\u1ea7n \u0111\u1ea7u v\u00e0o n\u0103m 2020.<\/p>\n<p style=\"text-align: left\">MOC-32797 Winter Village Cottage Creator l\u00e0 m\u1ed9t b\u1ed9 tuy\u1ec7t v\u1eddi cho Gi\u00e1ng sinh.<\/p>\n<p style=\"text-align: left\"><a href=\"https:\/\/pay.lpwstore.com\/wp-content\/uploads\/2020\/10\/MOC-32797-Winter-Village-Cottage-Creator-by-Klaartje68-MOC-FACTORY-4.jpg\" target=\"_blank\" rel=\"noopener\"><img fetchpriority=\"high\" decoding=\"async\" class=\"aligncenter wp-image-197077 size-full\" title=\"MOC-32797-Winter-Village-Cottage-Creator-by-Klaartje68-MOC-FACTORY-4\" src=\"https:\/\/pay.lpwstore.com\/wp-content\/uploads\/2020\/10\/MOC-32797-Winter-Village-Cottage-Creator-by-Klaartje68-MOC-FACTORY-4.jpg\" alt=\"MOC-32797-Winter-Village-Cottage-Creator-by-Klaartje68-MOC-FACTORY-4\" width=\"800\" height=\"800\" \/><\/a> <img decoding=\"async\" class=\"alignnone size-full wp-image-197074 aligncenter\" src=\"https:\/\/pay.lpwstore.com\/wp-content\/uploads\/2020\/10\/MOC-32797-Winter-Village-Cottage-Creator-by-Klaartje68-MOC-FACTORY.jpg\" alt=\"MOC-32797-Winter-Village-Cottage-Creator-by-Klaartje68-MOC-FACTORY\" width=\"800\" height=\"800\" title=\"-\"> <img decoding=\"async\" class=\"alignnone size-full wp-image-197075 aligncenter\" src=\"https:\/\/pay.lpwstore.com\/wp-content\/uploads\/2020\/10\/MOC-32797-Winter-Village-Cottage-Creator-by-Klaartje68-MOC-FACTORY-2.jpg\" alt=\"MOC-32797-Winter-Village-Cottage-Creator-by-Klaartje68-MOC-FACTORY-2\" width=\"800\" height=\"800\" title=\"-\"> <img loading=\"lazy\" decoding=\"async\" class=\"alignnone size-full wp-image-197076 aligncenter\" src=\"https:\/\/pay.lpwstore.com\/wp-content\/uploads\/2020\/10\/MOC-32797-Winter-Village-Cottage-Creator-by-Klaartje68-MOC-FACTORY-3.jpg\" alt=\"MOC-32797-Winter-Village-Cottage-Creator-by-Klaartje68-MOC-FACTORY-3\" width=\"800\" height=\"800\" title=\"-\"><\/p>","protected":false},"excerpt":{"rendered":"<ul>\n<li>Bao g\u1ed3m <strong>594+<\/strong> chi\u1ebfc<\/li>\n<li>H\u01b0\u1edbng d\u1eabn PDF tr\u1ef1c tuy\u1ebfn<\/li>\n<li>Kh\u1ed1i ABS ch\u1ea5t l\u01b0\u1ee3ng cao<\/li>\n<\/ul>","protected":false},"featured_media":21243,"comment_status":"open","ping_status":"closed","template":"","meta":{"_acf_changed":false},"product_cat":[371],"product_tag":[],"class_list":["product","first","instock","shipping-taxable","purchasable","product-type-simple"],"acf":[],"_links":{"self":[{"href":"https:\/\/mouldking.store\/vi\/wp-json\/wp\/v2\/product\/21247","targetHints":{"allow":["GET"]}}],"collection":[{"href":"https:\/\/mouldking.store\/vi\/wp-json\/wp\/v2\/product"}],"about":[{"href":"https:\/\/mouldking.store\/vi\/wp-json\/wp\/v2\/types\/product"}],"replies":[{"embeddable":true,"href":"https:\/\/mouldking.store\/vi\/wp-json\/wp\/v2\/comments?post=21247"}],"wp:featuredmedia":[{"embeddable":true,"href":"https:\/\/mouldking.store\/vi\/wp-json\/wp\/v2\/media\/21243"}],"wp:attachment":[{"href":"https:\/\/mouldking.store\/vi\/wp-json\/wp\/v2\/media?parent=21247"}],"wp:term":[{"taxonomy":"product_cat","embeddable":true,"href":"https:\/\/mouldking.store\/vi\/wp-json\/wp\/v2\/product_cat?post=21247"},{"taxonomy":"product_tag","embeddable":true,"href":"https:\/\/mouldking.store\/vi\/wp-json\/wp\/v2\/product_tag?post=21247"}],"curies":[{"name":"wp","href":"https:\/\/api.w.org\/{rel}","templated":true}]}}