{"id":21265,"date":"2021-10-09T05:05:03","date_gmt":"2021-10-08T22:05:03","guid":{"rendered":"https:\/\/mouldking.store\/shop\/moc-37240-santa-claus-creator-by-dj-brick-moc-factory\/"},"modified":"2025-12-25T09:24:11","modified_gmt":"2025-12-25T02:24:11","slug":"moc-37240-santa-claus-creator-by-dj-brick-moc-factory","status":"publish","type":"product","link":"https:\/\/mouldking.store\/vi\/shop\/moc-37240-santa-claus-creator-by-dj-brick-moc-factory\/","title":{"rendered":"MOC-37240 B\u1ed9 t\u1ea1o h\u00ecnh \u00f4ng gi\u00e0 Noel c\u1ee7a DJ Brick MOC FACTORY"},"content":{"rendered":"<p style=\"text-align: left;\">MOC-37240 Santa Claus Creator c\u1ee7a DJ Brick MOC FACTORY l\u00e0 m\u1ed9t b\u1ed9 trong b\u1ed9 s\u01b0u t\u1eadp Creator, \u0111\u01b0\u1ee3c thi\u1ebft k\u1ebf b\u1edfi DJ Brick. MOC 37240 n\u00e0y \u0111i k\u00e8m v\u1edbi h\u01b0\u1edbng d\u1eabn PDF gi\u00fap d\u1ec5 d\u00e0ng t\u1ea1o v\u00e0 t\u00ecm c\u00e1c ph\u1ea7n c\u00f2n thi\u1ebfu. B\u1ed9 n\u00e0y bao g\u1ed3m 2021 mi\u1ebfng, \u0111\u01b0\u1ee3c ph\u00e1t h\u00e0nh l\u1ea7n \u0111\u1ea7u v\u00e0o n\u0103m 2020.<\/p>\n<p>&nbsp;<\/p>\n<figure id=\"attachment_21263\" aria-describedby=\"caption-attachment-21263\" style=\"width: 800px\" class=\"wp-caption aligncenter\"><img fetchpriority=\"high\" decoding=\"async\" class=\"wp-image-21263 size-full\" src=\"https:\/\/mouldking.store\/wp-content\/uploads\/2021\/10\/MOC-37240-Santa-Claus-Creator-by-DJ-Brick-MOC-FACTORY-2.jpg\" alt=\"MOC-37240 Santa Claus Creator by DJ Brick MOC FACTORY\" width=\"800\" height=\"800\" title=\"-\" srcset=\"https:\/\/mouldking.store\/wp-content\/uploads\/2021\/10\/MOC-37240-Santa-Claus-Creator-by-DJ-Brick-MOC-FACTORY-2.jpg 800w, https:\/\/mouldking.store\/wp-content\/uploads\/2021\/10\/MOC-37240-Santa-Claus-Creator-by-DJ-Brick-MOC-FACTORY-2-300x300.jpg 300w, https:\/\/mouldking.store\/wp-content\/uploads\/2021\/10\/MOC-37240-Santa-Claus-Creator-by-DJ-Brick-MOC-FACTORY-2-768x768.jpg 768w, https:\/\/mouldking.store\/wp-content\/uploads\/2021\/10\/MOC-37240-Santa-Claus-Creator-by-DJ-Brick-MOC-FACTORY-2-600x600.jpg 600w, https:\/\/mouldking.store\/wp-content\/uploads\/2021\/10\/MOC-37240-Santa-Claus-Creator-by-DJ-Brick-MOC-FACTORY-2-150x150.jpg 150w\" sizes=\"(max-width: 800px) 100vw, 800px\" \/><figcaption id=\"caption-attachment-21263\" class=\"wp-caption-text\">MOC-37240 B\u1ed9 t\u1ea1o h\u00ecnh \u00f4ng gi\u00e0 Noel c\u1ee7a DJ Brick MOC FACTORY<\/figcaption><\/figure>\n<figure id=\"attachment_21264\" aria-describedby=\"caption-attachment-21264\" style=\"width: 800px\" class=\"wp-caption aligncenter\"><img decoding=\"async\" class=\"wp-image-21264 size-full\" src=\"https:\/\/mouldking.store\/wp-content\/uploads\/2021\/10\/MOC-37240-Santa-Claus-Creator-by-DJ-Brick-MOC-FACTORY.jpg\" alt=\"MOC-37240 Santa Claus Creator by DJ Brick MOC FACTORY\" width=\"800\" height=\"800\" title=\"-\" srcset=\"https:\/\/mouldking.store\/wp-content\/uploads\/2021\/10\/MOC-37240-Santa-Claus-Creator-by-DJ-Brick-MOC-FACTORY.jpg 800w, https:\/\/mouldking.store\/wp-content\/uploads\/2021\/10\/MOC-37240-Santa-Claus-Creator-by-DJ-Brick-MOC-FACTORY-300x300.jpg 300w, https:\/\/mouldking.store\/wp-content\/uploads\/2021\/10\/MOC-37240-Santa-Claus-Creator-by-DJ-Brick-MOC-FACTORY-768x768.jpg 768w, https:\/\/mouldking.store\/wp-content\/uploads\/2021\/10\/MOC-37240-Santa-Claus-Creator-by-DJ-Brick-MOC-FACTORY-600x600.jpg 600w, https:\/\/mouldking.store\/wp-content\/uploads\/2021\/10\/MOC-37240-Santa-Claus-Creator-by-DJ-Brick-MOC-FACTORY-150x150.jpg 150w\" sizes=\"(max-width: 800px) 100vw, 800px\" \/><figcaption id=\"caption-attachment-21264\" class=\"wp-caption-text\">MOC-37240 B\u1ed9 t\u1ea1o h\u00ecnh \u00f4ng gi\u00e0 Noel c\u1ee7a DJ Brick MOC FACTORY<\/figcaption><\/figure>\n<p>&nbsp;<\/p>","protected":false},"excerpt":{"rendered":"<ul>\n<li>Bao g\u1ed3m <strong>2021+<\/strong> chi\u1ebfc<\/li>\n<li>H\u01b0\u1edbng d\u1eabn PDF tr\u1ef1c tuy\u1ebfn<\/li>\n<li>Kh\u1ed1i ABS ch\u1ea5t l\u01b0\u1ee3ng cao<\/li>\n<\/ul>","protected":false},"featured_media":21263,"comment_status":"open","ping_status":"closed","template":"","meta":{"_acf_changed":false},"product_cat":[371],"product_tag":[5696,5695,5694,5697],"class_list":["product","first","instock","shipping-taxable","purchasable","product-type-simple"],"acf":[],"_links":{"self":[{"href":"https:\/\/mouldking.store\/vi\/wp-json\/wp\/v2\/product\/21265","targetHints":{"allow":["GET"]}}],"collection":[{"href":"https:\/\/mouldking.store\/vi\/wp-json\/wp\/v2\/product"}],"about":[{"href":"https:\/\/mouldking.store\/vi\/wp-json\/wp\/v2\/types\/product"}],"replies":[{"embeddable":true,"href":"https:\/\/mouldking.store\/vi\/wp-json\/wp\/v2\/comments?post=21265"}],"wp:featuredmedia":[{"embeddable":true,"href":"https:\/\/mouldking.store\/vi\/wp-json\/wp\/v2\/media\/21263"}],"wp:attachment":[{"href":"https:\/\/mouldking.store\/vi\/wp-json\/wp\/v2\/media?parent=21265"}],"wp:term":[{"taxonomy":"product_cat","embeddable":true,"href":"https:\/\/mouldking.store\/vi\/wp-json\/wp\/v2\/product_cat?post=21265"},{"taxonomy":"product_tag","embeddable":true,"href":"https:\/\/mouldking.store\/vi\/wp-json\/wp\/v2\/product_tag?post=21265"}],"curies":[{"name":"wp","href":"https:\/\/api.w.org\/{rel}","templated":true}]}}