{"id":21271,"date":"2021-10-09T05:05:09","date_gmt":"2021-10-08T22:05:09","guid":{"rendered":"https:\/\/mouldking.store\/shop\/moc-52200-tatooine-mos-eisley-cantina-1-star-wars-by-mocopolis-moc-factory\/"},"modified":"2025-12-25T09:24:11","modified_gmt":"2025-12-25T02:24:11","slug":"moc-52200-tatooine-mos-eisley-cantina-1-star-wars-by-mocopolis-moc-factory","status":"publish","type":"product","link":"https:\/\/mouldking.store\/vi\/shop\/moc-52200-tatooine-mos-eisley-cantina-1-star-wars-by-mocopolis-moc-factory\/","title":{"rendered":"MOC-52200 Tatooine Mos Eisley Cantina #1 Chi\u1ebfn tranh gi\u1eefa c\u00e1c v\u00ec sao c\u1ee7a MOCOPOLIS MOC FACTORY"},"content":{"rendered":"<ul>\n<li style=\"text-align: left;\">MOC-52200 Tatooine Mos Eisley Cantina #1 Star Wars c\u1ee7a MOCOPOLIS MOC FACTORY l\u00e0 m\u1ed9t b\u1ed9 trong b\u1ed9 s\u01b0u t\u1eadp Star Wars, \u0111\u01b0\u1ee3c thi\u1ebft k\u1ebf b\u1edfi MOCOPOLIS. MOC 52200 n\u00e0y \u0111i k\u00e8m v\u1edbi h\u01b0\u1edbng d\u1eabn PDF gi\u00fap d\u1ec5 d\u00e0ng t\u1ea1o v\u00e0 t\u00ecm c\u00e1c ph\u1ea7n c\u00f2n thi\u1ebfu. B\u1ed9 g\u1ed3m 4298 mi\u1ebfng, ph\u00e1t h\u00e0nh l\u1ea7n \u0111\u1ea7u v\u00e0o n\u0103m 2020.<\/li>\n<li>S\u1eafp x\u1ebfp th\u1eddi gian: 4-7 tu\u1ea7n<\/li>\n<\/ul>\n<p>&nbsp;<\/p>\n<figure id=\"attachment_21266\" aria-describedby=\"caption-attachment-21266\" style=\"width: 800px\" class=\"wp-caption aligncenter\"><img fetchpriority=\"high\" decoding=\"async\" class=\"wp-image-21266 size-full\" src=\"https:\/\/mouldking.store\/wp-content\/uploads\/2021\/10\/MOC-52200-Tatooine-Mos-Eisley-Cantina-1-Star-Wars-by-MOCOPOLIS-MOC-FACTORY-5.jpg\" alt=\"MOC-52200 Tatooine Mos Eisley Cantina #1 Star Wars by MOCOPOLIS MOC FACTORY\" width=\"800\" height=\"800\" title=\"-\" srcset=\"https:\/\/mouldking.store\/wp-content\/uploads\/2021\/10\/MOC-52200-Tatooine-Mos-Eisley-Cantina-1-Star-Wars-by-MOCOPOLIS-MOC-FACTORY-5.jpg 800w, https:\/\/mouldking.store\/wp-content\/uploads\/2021\/10\/MOC-52200-Tatooine-Mos-Eisley-Cantina-1-Star-Wars-by-MOCOPOLIS-MOC-FACTORY-5-300x300.jpg 300w, https:\/\/mouldking.store\/wp-content\/uploads\/2021\/10\/MOC-52200-Tatooine-Mos-Eisley-Cantina-1-Star-Wars-by-MOCOPOLIS-MOC-FACTORY-5-768x768.jpg 768w, https:\/\/mouldking.store\/wp-content\/uploads\/2021\/10\/MOC-52200-Tatooine-Mos-Eisley-Cantina-1-Star-Wars-by-MOCOPOLIS-MOC-FACTORY-5-600x600.jpg 600w, https:\/\/mouldking.store\/wp-content\/uploads\/2021\/10\/MOC-52200-Tatooine-Mos-Eisley-Cantina-1-Star-Wars-by-MOCOPOLIS-MOC-FACTORY-5-150x150.jpg 150w\" sizes=\"(max-width: 800px) 100vw, 800px\" \/><figcaption id=\"caption-attachment-21266\" class=\"wp-caption-text\">MOC-52200 Tatooine Mos Eisley Cantina #1 Chi\u1ebfn tranh gi\u1eefa c\u00e1c v\u00ec sao c\u1ee7a MOCOPOLIS MOC FACTORY<\/figcaption><\/figure>\n<figure id=\"attachment_21267\" aria-describedby=\"caption-attachment-21267\" style=\"width: 800px\" class=\"wp-caption aligncenter\"><img decoding=\"async\" class=\"wp-image-21267 size-full\" src=\"https:\/\/mouldking.store\/wp-content\/uploads\/2021\/10\/MOC-52200-Tatooine-Mos-Eisley-Cantina-1-Star-Wars-by-MOCOPOLIS-MOC-FACTORY.jpg\" alt=\"MOC-52200 Tatooine Mos Eisley Cantina #1 Star Wars by MOCOPOLIS MOC FACTORY\" width=\"800\" height=\"800\" title=\"-\" srcset=\"https:\/\/mouldking.store\/wp-content\/uploads\/2021\/10\/MOC-52200-Tatooine-Mos-Eisley-Cantina-1-Star-Wars-by-MOCOPOLIS-MOC-FACTORY.jpg 800w, https:\/\/mouldking.store\/wp-content\/uploads\/2021\/10\/MOC-52200-Tatooine-Mos-Eisley-Cantina-1-Star-Wars-by-MOCOPOLIS-MOC-FACTORY-300x300.jpg 300w, https:\/\/mouldking.store\/wp-content\/uploads\/2021\/10\/MOC-52200-Tatooine-Mos-Eisley-Cantina-1-Star-Wars-by-MOCOPOLIS-MOC-FACTORY-768x768.jpg 768w, https:\/\/mouldking.store\/wp-content\/uploads\/2021\/10\/MOC-52200-Tatooine-Mos-Eisley-Cantina-1-Star-Wars-by-MOCOPOLIS-MOC-FACTORY-600x600.jpg 600w, https:\/\/mouldking.store\/wp-content\/uploads\/2021\/10\/MOC-52200-Tatooine-Mos-Eisley-Cantina-1-Star-Wars-by-MOCOPOLIS-MOC-FACTORY-150x150.jpg 150w\" sizes=\"(max-width: 800px) 100vw, 800px\" \/><figcaption id=\"caption-attachment-21267\" class=\"wp-caption-text\">MOC-52200 Tatooine Mos Eisley Cantina #1 Chi\u1ebfn tranh gi\u1eefa c\u00e1c v\u00ec sao c\u1ee7a MOCOPOLIS MOC FACTORY<\/figcaption><\/figure>\n<figure id=\"attachment_21270\" aria-describedby=\"caption-attachment-21270\" style=\"width: 800px\" class=\"wp-caption aligncenter\"><img decoding=\"async\" class=\"wp-image-21270 size-full\" src=\"https:\/\/mouldking.store\/wp-content\/uploads\/2021\/10\/MOC-52200-Tatooine-Mos-Eisley-Cantina-1-Star-Wars-by-MOCOPOLIS-MOC-FACTORY-4.jpg\" alt=\"MOC-52200 Tatooine Mos Eisley Cantina #1 Star Wars by MOCOPOLIS MOC FACTORY\" width=\"800\" height=\"800\" title=\"-\" srcset=\"https:\/\/mouldking.store\/wp-content\/uploads\/2021\/10\/MOC-52200-Tatooine-Mos-Eisley-Cantina-1-Star-Wars-by-MOCOPOLIS-MOC-FACTORY-4.jpg 800w, https:\/\/mouldking.store\/wp-content\/uploads\/2021\/10\/MOC-52200-Tatooine-Mos-Eisley-Cantina-1-Star-Wars-by-MOCOPOLIS-MOC-FACTORY-4-300x300.jpg 300w, https:\/\/mouldking.store\/wp-content\/uploads\/2021\/10\/MOC-52200-Tatooine-Mos-Eisley-Cantina-1-Star-Wars-by-MOCOPOLIS-MOC-FACTORY-4-768x768.jpg 768w, https:\/\/mouldking.store\/wp-content\/uploads\/2021\/10\/MOC-52200-Tatooine-Mos-Eisley-Cantina-1-Star-Wars-by-MOCOPOLIS-MOC-FACTORY-4-600x600.jpg 600w, https:\/\/mouldking.store\/wp-content\/uploads\/2021\/10\/MOC-52200-Tatooine-Mos-Eisley-Cantina-1-Star-Wars-by-MOCOPOLIS-MOC-FACTORY-4-150x150.jpg 150w\" sizes=\"(max-width: 800px) 100vw, 800px\" \/><figcaption id=\"caption-attachment-21270\" class=\"wp-caption-text\">MOC-52200 Tatooine Mos Eisley Cantina #1 Chi\u1ebfn tranh gi\u1eefa c\u00e1c v\u00ec sao c\u1ee7a MOCOPOLIS MOC FACTORY<\/figcaption><\/figure>\n<figure id=\"attachment_21269\" aria-describedby=\"caption-attachment-21269\" style=\"width: 800px\" class=\"wp-caption aligncenter\"><img loading=\"lazy\" decoding=\"async\" class=\"wp-image-21269 size-full\" src=\"https:\/\/mouldking.store\/wp-content\/uploads\/2021\/10\/MOC-52200-Tatooine-Mos-Eisley-Cantina-1-Star-Wars-by-MOCOPOLIS-MOC-FACTORY-3.jpg\" alt=\"MOC-52200 Tatooine Mos Eisley Cantina #1 Star Wars by MOCOPOLIS MOC FACTORY\" width=\"800\" height=\"800\" title=\"-\" srcset=\"https:\/\/mouldking.store\/wp-content\/uploads\/2021\/10\/MOC-52200-Tatooine-Mos-Eisley-Cantina-1-Star-Wars-by-MOCOPOLIS-MOC-FACTORY-3.jpg 800w, https:\/\/mouldking.store\/wp-content\/uploads\/2021\/10\/MOC-52200-Tatooine-Mos-Eisley-Cantina-1-Star-Wars-by-MOCOPOLIS-MOC-FACTORY-3-300x300.jpg 300w, https:\/\/mouldking.store\/wp-content\/uploads\/2021\/10\/MOC-52200-Tatooine-Mos-Eisley-Cantina-1-Star-Wars-by-MOCOPOLIS-MOC-FACTORY-3-768x768.jpg 768w, https:\/\/mouldking.store\/wp-content\/uploads\/2021\/10\/MOC-52200-Tatooine-Mos-Eisley-Cantina-1-Star-Wars-by-MOCOPOLIS-MOC-FACTORY-3-600x600.jpg 600w, https:\/\/mouldking.store\/wp-content\/uploads\/2021\/10\/MOC-52200-Tatooine-Mos-Eisley-Cantina-1-Star-Wars-by-MOCOPOLIS-MOC-FACTORY-3-150x150.jpg 150w\" sizes=\"(max-width: 800px) 100vw, 800px\" \/><figcaption id=\"caption-attachment-21269\" class=\"wp-caption-text\">MOC-52200 Tatooine Mos Eisley Cantina #1 Chi\u1ebfn tranh gi\u1eefa c\u00e1c v\u00ec sao c\u1ee7a MOCOPOLIS MOC FACTORY<\/figcaption><\/figure>\n<figure id=\"attachment_21268\" aria-describedby=\"caption-attachment-21268\" style=\"width: 800px\" class=\"wp-caption aligncenter\"><img loading=\"lazy\" decoding=\"async\" class=\"wp-image-21268 size-full\" src=\"https:\/\/mouldking.store\/wp-content\/uploads\/2021\/10\/MOC-52200-Tatooine-Mos-Eisley-Cantina-1-Star-Wars-by-MOCOPOLIS-MOC-FACTORY-2.jpg\" alt=\"MOC-52200 Tatooine Mos Eisley Cantina #1 Star Wars by MOCOPOLIS MOC FACTORY\" width=\"800\" height=\"800\" title=\"-\" srcset=\"https:\/\/mouldking.store\/wp-content\/uploads\/2021\/10\/MOC-52200-Tatooine-Mos-Eisley-Cantina-1-Star-Wars-by-MOCOPOLIS-MOC-FACTORY-2.jpg 800w, https:\/\/mouldking.store\/wp-content\/uploads\/2021\/10\/MOC-52200-Tatooine-Mos-Eisley-Cantina-1-Star-Wars-by-MOCOPOLIS-MOC-FACTORY-2-300x300.jpg 300w, https:\/\/mouldking.store\/wp-content\/uploads\/2021\/10\/MOC-52200-Tatooine-Mos-Eisley-Cantina-1-Star-Wars-by-MOCOPOLIS-MOC-FACTORY-2-768x768.jpg 768w, https:\/\/mouldking.store\/wp-content\/uploads\/2021\/10\/MOC-52200-Tatooine-Mos-Eisley-Cantina-1-Star-Wars-by-MOCOPOLIS-MOC-FACTORY-2-600x600.jpg 600w, https:\/\/mouldking.store\/wp-content\/uploads\/2021\/10\/MOC-52200-Tatooine-Mos-Eisley-Cantina-1-Star-Wars-by-MOCOPOLIS-MOC-FACTORY-2-150x150.jpg 150w\" sizes=\"(max-width: 800px) 100vw, 800px\" \/><figcaption id=\"caption-attachment-21268\" class=\"wp-caption-text\">MOC-52200 Tatooine Mos Eisley Cantina #1 Chi\u1ebfn tranh gi\u1eefa c\u00e1c v\u00ec sao c\u1ee7a MOCOPOLIS MOC FACTORY<\/figcaption><\/figure>\n<p>&nbsp;<\/p>","protected":false},"excerpt":{"rendered":"<ul>\n<li>Bao g\u1ed3m <strong>4298+<\/strong> chi\u1ebfc<\/li>\n<li>H\u01b0\u1edbng d\u1eabn PDF tr\u1ef1c tuy\u1ebfn<\/li>\n<li>Kh\u1ed1i ABS ch\u1ea5t l\u01b0\u1ee3ng cao<\/li>\n<\/ul>","protected":false},"featured_media":21266,"comment_status":"open","ping_status":"closed","template":"","meta":{"_acf_changed":false},"product_cat":[415],"product_tag":[],"class_list":["product","first","instock","shipping-taxable","purchasable","product-type-simple"],"acf":[],"_links":{"self":[{"href":"https:\/\/mouldking.store\/vi\/wp-json\/wp\/v2\/product\/21271","targetHints":{"allow":["GET"]}}],"collection":[{"href":"https:\/\/mouldking.store\/vi\/wp-json\/wp\/v2\/product"}],"about":[{"href":"https:\/\/mouldking.store\/vi\/wp-json\/wp\/v2\/types\/product"}],"replies":[{"embeddable":true,"href":"https:\/\/mouldking.store\/vi\/wp-json\/wp\/v2\/comments?post=21271"}],"wp:featuredmedia":[{"embeddable":true,"href":"https:\/\/mouldking.store\/vi\/wp-json\/wp\/v2\/media\/21266"}],"wp:attachment":[{"href":"https:\/\/mouldking.store\/vi\/wp-json\/wp\/v2\/media?parent=21271"}],"wp:term":[{"taxonomy":"product_cat","embeddable":true,"href":"https:\/\/mouldking.store\/vi\/wp-json\/wp\/v2\/product_cat?post=21271"},{"taxonomy":"product_tag","embeddable":true,"href":"https:\/\/mouldking.store\/vi\/wp-json\/wp\/v2\/product_tag?post=21271"}],"curies":[{"name":"wp","href":"https:\/\/api.w.org\/{rel}","templated":true}]}}