{"id":21306,"date":"2021-10-09T05:05:48","date_gmt":"2021-10-09T05:05:48","guid":{"rendered":"https:\/\/mouldking.store\/shop\/moc-90039-nasa-saturn-v-launch-umbilical-tower-crawler-transporter-moc-factory\/"},"modified":"2025-12-25T09:24:10","modified_gmt":"2025-12-25T02:24:10","slug":"moc-90039-nasa-saturn-v-launch-umbilical-tower-crawler-transporter-moc-factory","status":"publish","type":"product","link":"https:\/\/mouldking.store\/vi\/shop\/moc-90039-nasa-saturn-v-launch-umbilical-tower-crawler-transporter-moc-factory\/","title":{"rendered":"MOC-90039 NASA Ph\u00f3ng Th\u00e1p R\u1ed1n Saturn-V + Xe v\u1eadn chuy\u1ec3n b\u00e1nh x\u00edch MOC FACTORY"},"content":{"rendered":"<p style=\"text-align: left\">MOC-90039 NASA Saturn-V Launch Tower R\u1ed1n + Crawler-Transporter MOC FACTORY l\u00e0 m\u1ed9t b\u1ed9 trong b\u1ed9 s\u01b0u t\u1eadp Kh\u00f4ng gian. MOC 90039 n\u00e0y \u0111i k\u00e8m v\u1edbi h\u01b0\u1edbng d\u1eabn PDF gi\u00fap d\u1ec5 d\u00e0ng t\u1ea1o v\u00e0 t\u00ecm c\u00e1c ph\u1ea7n c\u00f2n thi\u1ebfu. B\u1ed9 g\u1ed3m 3073 mi\u1ebfng, ph\u00e1t h\u00e0nh l\u1ea7n \u0111\u1ea7u v\u00e0o n\u0103m 2020.<\/p>\n<p><a href=\"https:\/\/pay.lpwstore.com\/wp-content\/uploads\/2020\/11\/MOC-90039-NASA-Saturn-V-Launch-Umbilical-Tower-Crawler-Transporter-MOC-FACTORY.jpg\" target=\"_blank\" rel=\"noopener\"><img fetchpriority=\"high\" decoding=\"async\" class=\"aligncenter wp-image-197327 size-full\" title=\"MOC-90039 NASA Ph\u00f3ng Th\u00e1p R\u1ed1n Saturn-V + Xe v\u1eadn chuy\u1ec3n b\u00e1nh x\u00edch MOC FACTORY\" src=\"https:\/\/pay.lpwstore.com\/wp-content\/uploads\/2020\/11\/MOC-90039-NASA-Saturn-V-Launch-Umbilical-Tower-Crawler-Transporter-MOC-FACTORY.jpg\" alt=\"MOC-90039 NASA Saturn-V Launch Umbilical Tower + Crawler-Transporter MOC FACTORY\" width=\"800\" height=\"800\" \/><\/a> <img decoding=\"async\" class=\"alignnone size-full wp-image-197328 aligncenter\" src=\"https:\/\/pay.lpwstore.com\/wp-content\/uploads\/2020\/11\/MOC-90039-NASA-Saturn-V-Launch-Umbilical-Tower-Crawler-Transporter-MOC-FACTORY-2.jpg\" alt=\"MOC-90039-NASA-Saturn-V-Launch-Umbilical-Tower-+-Crawler-Transporter-MOC-FACTORY-2\" width=\"800\" height=\"800\" title=\"-\"><\/p>","protected":false},"excerpt":{"rendered":"<ul>\n<li>Bao g\u1ed3m <strong>3073+<\/strong> chi\u1ebfc<\/li>\n<li>H\u01b0\u1edbng d\u1eabn PDF tr\u1ef1c tuy\u1ebfn<\/li>\n<li>Kh\u1ed1i ABS ch\u1ea5t l\u01b0\u1ee3ng cao<\/li>\n<\/ul>","protected":false},"featured_media":21304,"comment_status":"open","ping_status":"closed","template":"","meta":{"_acf_changed":false},"product_cat":[371],"product_tag":[],"class_list":["product","first","instock","shipping-taxable","purchasable","product-type-simple"],"acf":[],"_links":{"self":[{"href":"https:\/\/mouldking.store\/vi\/wp-json\/wp\/v2\/product\/21306","targetHints":{"allow":["GET"]}}],"collection":[{"href":"https:\/\/mouldking.store\/vi\/wp-json\/wp\/v2\/product"}],"about":[{"href":"https:\/\/mouldking.store\/vi\/wp-json\/wp\/v2\/types\/product"}],"replies":[{"embeddable":true,"href":"https:\/\/mouldking.store\/vi\/wp-json\/wp\/v2\/comments?post=21306"}],"wp:featuredmedia":[{"embeddable":true,"href":"https:\/\/mouldking.store\/vi\/wp-json\/wp\/v2\/media\/21304"}],"wp:attachment":[{"href":"https:\/\/mouldking.store\/vi\/wp-json\/wp\/v2\/media?parent=21306"}],"wp:term":[{"taxonomy":"product_cat","embeddable":true,"href":"https:\/\/mouldking.store\/vi\/wp-json\/wp\/v2\/product_cat?post=21306"},{"taxonomy":"product_tag","embeddable":true,"href":"https:\/\/mouldking.store\/vi\/wp-json\/wp\/v2\/product_tag?post=21306"}],"curies":[{"name":"wp","href":"https:\/\/api.w.org\/{rel}","templated":true}]}}