{"id":21402,"date":"2021-10-09T05:07:30","date_gmt":"2021-10-09T05:07:30","guid":{"rendered":"https:\/\/mouldking.store\/shop\/moc-54560-walking-at-te-star-wars-by-jkbrickworks-moc-factory\/"},"modified":"2025-12-25T09:24:05","modified_gmt":"2025-12-25T02:24:05","slug":"moc-54560-walking-at-te-star-wars-by-jkbrickworks-moc-factory","status":"publish","type":"product","link":"https:\/\/mouldking.store\/vi\/shop\/moc-54560-walking-at-te-star-wars-by-jkbrickworks-moc-factory\/","title":{"rendered":"MOC-54560 Walking AT-TE Star Wars c\u1ee7a JKBrickworks MOC FACTORY"},"content":{"rendered":"<p style=\"text-align: left\">MOC-54560 Walking AT-TE Star Wars c\u1ee7a JKBrickworks MOC FACTORY l\u00e0 m\u1ed9t b\u1ed1i c\u1ea3nh trong b\u1ed9 s\u01b0u t\u1eadp Star Wars, \u0111\u01b0\u1ee3c thi\u1ebft k\u1ebf b\u1edfi JKBrickworks. MOC 54560 n\u00e0y \u0111i k\u00e8m v\u1edbi h\u01b0\u1edbng d\u1eabn PDF gi\u00fap d\u1ec5 d\u00e0ng t\u1ea1o v\u00e0 t\u00ecm c\u00e1c ph\u1ea7n c\u00f2n thi\u1ebfu. B\u1ed9 g\u1ed3m 556 mi\u1ebfng, ph\u00e1t h\u00e0nh l\u1ea7n \u0111\u1ea7u v\u00e0o n\u0103m 2020.<\/p>\n<figure id=\"attachment_197871\" aria-describedby=\"caption-attachment-197871\" style=\"width: 800px\" class=\"wp-caption aligncenter\"><a href=\"https:\/\/pay.lpwstore.com\/wp-content\/uploads\/2020\/11\/MOC-54560-Walking-AT-TE-Star-Wars-by-JKBrickworks-MOC-FACTORY.jpg\" target=\"_blank\" rel=\"noopener\"><img fetchpriority=\"high\" decoding=\"async\" class=\"wp-image-197871 size-full\" title=\"MOC-54560 Walking AT-TE Star Wars c\u1ee7a JKBrickworks MOC FACTORY\" src=\"https:\/\/pay.lpwstore.com\/wp-content\/uploads\/2020\/11\/MOC-54560-Walking-AT-TE-Star-Wars-by-JKBrickworks-MOC-FACTORY.jpg\" alt=\"MOC-54560 Walking AT-TE Star Wars by JKBrickworks MOC FACTORY\" width=\"800\" height=\"800\" \/><\/a><figcaption id=\"caption-attachment-197871\" class=\"wp-caption-text\">MOC-54560 Walking AT-TE Star Wars c\u1ee7a JKBrickworks MOC FACTORY<\/figcaption><\/figure>\n<p><img decoding=\"async\" class=\"alignnone size-full wp-image-197872 aligncenter\" src=\"https:\/\/pay.lpwstore.com\/wp-content\/uploads\/2020\/11\/MOC-54560-Walking-AT-TE-Star-Wars-by-JKBrickworks-MOC-FACTORY-2.jpg\" alt=\"MOC-54560-Walking-AT-TE-Star-Wars-by-JKBrickworks-MOC-FACTORY-2\" width=\"800\" height=\"800\" title=\"-\"> <img decoding=\"async\" class=\"alignnone size-full wp-image-197873 aligncenter\" src=\"https:\/\/pay.lpwstore.com\/wp-content\/uploads\/2020\/11\/MOC-54560-Walking-AT-TE-Star-Wars-by-JKBrickworks-MOC-FACTORY-3.jpg\" alt=\"MOC-54560-Walking-AT-TE-Star-Wars-by-JKBrickworks-MOC-FACTORY-3\" width=\"800\" height=\"800\" title=\"-\"><\/p>","protected":false},"excerpt":{"rendered":"<ul>\n<li>Bao g\u1ed3m <strong>556+<\/strong> chi\u1ebfc<\/li>\n<li>H\u01b0\u1edbng d\u1eabn PDF tr\u1ef1c tuy\u1ebfn<\/li>\n<li>Kh\u1ed1i ABS ch\u1ea5t l\u01b0\u1ee3ng cao<\/li>\n<\/ul>","protected":false},"featured_media":21399,"comment_status":"open","ping_status":"closed","template":"","meta":{"_acf_changed":false},"product_cat":[415],"product_tag":[],"class_list":["product","first","instock","shipping-taxable","purchasable","product-type-simple"],"acf":[],"_links":{"self":[{"href":"https:\/\/mouldking.store\/vi\/wp-json\/wp\/v2\/product\/21402","targetHints":{"allow":["GET"]}}],"collection":[{"href":"https:\/\/mouldking.store\/vi\/wp-json\/wp\/v2\/product"}],"about":[{"href":"https:\/\/mouldking.store\/vi\/wp-json\/wp\/v2\/types\/product"}],"replies":[{"embeddable":true,"href":"https:\/\/mouldking.store\/vi\/wp-json\/wp\/v2\/comments?post=21402"}],"wp:featuredmedia":[{"embeddable":true,"href":"https:\/\/mouldking.store\/vi\/wp-json\/wp\/v2\/media\/21399"}],"wp:attachment":[{"href":"https:\/\/mouldking.store\/vi\/wp-json\/wp\/v2\/media?parent=21402"}],"wp:term":[{"taxonomy":"product_cat","embeddable":true,"href":"https:\/\/mouldking.store\/vi\/wp-json\/wp\/v2\/product_cat?post=21402"},{"taxonomy":"product_tag","embeddable":true,"href":"https:\/\/mouldking.store\/vi\/wp-json\/wp\/v2\/product_tag?post=21402"}],"curies":[{"name":"wp","href":"https:\/\/api.w.org\/{rel}","templated":true}]}}