{"id":21404,"date":"2021-10-09T05:07:33","date_gmt":"2021-10-09T05:07:33","guid":{"rendered":"https:\/\/mouldking.store\/shop\/moc-53096-t-34-85-rc-tank-with-shooting-mechanism-military-by-zackhariahm-moc-factory\/"},"modified":"2025-12-25T09:24:04","modified_gmt":"2025-12-25T02:24:04","slug":"moc-53096-t-34-85-rc-tank-with-shooting-mechanism-military-by-zackhariahm-moc-factory","status":"publish","type":"product","link":"https:\/\/mouldking.store\/vi\/shop\/moc-53096-t-34-85-rc-tank-with-shooting-mechanism-military-by-zackhariahm-moc-factory\/","title":{"rendered":"MOC-53096 Xe t\u0103ng RC T-34\/85 v\u1edbi c\u01a1 ch\u1ebf b\u1eafn Qu\u00e2n s\u1ef1 c\u1ee7a zackhariahm MOC FACTORY"},"content":{"rendered":"<p><span style=\"font-weight: 400;\"><b>MOC-53096 Xe t\u0103ng RC T-34\/85 v\u1edbi c\u01a1 ch\u1ebf b\u1eafn c\u1ee7a zackhariahm MOC FACTORY <\/b>l\u00e0 m\u1ed9t t\u1eadp h\u1ee3p trong <\/span><span style=\"font-weight: 400;\"><b>Qu\u00e2n \u0111\u1ed9i <\/b><\/span><span style=\"font-weight: 400;\">b\u1ed9 s\u01b0u t\u1eadp. C\u00e1i n\u00e0y <b>MOC-53096<\/b><strong style=\"font-weight: 400;\">\u00a0<\/strong><\/span><span style=\"font-weight: 400;\">\u0111i k\u00e8m v\u1edbi h\u01b0\u1edbng d\u1eabn PDF, d\u1ec5 x\u00e2y d\u1ef1ng v\u00e0 t\u00ecm c\u00e1c ph\u1ea7n c\u00f2n thi\u1ebfu. B\u1ed9 g\u1ed3m 1425 mi\u1ebfng, ph\u00e1t h\u00e0nh l\u1ea7n \u0111\u1ea7u v\u00e0o n\u0103m 2020.<\/span><\/p>\n<figure id=\"attachment_197879\" class=\"wp-caption aligncenter\" style=\"width: 800px;\" aria-describedby=\"caption-attachment-197879\"><a href=\"https:\/\/pay.lpwstore.com\/wp-content\/uploads\/2020\/11\/MOC-53096-1.jpg\" target=\"_blank\" rel=\"noopener\"><img fetchpriority=\"high\" decoding=\"async\" class=\"wp-image-197879 size-full\" title=\"MOC-53096 Xe t\u0103ng RC T-34\/85 v\u1edbi c\u01a1 ch\u1ebf b\u1eafn Qu\u00e2n s\u1ef1 c\u1ee7a zackhariahm MOC FACTORY\" src=\"https:\/\/pay.lpwstore.com\/wp-content\/uploads\/2020\/11\/MOC-53096-1.jpg\" alt=\"MOC-53096 T-34\/85 RC Tank With Shooting Mechanism Military by zackhariahm MOC FACTORY\" width=\"800\" height=\"800\" \/><\/a><figcaption id=\"caption-attachment-197879\" class=\"wp-caption-text\">MOC-53096 Xe t\u0103ng RC T-34\/85 v\u1edbi c\u01a1 ch\u1ebf b\u1eafn Qu\u00e2n s\u1ef1 c\u1ee7a zackhariahm MOC FACTORY<\/figcaption><\/figure>","protected":false},"excerpt":{"rendered":"<ul>\n<li><span style=\"font-weight: 400;\">Bao g\u1ed3m <\/span><b>1425+<\/b><span style=\"font-weight: 400;\"> chi\u1ebfc<\/span><\/li>\n<li><span style=\"font-weight: 400;\">H\u01b0\u1edbng d\u1eabn PDF tr\u1ef1c tuy\u1ebfn<\/span><\/li>\n<li><span style=\"font-weight: 400;\">Kh\u1ed1i ABS ch\u1ea5t l\u01b0\u1ee3ng cao<\/span><\/li>\n<\/ul>","protected":false},"featured_media":21403,"comment_status":"open","ping_status":"closed","template":"","meta":{"_acf_changed":false},"product_cat":[372],"product_tag":[],"class_list":["product","first","outofstock","shipping-taxable","purchasable","product-type-simple"],"acf":[],"_links":{"self":[{"href":"https:\/\/mouldking.store\/vi\/wp-json\/wp\/v2\/product\/21404","targetHints":{"allow":["GET"]}}],"collection":[{"href":"https:\/\/mouldking.store\/vi\/wp-json\/wp\/v2\/product"}],"about":[{"href":"https:\/\/mouldking.store\/vi\/wp-json\/wp\/v2\/types\/product"}],"replies":[{"embeddable":true,"href":"https:\/\/mouldking.store\/vi\/wp-json\/wp\/v2\/comments?post=21404"}],"wp:featuredmedia":[{"embeddable":true,"href":"https:\/\/mouldking.store\/vi\/wp-json\/wp\/v2\/media\/21403"}],"wp:attachment":[{"href":"https:\/\/mouldking.store\/vi\/wp-json\/wp\/v2\/media?parent=21404"}],"wp:term":[{"taxonomy":"product_cat","embeddable":true,"href":"https:\/\/mouldking.store\/vi\/wp-json\/wp\/v2\/product_cat?post=21404"},{"taxonomy":"product_tag","embeddable":true,"href":"https:\/\/mouldking.store\/vi\/wp-json\/wp\/v2\/product_tag?post=21404"}],"curies":[{"name":"wp","href":"https:\/\/api.w.org\/{rel}","templated":true}]}}