{"id":21421,"date":"2021-10-09T05:07:52","date_gmt":"2021-10-08T22:07:52","guid":{"rendered":"https:\/\/mouldking.store\/shop\/moc-49155-eldorado-fortress-pirates-of-barracuda-bay-modular-buildings-by-zeradman-moc-factory\/"},"modified":"2025-12-25T09:24:04","modified_gmt":"2025-12-25T02:24:04","slug":"moc-49155-eldorado-fortress-pirates-of-barracuda-bay-modular-buildings-by-zeradman-moc-factory","status":"publish","type":"product","link":"https:\/\/mouldking.store\/vi\/shop\/moc-49155-eldorado-fortress-pirates-of-barracuda-bay-modular-buildings-by-zeradman-moc-factory\/","title":{"rendered":"MOC-49155 Eldorado Fortress &#8211; Pirates Of Barracuda Bay Modular Buildings by ZeRadman MOC FACTORY"},"content":{"rendered":"<p><span style=\"font-weight: 400\"><strong>MOC-49155 Eldorado Fortress &#8211; Pirates Of Barracuda Bay Modular Building by ZeRadman MOC FACTORY<\/strong> l\u00e0 m\u1ed9t b\u1ed9 trong T\u00f2a nh\u00e0 m\u00f4-\u0111un <\/span><span style=\"font-weight: 400\">b\u1ed9 s\u01b0u t\u1eadp. C\u00e1i n\u00e0y <strong>M\u1ed8C<\/strong> <\/span><span style=\"font-weight: 400\"><b>49155 <\/b><\/span><span style=\"font-weight: 400\">comes with PDF instruction which is easy to build and find the missing pieces. The set contains 4982 pieces, first released in 2020.<\/span><\/p>\n<figure id=\"attachment_197905\" aria-describedby=\"caption-attachment-197905\" style=\"width: 800px\" class=\"wp-caption aligncenter\"><a href=\"https:\/\/pay.lpwstore.com\/wp-content\/uploads\/2020\/11\/MOC-49155.jpg\" target=\"_blank\" rel=\"noopener\"><img fetchpriority=\"high\" decoding=\"async\" class=\"wp-image-197905 size-full\" title=\"MOC-49155 Eldorado Fortress - Pirates Of Barracuda Bay Modular Buildings by ZeRadman MOC FACTORY\" src=\"https:\/\/pay.lpwstore.com\/wp-content\/uploads\/2020\/11\/MOC-49155.jpg\" alt=\"MOC-49155 Eldorado Fortress - Pirates Of Barracuda Bay Modular Buildings by ZeRadman MOC FACTORY\" width=\"800\" height=\"800\" \/><\/a><figcaption id=\"caption-attachment-197905\" class=\"wp-caption-text\">MOC-49155 Eldorado Fortress &#8211; Pirates Of Barracuda Bay Modular Buildings by ZeRadman MOC FACTORY<\/figcaption><\/figure>\n<p><img decoding=\"async\" class=\"size-full wp-image-197903 aligncenter\" src=\"https:\/\/pay.lpwstore.com\/wp-content\/uploads\/2020\/11\/MOC-49155-2.jpg\" alt=\"MOC-49155 Eldorado Fortress - Pirates Of Barracuda Bay Modular Buildings by ZeRadman MOC FACTORY\" width=\"1000\" height=\"1000\" title=\"-\"> <img decoding=\"async\" class=\"size-full wp-image-197901 aligncenter\" src=\"https:\/\/pay.lpwstore.com\/wp-content\/uploads\/2020\/11\/MOC-49155-4.jpg\" alt=\"MOC-49155 Eldorado Fortress - Pirates Of Barracuda Bay Modular Buildings by ZeRadman MOC FACTORY\" width=\"1000\" height=\"1000\" title=\"-\"><\/p>","protected":false},"excerpt":{"rendered":"<ul>\n<li><span style=\"font-weight: 400\">Bao g\u1ed3m <\/span><b>4982+<\/b><span style=\"font-weight: 400\"> chi\u1ebfc<\/span><\/li>\n<li><span style=\"font-weight: 400\">H\u01b0\u1edbng d\u1eabn PDF tr\u1ef1c tuy\u1ebfn<\/span><\/li>\n<li><span style=\"font-weight: 400\">Kh\u1ed1i ABS ch\u1ea5t l\u01b0\u1ee3ng cao<\/span><\/li>\n<\/ul>","protected":false},"featured_media":21415,"comment_status":"open","ping_status":"closed","template":"","meta":{"_acf_changed":false},"product_cat":[390],"product_tag":[],"class_list":["product","first","instock","shipping-taxable","purchasable","product-type-simple"],"acf":[],"_links":{"self":[{"href":"https:\/\/mouldking.store\/vi\/wp-json\/wp\/v2\/product\/21421","targetHints":{"allow":["GET"]}}],"collection":[{"href":"https:\/\/mouldking.store\/vi\/wp-json\/wp\/v2\/product"}],"about":[{"href":"https:\/\/mouldking.store\/vi\/wp-json\/wp\/v2\/types\/product"}],"replies":[{"embeddable":true,"href":"https:\/\/mouldking.store\/vi\/wp-json\/wp\/v2\/comments?post=21421"}],"wp:featuredmedia":[{"embeddable":true,"href":"https:\/\/mouldking.store\/vi\/wp-json\/wp\/v2\/media\/21415"}],"wp:attachment":[{"href":"https:\/\/mouldking.store\/vi\/wp-json\/wp\/v2\/media?parent=21421"}],"wp:term":[{"taxonomy":"product_cat","embeddable":true,"href":"https:\/\/mouldking.store\/vi\/wp-json\/wp\/v2\/product_cat?post=21421"},{"taxonomy":"product_tag","embeddable":true,"href":"https:\/\/mouldking.store\/vi\/wp-json\/wp\/v2\/product_tag?post=21421"}],"curies":[{"name":"wp","href":"https:\/\/api.w.org\/{rel}","templated":true}]}}